{"id":62353,"date":"2025-05-21T09:15:32","date_gmt":"2025-05-21T09:15:32","guid":{"rendered":"https:\/\/www.multifrigo.pl\/sklep\/produkt\/szatkownica-cl60-z-dwoma-podajnikami-tarcz-15-kw-robot-coupe-713600\/"},"modified":"2026-02-17T12:16:25","modified_gmt":"2026-02-17T12:16:25","slug":"szatkownica-cl60-z-dwoma-podajnikami-tarcz-15-kw-robot-coupe-713600","status":"publish","type":"product","link":"https:\/\/www.multifrigo.pl\/sklep\/produkt\/szatkownica-cl60-z-dwoma-podajnikami-tarcz-15-kw-robot-coupe-713600\/","title":{"rendered":"Szatkownica CL60 z dwoma podajnikami tarcz 1,5 kW | Robot Coupe 713600"},"content":{"rendered":"<p><b>Szatkownica CL60 z dwoma podajnikami tarcz 1,5 kW<\/b><br \/>\n<LI>polecana do przetw\u00f3rni owocowo-warzywnych, garma\u017cerii, zak\u0142ad\u00f3w produkcyjnych w przemy\u015ble rolno-spo\u017cywczym  <LI>asynchroniczny silnik  <LI>zesp\u00f3\u0142 silnikowy wykonany ze stali nierdzewnej  <LI>magnetyczny system bezpiecze\u0144stwa i hamulec silnikowy  <LI>grawitacyjny otw\u00f3r wsadowy  <LI>w komplecie ruchoma podstawa ze stali nierdzewnej  <LI>polecany zestaw tarcz: plastry 2mm, plastry 5mm, wi\u00f3rki 1.5mm, s\u0142upki 2x10mm, zestaw do kostki (tarcza tn\u0105ca 10mm + siatka 10x10mm) &#8211; 714198  <LI>otw\u00f3r wsadowy 227 cm2 z wmontowanym podajnikiem cylindrycznym O 58 mm  <LI>dwa podajniki w komplecie  <LI>podajnik z popychaczem specjalnie przystosowany do du\u017cych warzyw takich jak kapusta czy seler  <LI>podajnik grawitacyjny przeznaczony do wszystkich warzyw przetwarzanych w du\u017cych ilo\u015bciach np: pomidory, cebula, ziemniaki  <\/p>\n","protected":false},"excerpt":{"rendered":"<p><b>Szatkownica CL60 z dwoma podajnikami tarcz 1,5 kW<\/b><\/p>\n","protected":false},"featured_media":28728,"template":"","meta":{"_et_pb_use_builder":"","_et_pb_old_content":"","_et_gb_content_width":""},"pwb-brand":[1028],"product_brand":[],"product_cat":[655],"product_tag":[],"class_list":{"0":"post-62353","1":"product","2":"type-product","3":"status-publish","4":"has-post-thumbnail","6":"pwb-brand-robot-coupe","7":"product_cat-szatkownice-do-warzyw","9":"first","10":"instock","11":"taxable","12":"shipping-taxable","13":"purchasable","14":"product-type-simple"},"brands":[{"id":1028,"name":"Robot Coupe","slug":"robot-coupe"}],"_links":{"self":[{"href":"https:\/\/www.multifrigo.pl\/sklep\/wp-json\/wp\/v2\/product\/62353","targetHints":{"allow":["GET"]}}],"collection":[{"href":"https:\/\/www.multifrigo.pl\/sklep\/wp-json\/wp\/v2\/product"}],"about":[{"href":"https:\/\/www.multifrigo.pl\/sklep\/wp-json\/wp\/v2\/types\/product"}],"wp:featuredmedia":[{"embeddable":true,"href":"https:\/\/www.multifrigo.pl\/sklep\/wp-json\/wp\/v2\/media\/28728"}],"wp:attachment":[{"href":"https:\/\/www.multifrigo.pl\/sklep\/wp-json\/wp\/v2\/media?parent=62353"}],"wp:term":[{"taxonomy":"pwb-brand","embeddable":true,"href":"https:\/\/www.multifrigo.pl\/sklep\/wp-json\/wp\/v2\/pwb-brand?post=62353"},{"taxonomy":"product_brand","embeddable":true,"href":"https:\/\/www.multifrigo.pl\/sklep\/wp-json\/wp\/v2\/product_brand?post=62353"},{"taxonomy":"product_cat","embeddable":true,"href":"https:\/\/www.multifrigo.pl\/sklep\/wp-json\/wp\/v2\/product_cat?post=62353"},{"taxonomy":"product_tag","embeddable":true,"href":"https:\/\/www.multifrigo.pl\/sklep\/wp-json\/wp\/v2\/product_tag?post=62353"}],"curies":[{"name":"wp","href":"https:\/\/api.w.org\/{rel}","templated":true}]}}