{"id":62355,"date":"2025-05-21T09:21:20","date_gmt":"2025-05-21T09:21:20","guid":{"rendered":"https:\/\/www.multifrigo.pl\/sklep\/produkt\/podajnik-zasobnik-do-ziemniakow-robot-coupe-714196\/"},"modified":"2026-02-17T12:16:21","modified_gmt":"2026-02-17T12:16:21","slug":"podajnik-zasobnik-do-ziemniakow-robot-coupe-714196","status":"publish","type":"product","link":"https:\/\/www.multifrigo.pl\/sklep\/produkt\/podajnik-zasobnik-do-ziemniakow-robot-coupe-714196\/","title":{"rendered":"Podajnik, zasobnik do ziemniak\u00f3w | Robot Coupe 714196"},"content":{"rendered":"<p><b>Podajnik, zasobnik do ziemniak\u00f3w<\/b><br \/>\n<LI>u\u0142atwia krojenie ziemniak\u00f3w na frytki  <LI>specjalna konstrukcja zapewnia ca\u0142kowite wykorzystanie ziemniaka podczas krojenia  <LI>pasuje tylko do modeli z serii CL50 i R502  <\/p>\n","protected":false},"excerpt":{"rendered":"<p><b>Podajnik, zasobnik do ziemniak\u00f3w<\/b><\/p>\n","protected":false},"featured_media":28871,"template":"","meta":{"_et_pb_use_builder":"","_et_pb_old_content":"","_et_gb_content_width":""},"pwb-brand":[1028],"product_brand":[],"product_cat":[655],"product_tag":[],"class_list":{"0":"post-62355","1":"product","2":"type-product","3":"status-publish","4":"has-post-thumbnail","6":"pwb-brand-robot-coupe","7":"product_cat-szatkownice-do-warzyw","9":"first","10":"instock","11":"taxable","12":"shipping-taxable","13":"purchasable","14":"product-type-simple"},"brands":[{"id":1028,"name":"Robot Coupe","slug":"robot-coupe"}],"_links":{"self":[{"href":"https:\/\/www.multifrigo.pl\/sklep\/wp-json\/wp\/v2\/product\/62355","targetHints":{"allow":["GET"]}}],"collection":[{"href":"https:\/\/www.multifrigo.pl\/sklep\/wp-json\/wp\/v2\/product"}],"about":[{"href":"https:\/\/www.multifrigo.pl\/sklep\/wp-json\/wp\/v2\/types\/product"}],"wp:featuredmedia":[{"embeddable":true,"href":"https:\/\/www.multifrigo.pl\/sklep\/wp-json\/wp\/v2\/media\/28871"}],"wp:attachment":[{"href":"https:\/\/www.multifrigo.pl\/sklep\/wp-json\/wp\/v2\/media?parent=62355"}],"wp:term":[{"taxonomy":"pwb-brand","embeddable":true,"href":"https:\/\/www.multifrigo.pl\/sklep\/wp-json\/wp\/v2\/pwb-brand?post=62355"},{"taxonomy":"product_brand","embeddable":true,"href":"https:\/\/www.multifrigo.pl\/sklep\/wp-json\/wp\/v2\/product_brand?post=62355"},{"taxonomy":"product_cat","embeddable":true,"href":"https:\/\/www.multifrigo.pl\/sklep\/wp-json\/wp\/v2\/product_cat?post=62355"},{"taxonomy":"product_tag","embeddable":true,"href":"https:\/\/www.multifrigo.pl\/sklep\/wp-json\/wp\/v2\/product_tag?post=62355"}],"curies":[{"name":"wp","href":"https:\/\/api.w.org\/{rel}","templated":true}]}}