{"id":62554,"date":"2025-05-23T13:17:17","date_gmt":"2025-05-23T13:17:17","guid":{"rendered":"https:\/\/www.multifrigo.pl\/sklep\/produkt\/szafa-chlodnicza-zapleczowa-drzwi-skrzydlowe-4kl-sch-z-725-ag-2n-rapa\/"},"modified":"2025-09-08T08:46:19","modified_gmt":"2025-09-08T08:46:19","slug":"szafa-chlodnicza-zapleczowa-drzwi-skrzydlowe-4kl-sch-z-725-ag-2n-rapa","status":"publish","type":"product","link":"https:\/\/www.multifrigo.pl\/sklep\/produkt\/szafa-chlodnicza-zapleczowa-drzwi-skrzydlowe-4kl-sch-z-725-ag-2n-rapa\/","title":{"rendered":"Szafa ch\u0142odnicza zapleczowa, drzwi skrzyd\u0142owe 4kl. SCh-Z 725\/AG\/2N | RAPA"},"content":{"rendered":"<p><b>Szafa ch\u0142odnicza zapleczowa, drzwi skrzyd\u0142owe 4kl. SCh-Z 725\/AG\/2N<\/b><\/p>\n<li>Agregat wewn\u0119trzny zasilany ekologicznym czynnikiem R-290<\/li>\n<li>4 klasa klimatyczna<\/li>\n<li>Ch\u0142odzenie grawitacyjne<\/li>\n<li>Elektroniczny regulator temperatury z wy\u015bwietlaczem od strony obs\u0142ugi<\/li>\n<li>Drzwi stalowe, skrzyd\u0142owe<\/li>\n<li>Dno komory przechowalniczej ze stali nierdzewnej &#8222;lustro&#8221;<\/li>\n<li>Nogi regulowane<\/li>\n<li>System automatycznego odparowania skroplin<\/li>\n<li>Korpus wykonany ze stali nierdzewnej &#8222;szlif&#8221;<\/li>\n<li>\u015aciany komory ze stali nierdzewnej &#8222;lustro&#8221;<\/li>\n<li>Komplet p\u00f3\u0142ek plastyfikowanych, standardowych wraz ze wspornikami &#8211; 5 szt.<\/li>\n","protected":false},"excerpt":{"rendered":"<p>Szafa ch\u0142odnicza zapleczowa, drzwi skrzyd\u0142owe 4kl. SCh-Z 725\/AG\/2N Agregat wewn\u0119trzny zasilany ekologicznym czynnikiem R-290 4 klasa klimatyczna Ch\u0142odzenie grawitacyjne Elektroniczny regulator temperatury z wy\u015bwietlaczem od strony obs\u0142ugi Drzwi stalowe, skrzyd\u0142owe Dno komory przechowalniczej ze stali nierdzewnej &#8222;lustro&#8221; Nogi regulowane System automatycznego odparowania skroplin Korpus wykonany ze stali nierdzewnej &#8222;szlif&#8221; \u015aciany komory ze stali nierdzewnej &#8222;lustro&#8221; [&hellip;]<\/p>\n","protected":false},"featured_media":31106,"template":"","meta":{"_et_pb_use_builder":"","_et_pb_old_content":"","_et_gb_content_width":""},"pwb-brand":[1208],"product_brand":[],"product_cat":[518],"product_tag":[],"class_list":{"0":"post-62554","1":"product","2":"type-product","3":"status-publish","4":"has-post-thumbnail","6":"pwb-brand-rapa","7":"product_cat-szafy-chlodnicze","9":"first","10":"instock","11":"taxable","12":"shipping-taxable","13":"purchasable","14":"product-type-simple"},"brands":[{"id":1208,"name":"RAPA","slug":"rapa"}],"_links":{"self":[{"href":"https:\/\/www.multifrigo.pl\/sklep\/wp-json\/wp\/v2\/product\/62554","targetHints":{"allow":["GET"]}}],"collection":[{"href":"https:\/\/www.multifrigo.pl\/sklep\/wp-json\/wp\/v2\/product"}],"about":[{"href":"https:\/\/www.multifrigo.pl\/sklep\/wp-json\/wp\/v2\/types\/product"}],"wp:featuredmedia":[{"embeddable":true,"href":"https:\/\/www.multifrigo.pl\/sklep\/wp-json\/wp\/v2\/media\/31106"}],"wp:attachment":[{"href":"https:\/\/www.multifrigo.pl\/sklep\/wp-json\/wp\/v2\/media?parent=62554"}],"wp:term":[{"taxonomy":"pwb-brand","embeddable":true,"href":"https:\/\/www.multifrigo.pl\/sklep\/wp-json\/wp\/v2\/pwb-brand?post=62554"},{"taxonomy":"product_brand","embeddable":true,"href":"https:\/\/www.multifrigo.pl\/sklep\/wp-json\/wp\/v2\/product_brand?post=62554"},{"taxonomy":"product_cat","embeddable":true,"href":"https:\/\/www.multifrigo.pl\/sklep\/wp-json\/wp\/v2\/product_cat?post=62554"},{"taxonomy":"product_tag","embeddable":true,"href":"https:\/\/www.multifrigo.pl\/sklep\/wp-json\/wp\/v2\/product_tag?post=62554"}],"curies":[{"name":"wp","href":"https:\/\/api.w.org\/{rel}","templated":true}]}}