{"id":62581,"date":"2025-05-23T13:19:53","date_gmt":"2025-05-23T13:19:53","guid":{"rendered":"https:\/\/www.multifrigo.pl\/sklep\/produkt\/witryna-cukiernicza-neutralna-c-an-102-89-rapa\/"},"modified":"2025-09-08T08:48:00","modified_gmt":"2025-09-08T08:48:00","slug":"witryna-cukiernicza-neutralna-c-an-102-89-rapa","status":"publish","type":"product","link":"https:\/\/www.multifrigo.pl\/sklep\/produkt\/witryna-cukiernicza-neutralna-c-an-102-89-rapa\/","title":{"rendered":"Witryna cukiernicza neutralna C-AN 102\/89 | RAPA"},"content":{"rendered":"<p><b>Witryna cukiernicza neutralna C-AN 102\/89<\/b><\/p>\n<li>Dodatkowy wewn\u0119trzny blat szklany<\/li>\n<li>Drzwi rozsuwane z szyb zespolonych, niskoemisyjnych<\/li>\n<li>O\u015bwietlenie LED ka\u017cdej p\u00f3\u0142ki i blatu<\/li>\n<li>Szyba czo\u0142owa prosta, pionowa, uchylna, z ogranicznikiem na lince<\/li>\n<li>Szyby zewn\u0119trzne, blat i p\u00f3\u0142ki szklane hartowane<\/li>\n<li>Nogi regulowane<\/li>\n<li>Pod\u015bwietlany sp\u00f3d urz\u0105dzenia<\/li>\n<li>Os\u0142ona ze szk\u0142a izoluj\u0105ca szklany daszek witryny<\/li>\n<li>Mo\u017cliwo\u015b\u0107 demonta\u017cu szyb bez u\u017cycia narz\u0119dzi: boki, daszek i p\u00f3\u0142ki (z wyj\u0105tkiem drzwi i szyby czo\u0142owej)<\/li>\n<li>Zabudowa z p\u0142yty meblowej &#8211; wyb\u00f3r dekor\u00f3w ze wzornika RAPA<\/li>\n","protected":false},"excerpt":{"rendered":"<p>Witryna cukiernicza neutralna C-AN 102\/89 Dodatkowy wewn\u0119trzny blat szklany Drzwi rozsuwane z szyb zespolonych, niskoemisyjnych O\u015bwietlenie LED ka\u017cdej p\u00f3\u0142ki i blatu Szyba czo\u0142owa prosta, pionowa, uchylna, z ogranicznikiem na lince Szyby zewn\u0119trzne, blat i p\u00f3\u0142ki szklane hartowane Nogi regulowane Pod\u015bwietlany sp\u00f3d urz\u0105dzenia Os\u0142ona ze szk\u0142a izoluj\u0105ca szklany daszek witryny Mo\u017cliwo\u015b\u0107 demonta\u017cu szyb bez u\u017cycia narz\u0119dzi: [&hellip;]<\/p>\n","protected":false},"featured_media":30999,"template":"","meta":{"_et_pb_use_builder":"","_et_pb_old_content":"","_et_gb_content_width":""},"pwb-brand":[1208],"product_brand":[],"product_cat":[472],"product_tag":[],"class_list":{"0":"post-62581","1":"product","2":"type-product","3":"status-publish","4":"has-post-thumbnail","6":"pwb-brand-rapa","7":"product_cat-witryny-cukiernicze","9":"first","10":"instock","11":"taxable","12":"shipping-taxable","13":"purchasable","14":"product-type-simple"},"brands":[{"id":1208,"name":"RAPA","slug":"rapa"}],"_links":{"self":[{"href":"https:\/\/www.multifrigo.pl\/sklep\/wp-json\/wp\/v2\/product\/62581","targetHints":{"allow":["GET"]}}],"collection":[{"href":"https:\/\/www.multifrigo.pl\/sklep\/wp-json\/wp\/v2\/product"}],"about":[{"href":"https:\/\/www.multifrigo.pl\/sklep\/wp-json\/wp\/v2\/types\/product"}],"wp:featuredmedia":[{"embeddable":true,"href":"https:\/\/www.multifrigo.pl\/sklep\/wp-json\/wp\/v2\/media\/30999"}],"wp:attachment":[{"href":"https:\/\/www.multifrigo.pl\/sklep\/wp-json\/wp\/v2\/media?parent=62581"}],"wp:term":[{"taxonomy":"pwb-brand","embeddable":true,"href":"https:\/\/www.multifrigo.pl\/sklep\/wp-json\/wp\/v2\/pwb-brand?post=62581"},{"taxonomy":"product_brand","embeddable":true,"href":"https:\/\/www.multifrigo.pl\/sklep\/wp-json\/wp\/v2\/product_brand?post=62581"},{"taxonomy":"product_cat","embeddable":true,"href":"https:\/\/www.multifrigo.pl\/sklep\/wp-json\/wp\/v2\/product_cat?post=62581"},{"taxonomy":"product_tag","embeddable":true,"href":"https:\/\/www.multifrigo.pl\/sklep\/wp-json\/wp\/v2\/product_tag?post=62581"}],"curies":[{"name":"wp","href":"https:\/\/api.w.org\/{rel}","templated":true}]}}