{"id":62592,"date":"2025-05-23T13:20:50","date_gmt":"2025-05-23T13:20:50","guid":{"rendered":"https:\/\/www.multifrigo.pl\/sklep\/produkt\/witryna-chlodnicza-cukiernicza-c-c-l-excellente-137-rapa\/"},"modified":"2025-09-08T08:48:36","modified_gmt":"2025-09-08T08:48:36","slug":"witryna-chlodnicza-cukiernicza-c-c-l-excellente-137-rapa","status":"publish","type":"product","link":"https:\/\/www.multifrigo.pl\/sklep\/produkt\/witryna-chlodnicza-cukiernicza-c-c-l-excellente-137-rapa\/","title":{"rendered":"Witryna ch\u0142odnicza cukiernicza C-C L EXCELLENTE 137 | RAPA"},"content":{"rendered":"<p><b>Witryna ch\u0142odnicza cukiernicza C-C L EXCELLENTE 137<\/b><\/p>\n<li>3 klasa klimatyczna<\/li>\n<li>Ch\u0142odzenie dynamiczne<\/li>\n<li>System automatycznego odparowania skroplin<\/li>\n<li>Dodatkowy wewn\u0119trzny blat szklany<\/li>\n<li>Drzwi rozsuwane z szyb zespolonych, niskoemisyjnych<\/li>\n<li>O\u015bwietlenie LED pionowe i g\u00f3rne<\/li>\n<li>Szyby zewn\u0119trzne i drzwi rozsuwane &#8211; zespolone, niskoemisyjne<\/li>\n<li>Szyba czo\u0142owa prosta, uchylna z systemem si\u0142ownik\u00f3w<\/li>\n<li>Filtr przeciwpy\u0142kowy<\/li>\n<li>Nogi regulowane<\/li>\n<li>Urz\u0105dzenie wolnostoj\u0105ce z mo\u017cliwo\u015bci\u0105 \u0142\u0105czenia w ci\u0105gi<\/li>\n<li>Boki z lakierowanej p\u0142yty MDF czarne lub bia\u0142e<\/li>\n<li>Front z lakierowanej p\u0142yty MDF lub z p\u0142yty meblowej &#8211; wyb\u00f3r dekor\u00f3w ze wzornika RAPA<\/li>\n<li>Agregat wewn\u0119trzny zasilany ekologicznym czynnikiem R-290<\/li>\n<li>Kratka wentylacyjna zamykana na magnes<\/li>\n<li>Kurtyna powietrzna &#8211; eliminuj\u0105ca straty podczas otwierania drzwi<\/li>\n<li>Elektroniczny regulator temperatury z wy\u015bwietlaczem od strony obs\u0142ugi<\/li>\n<li>P\u00f3\u0142ki szklane, hartowane &#8211; 2 szt. &#8211; regulowane co 5 cm<\/li>\n","protected":false},"excerpt":{"rendered":"<p>Witryna ch\u0142odnicza cukiernicza C-C L EXCELLENTE 137 3 klasa klimatyczna Ch\u0142odzenie dynamiczne System automatycznego odparowania skroplin Dodatkowy wewn\u0119trzny blat szklany Drzwi rozsuwane z szyb zespolonych, niskoemisyjnych O\u015bwietlenie LED pionowe i g\u00f3rne Szyby zewn\u0119trzne i drzwi rozsuwane &#8211; zespolone, niskoemisyjne Szyba czo\u0142owa prosta, uchylna z systemem si\u0142ownik\u00f3w Filtr przeciwpy\u0142kowy Nogi regulowane Urz\u0105dzenie wolnostoj\u0105ce z mo\u017cliwo\u015bci\u0105 \u0142\u0105czenia [&hellip;]<\/p>\n","protected":false},"featured_media":31100,"template":"","meta":{"_et_pb_use_builder":"","_et_pb_old_content":"","_et_gb_content_width":""},"pwb-brand":[1208],"product_brand":[],"product_cat":[472],"product_tag":[],"class_list":{"0":"post-62592","1":"product","2":"type-product","3":"status-publish","4":"has-post-thumbnail","6":"pwb-brand-rapa","7":"product_cat-witryny-cukiernicze","9":"first","10":"instock","11":"taxable","12":"shipping-taxable","13":"purchasable","14":"product-type-simple"},"brands":[{"id":1208,"name":"RAPA","slug":"rapa"}],"_links":{"self":[{"href":"https:\/\/www.multifrigo.pl\/sklep\/wp-json\/wp\/v2\/product\/62592","targetHints":{"allow":["GET"]}}],"collection":[{"href":"https:\/\/www.multifrigo.pl\/sklep\/wp-json\/wp\/v2\/product"}],"about":[{"href":"https:\/\/www.multifrigo.pl\/sklep\/wp-json\/wp\/v2\/types\/product"}],"wp:featuredmedia":[{"embeddable":true,"href":"https:\/\/www.multifrigo.pl\/sklep\/wp-json\/wp\/v2\/media\/31100"}],"wp:attachment":[{"href":"https:\/\/www.multifrigo.pl\/sklep\/wp-json\/wp\/v2\/media?parent=62592"}],"wp:term":[{"taxonomy":"pwb-brand","embeddable":true,"href":"https:\/\/www.multifrigo.pl\/sklep\/wp-json\/wp\/v2\/pwb-brand?post=62592"},{"taxonomy":"product_brand","embeddable":true,"href":"https:\/\/www.multifrigo.pl\/sklep\/wp-json\/wp\/v2\/product_brand?post=62592"},{"taxonomy":"product_cat","embeddable":true,"href":"https:\/\/www.multifrigo.pl\/sklep\/wp-json\/wp\/v2\/product_cat?post=62592"},{"taxonomy":"product_tag","embeddable":true,"href":"https:\/\/www.multifrigo.pl\/sklep\/wp-json\/wp\/v2\/product_tag?post=62592"}],"curies":[{"name":"wp","href":"https:\/\/api.w.org\/{rel}","templated":true}]}}