{"id":62675,"date":"2025-05-23T13:26:58","date_gmt":"2025-05-23T13:26:58","guid":{"rendered":"https:\/\/www.multifrigo.pl\/sklep\/produkt\/lada-chlodnicza-l-b2-122-107-rapa\/"},"modified":"2025-09-08T08:53:34","modified_gmt":"2025-09-08T08:53:34","slug":"lada-chlodnicza-l-b2-122-107-rapa","status":"publish","type":"product","link":"https:\/\/www.multifrigo.pl\/sklep\/produkt\/lada-chlodnicza-l-b2-122-107-rapa\/","title":{"rendered":"Lada ch\u0142odnicza L-B2 122\/107 | RAPA"},"content":{"rendered":"<p><b>Lada ch\u0142odnicza L-B2 122\/107<\/b><\/p>\n<li>3 klasa klimatyczna<\/li>\n<li>Ch\u0142odzenie grawitacyjne<\/li>\n<li>Elektroniczny regulator temperatury z wy\u015bwietlaczem od strony obs\u0142ugi<\/li>\n<li>Odp\u0142yw skroplin do pojemnika<\/li>\n<li>Daszek wewn\u0119trzny ze stali nierdzewnej wyposa\u017cony w mi\u0119kkie odbojniki<\/li>\n<li>Dzielone, wyjmowane dno ekspozycji ze stali nierdzewnej \u201elustro\u201d<\/li>\n<li>Drzwi przechowalnika w kolorze korpusu z uszczelk\u0105 magnetyczn\u0105<\/li>\n<li>Kolorowe wyko\u0144czenie frontu urz\u0105dzenia<\/li>\n<li>Wszystkie szyby hartowane<\/li>\n<li>Zas\u0142ony nocne<\/li>\n<li>Bezprogowe dno przechowalnika ze stali nierdzewnej<\/li>\n<li>Niech\u0142odzona przestrze\u0144 magazynowa, pod przechowalnikiem, obok agregatu<\/li>\n<li>Nogi regulowane<\/li>\n<li>Wyko\u0144czenie frontu szarymi odbojnikami z mi\u0119kkiego PVC<\/li>\n<li>Blat ze stali nierdzewnej \u201eszlif\u201d &#8211; szeroko\u015b\u0107 28 cm<\/li>\n<li>Boki z tworzywa HIPS w kolorze ze wzornika RAPA<\/li>\n<li>Korpus malowany na wybrany kolor ze wzornika RAPA<\/li>\n<li>Maskownica n\u00f3g w kolorze korpusu<\/li>\n<li>Pod\u015bwietlenie korpusu energooszcz\u0119dnymi kolorowymi diodami LED<\/li>\n<li>Szyba czo\u0142owa gi\u0119ta, uchylna<\/li>\n<li>Elektroniczny termometr od strony klienta<\/li>\n<li>Agregat wewn\u0119trzny zasilany ekologicznym czynnikiem ch\u0142odniczym R-290<\/li>\n<li>O\u015bwietlenie LED dopasowane do produkt\u00f3w<\/li>\n<li>Podw\u00f3jne gniazdo elektryczne od strony obs\u0142ugi  z prawej strony urz\u0105dzenia<\/li>\n","protected":false},"excerpt":{"rendered":"<p>Lada ch\u0142odnicza L-B2 122\/107 3 klasa klimatyczna Ch\u0142odzenie grawitacyjne Elektroniczny regulator temperatury z wy\u015bwietlaczem od strony obs\u0142ugi Odp\u0142yw skroplin do pojemnika Daszek wewn\u0119trzny ze stali nierdzewnej wyposa\u017cony w mi\u0119kkie odbojniki Dzielone, wyjmowane dno ekspozycji ze stali nierdzewnej \u201elustro\u201d Drzwi przechowalnika w kolorze korpusu z uszczelk\u0105 magnetyczn\u0105 Kolorowe wyko\u0144czenie frontu urz\u0105dzenia Wszystkie szyby hartowane Zas\u0142ony nocne [&hellip;]<\/p>\n","protected":false},"featured_media":30268,"template":"","meta":{"_et_pb_use_builder":"","_et_pb_old_content":"","_et_gb_content_width":""},"pwb-brand":[1208],"product_brand":[],"product_cat":[1220],"product_tag":[],"class_list":{"0":"post-62675","1":"product","2":"type-product","3":"status-publish","4":"has-post-thumbnail","6":"pwb-brand-rapa","7":"product_cat-lady-chlodnicze","9":"first","10":"instock","11":"taxable","12":"shipping-taxable","13":"purchasable","14":"product-type-simple"},"brands":[{"id":1208,"name":"RAPA","slug":"rapa"}],"_links":{"self":[{"href":"https:\/\/www.multifrigo.pl\/sklep\/wp-json\/wp\/v2\/product\/62675","targetHints":{"allow":["GET"]}}],"collection":[{"href":"https:\/\/www.multifrigo.pl\/sklep\/wp-json\/wp\/v2\/product"}],"about":[{"href":"https:\/\/www.multifrigo.pl\/sklep\/wp-json\/wp\/v2\/types\/product"}],"wp:featuredmedia":[{"embeddable":true,"href":"https:\/\/www.multifrigo.pl\/sklep\/wp-json\/wp\/v2\/media\/30268"}],"wp:attachment":[{"href":"https:\/\/www.multifrigo.pl\/sklep\/wp-json\/wp\/v2\/media?parent=62675"}],"wp:term":[{"taxonomy":"pwb-brand","embeddable":true,"href":"https:\/\/www.multifrigo.pl\/sklep\/wp-json\/wp\/v2\/pwb-brand?post=62675"},{"taxonomy":"product_brand","embeddable":true,"href":"https:\/\/www.multifrigo.pl\/sklep\/wp-json\/wp\/v2\/product_brand?post=62675"},{"taxonomy":"product_cat","embeddable":true,"href":"https:\/\/www.multifrigo.pl\/sklep\/wp-json\/wp\/v2\/product_cat?post=62675"},{"taxonomy":"product_tag","embeddable":true,"href":"https:\/\/www.multifrigo.pl\/sklep\/wp-json\/wp\/v2\/product_tag?post=62675"}],"curies":[{"name":"wp","href":"https:\/\/api.w.org\/{rel}","templated":true}]}}