{"id":62695,"date":"2025-05-23T13:28:23","date_gmt":"2025-05-23T13:28:23","guid":{"rendered":"https:\/\/www.multifrigo.pl\/sklep\/produkt\/lada-chlodnicza-na-kwiaty-l-bk-82-95-rapa\/"},"modified":"2025-09-08T08:54:49","modified_gmt":"2025-09-08T08:54:49","slug":"lada-chlodnicza-na-kwiaty-l-bk-82-95-rapa","status":"publish","type":"product","link":"https:\/\/www.multifrigo.pl\/sklep\/produkt\/lada-chlodnicza-na-kwiaty-l-bk-82-95-rapa\/","title":{"rendered":"Lada ch\u0142odnicza na kwiaty L-BK 82\/95 | RAPA"},"content":{"rendered":"<p><b>Lada ch\u0142odnicza na kwiaty L-BK 82\/95<\/b><\/p>\n<li>Agregat wewn\u0119trzny zasilany ekologicznym czynnikiem R-290<\/li>\n<li>Ch\u0142odzenie dynamiczne<\/li>\n<li>Elektroniczny regulator temperatury z wy\u015bwietlaczem<\/li>\n<li>Niewymagaj\u0105cy narz\u0119dzi dost\u0119p skraplacza<\/li>\n<li>Odp\u0142yw skroplin do pojemnika<\/li>\n<li>Korpus malowany na wybrany kolor ze wzornika RAPA<\/li>\n<li>Komplet 4 k\u00f3\u0142 obrotowych w tym 2 z hamulcem<\/li>\n<li>Sk\u0142adana pokrywa urz\u0105dzenia<\/li>\n<li>Dzielone dno ekspozycji, wyjmowane segmenty<\/li>\n<li>Kaskadowa ekspozycja ze stali nierdzewnej \u201eszlif\u201d<\/li>\n<li>2, 3 lub 4 panele cenowe umieszczone na froncie urz\u0105dzenia<\/li>\n<li>Urz\u0105dzenie umo\u017cliwia swobodne umieszczenie kwiat\u00f3w w 6, 9 lub 12 pojemnikach o \u015brednicy 27 cm<\/li>\n<li>Pokrywa ze stali nierdzewnej \u201esuper lustro\u201d (wewn\u0119trzna strona)<\/li>\n<li>Szyby ze szk\u0142a hartowanego<\/li>\n<li>3 klasa klimatyczna<\/li>\n","protected":false},"excerpt":{"rendered":"<p>Lada ch\u0142odnicza na kwiaty L-BK 82\/95 Agregat wewn\u0119trzny zasilany ekologicznym czynnikiem R-290 Ch\u0142odzenie dynamiczne Elektroniczny regulator temperatury z wy\u015bwietlaczem Niewymagaj\u0105cy narz\u0119dzi dost\u0119p skraplacza Odp\u0142yw skroplin do pojemnika Korpus malowany na wybrany kolor ze wzornika RAPA Komplet 4 k\u00f3\u0142 obrotowych w tym 2 z hamulcem Sk\u0142adana pokrywa urz\u0105dzenia Dzielone dno ekspozycji, wyjmowane segmenty Kaskadowa ekspozycja ze [&hellip;]<\/p>\n","protected":false},"featured_media":30798,"template":"","meta":{"_et_pb_use_builder":"","_et_pb_old_content":"","_et_gb_content_width":""},"pwb-brand":[1208],"product_brand":[],"product_cat":[1220],"product_tag":[],"class_list":{"0":"post-62695","1":"product","2":"type-product","3":"status-publish","4":"has-post-thumbnail","6":"pwb-brand-rapa","7":"product_cat-lady-chlodnicze","9":"first","10":"instock","11":"taxable","12":"shipping-taxable","13":"purchasable","14":"product-type-simple"},"brands":[{"id":1208,"name":"RAPA","slug":"rapa"}],"_links":{"self":[{"href":"https:\/\/www.multifrigo.pl\/sklep\/wp-json\/wp\/v2\/product\/62695","targetHints":{"allow":["GET"]}}],"collection":[{"href":"https:\/\/www.multifrigo.pl\/sklep\/wp-json\/wp\/v2\/product"}],"about":[{"href":"https:\/\/www.multifrigo.pl\/sklep\/wp-json\/wp\/v2\/types\/product"}],"wp:featuredmedia":[{"embeddable":true,"href":"https:\/\/www.multifrigo.pl\/sklep\/wp-json\/wp\/v2\/media\/30798"}],"wp:attachment":[{"href":"https:\/\/www.multifrigo.pl\/sklep\/wp-json\/wp\/v2\/media?parent=62695"}],"wp:term":[{"taxonomy":"pwb-brand","embeddable":true,"href":"https:\/\/www.multifrigo.pl\/sklep\/wp-json\/wp\/v2\/pwb-brand?post=62695"},{"taxonomy":"product_brand","embeddable":true,"href":"https:\/\/www.multifrigo.pl\/sklep\/wp-json\/wp\/v2\/product_brand?post=62695"},{"taxonomy":"product_cat","embeddable":true,"href":"https:\/\/www.multifrigo.pl\/sklep\/wp-json\/wp\/v2\/product_cat?post=62695"},{"taxonomy":"product_tag","embeddable":true,"href":"https:\/\/www.multifrigo.pl\/sklep\/wp-json\/wp\/v2\/product_tag?post=62695"}],"curies":[{"name":"wp","href":"https:\/\/api.w.org\/{rel}","templated":true}]}}