{"id":62785,"date":"2025-05-23T13:33:57","date_gmt":"2025-05-23T13:33:57","guid":{"rendered":"https:\/\/www.multifrigo.pl\/sklep\/produkt\/lada-chlodnicza-narozna-zewnetrzna-l-f-nz-153-153-rapa\/"},"modified":"2025-09-08T09:00:11","modified_gmt":"2025-09-08T09:00:11","slug":"lada-chlodnicza-narozna-zewnetrzna-l-f-nz-153-153-rapa","status":"publish","type":"product","link":"https:\/\/www.multifrigo.pl\/sklep\/produkt\/lada-chlodnicza-narozna-zewnetrzna-l-f-nz-153-153-rapa\/","title":{"rendered":"Lada ch\u0142odnicza naro\u017cna zewn\u0119trzna L-F\/NZ 153\/153 | RAPA"},"content":{"rendered":"<p><b>Lada ch\u0142odnicza naro\u017cna zewn\u0119trzna L-F\/NZ 153\/153<\/b><\/p>\n<li>3 klasa klimatyczna<\/li>\n<li>Elektroniczny regulator temperatury z wy\u015bwietlaczem od strony obs\u0142ugi<\/li>\n<li>Odp\u0142yw skroplin do pojemnika<\/li>\n<li>Daszek wewn\u0119trzny ze stali nierdzewnej wyposa\u017cony w mi\u0119kkie odbojniki<\/li>\n<li>Daszek zewn\u0119trzny, szklany<\/li>\n<li>Dzielone, wyjmowane dno ekspozycji ze stali nierdzewnej \u201elustro\u201d<\/li>\n<li>Wszystkie szyby hartowane<\/li>\n<li>Zas\u0142ony nocne<\/li>\n<li>Nogi regulowane<\/li>\n<li>Boki dekorowane z tworzywa HIPS w kolorze ze wzornika RAPA wype\u0142nione ekologiczn\u0105 piank\u0105 poliuretanow\u0105<\/li>\n<li>Elektroniczny termometr od strony klienta<\/li>\n<li>Korpus malowany na wybrany kolor ze wzornika RAPA<\/li>\n<li>Maskownica n\u00f3g w kolorze korpusu<\/li>\n<li>Wyko\u0144czenie frontu srebrnoszarymi odbojnikami z mi\u0119kkiego PVC<\/li>\n<li>Pod\u015bwietlenie korpusu energooszcz\u0119dnymi kolorowymi diodami LED<\/li>\n<li>Szyba czo\u0142owa, prosta, pionowa, uchylna<\/li>\n<li>Ch\u0142odzenie dynamiczne<\/li>\n<li>Blat ze stali nierdzewnej \u201ep\u0142\u00f3tno\u201d &#8211; szeroko\u015b\u0107 25,5 cm<\/li>\n<li>Niewymagaj\u0105cy narz\u0119dzi dost\u0119p do skraplacza<\/li>\n<li>Agregat wewn\u0119trzny zasilany ekologicznym czynnikiem ch\u0142odniczym R-290<\/li>\n<li>O\u015bwietlenie LED dopasowane do produkt\u00f3w<\/li>\n<li>Mo\u017cliwo\u015b\u0107 \u0142\u0105czenia lad w ci\u0105gi ch\u0142odnicze<\/li>\n<li>Podw\u00f3jne gniazdo elektryczne od strony obs\u0142ugi  z prawej strony urz\u0105dzenia<\/li>\n<li>Niech\u0142odzona przestrze\u0144 magazynowa nad agregatem<\/li>\n","protected":false},"excerpt":{"rendered":"<p>Lada ch\u0142odnicza naro\u017cna zewn\u0119trzna L-F\/NZ 153\/153 3 klasa klimatyczna Elektroniczny regulator temperatury z wy\u015bwietlaczem od strony obs\u0142ugi Odp\u0142yw skroplin do pojemnika Daszek wewn\u0119trzny ze stali nierdzewnej wyposa\u017cony w mi\u0119kkie odbojniki Daszek zewn\u0119trzny, szklany Dzielone, wyjmowane dno ekspozycji ze stali nierdzewnej \u201elustro\u201d Wszystkie szyby hartowane Zas\u0142ony nocne Nogi regulowane Boki dekorowane z tworzywa HIPS w kolorze [&hellip;]<\/p>\n","protected":false},"featured_media":30639,"template":"","meta":{"_et_pb_use_builder":"","_et_pb_old_content":"","_et_gb_content_width":""},"pwb-brand":[1208],"product_brand":[],"product_cat":[1220],"product_tag":[],"class_list":{"0":"post-62785","1":"product","2":"type-product","3":"status-publish","4":"has-post-thumbnail","6":"pwb-brand-rapa","7":"product_cat-lady-chlodnicze","9":"first","10":"instock","11":"taxable","12":"shipping-taxable","13":"purchasable","14":"product-type-simple"},"brands":[{"id":1208,"name":"RAPA","slug":"rapa"}],"_links":{"self":[{"href":"https:\/\/www.multifrigo.pl\/sklep\/wp-json\/wp\/v2\/product\/62785","targetHints":{"allow":["GET"]}}],"collection":[{"href":"https:\/\/www.multifrigo.pl\/sklep\/wp-json\/wp\/v2\/product"}],"about":[{"href":"https:\/\/www.multifrigo.pl\/sklep\/wp-json\/wp\/v2\/types\/product"}],"wp:featuredmedia":[{"embeddable":true,"href":"https:\/\/www.multifrigo.pl\/sklep\/wp-json\/wp\/v2\/media\/30639"}],"wp:attachment":[{"href":"https:\/\/www.multifrigo.pl\/sklep\/wp-json\/wp\/v2\/media?parent=62785"}],"wp:term":[{"taxonomy":"pwb-brand","embeddable":true,"href":"https:\/\/www.multifrigo.pl\/sklep\/wp-json\/wp\/v2\/pwb-brand?post=62785"},{"taxonomy":"product_brand","embeddable":true,"href":"https:\/\/www.multifrigo.pl\/sklep\/wp-json\/wp\/v2\/product_brand?post=62785"},{"taxonomy":"product_cat","embeddable":true,"href":"https:\/\/www.multifrigo.pl\/sklep\/wp-json\/wp\/v2\/product_cat?post=62785"},{"taxonomy":"product_tag","embeddable":true,"href":"https:\/\/www.multifrigo.pl\/sklep\/wp-json\/wp\/v2\/product_tag?post=62785"}],"curies":[{"name":"wp","href":"https:\/\/api.w.org\/{rel}","templated":true}]}}