{"id":62786,"date":"2025-05-23T13:33:59","date_gmt":"2025-05-23T13:33:59","guid":{"rendered":"https:\/\/www.multifrigo.pl\/sklep\/produkt\/lada-chlodnicza-l-gt-rapa\/"},"modified":"2025-09-08T09:00:14","modified_gmt":"2025-09-08T09:00:14","slug":"lada-chlodnicza-l-gt-rapa","status":"publish","type":"product","link":"https:\/\/www.multifrigo.pl\/sklep\/produkt\/lada-chlodnicza-l-gt-rapa\/","title":{"rendered":"Lada ch\u0142odnicza L-GT | RAPA"},"content":{"rendered":"<p><b>Lada ch\u0142odnicza L-GT<\/b><\/p>\n<li>Wersja remote (bez agregatu wewn\u0119trznego)<\/li>\n<li>3 klasa klimatyczna<\/li>\n<li>Ch\u0142odzenie dynamiczne<\/li>\n<li>Elektroniczny regulator temperatury z wy\u015bwietlaczem od strony obs\u0142ugi<\/li>\n<li>Niewymagaj\u0105cy narz\u0119dzi dost\u0119p do skraplacza (plug-in)<\/li>\n<li>Odp\u0142yw skroplin do kanalizacji<\/li>\n<li>Front g\u00f3rny i dolny malowane w kolorze ze wzornika RAPA<\/li>\n<li>Korpus malowany na kolor RAL 7016 Szary antracytowy p\u00f3\u0142mat<\/li>\n<li>Konstrukcja przystosowana do transportowania w\u00f3zkiem wid\u0142owym<\/li>\n<li>Listwa wyko\u0144czenia frontu w kolorze ze wzornika RAPA lub ze stali nierdzewnej<\/li>\n<li>Nogi regulowane ze stali nierdzewnej<\/li>\n<li>Podw\u00f3jne gniazdo elektryczne od strony obs\u0142ugi na \u015brodku d\u0142ugo\u015bci urz\u0105dzenia<\/li>\n<li>Blat ze stali nierdzewnej \u201eszlif\u201d &#8211; szeroko\u015b\u0107 22 cm<\/li>\n<li>Dzielone, wyjmowane dno ekspozycji ze stali nierdzewnej \u201eszlif\u201d<\/li>\n<li>Elektroniczny termometr od strony klienta<\/li>\n<li>Regulowane dno ekspozycji &#8211; pochylenie lub obni\u017cenie dna ekspozycji bez u\u017cycia narz\u0119dzi<\/li>\n<li>System otwierania szyb na si\u0142ownikach typu lift-up<\/li>\n<li>Szyba czo\u0142owa prosta, pionowa otwierana do g\u00f3ry<\/li>\n<li>Pokrywy nocne<\/li>\n<li>Wszystkie szyby hartowane<\/li>\n","protected":false},"excerpt":{"rendered":"<p>Lada ch\u0142odnicza L-GT Wersja remote (bez agregatu wewn\u0119trznego) 3 klasa klimatyczna Ch\u0142odzenie dynamiczne Elektroniczny regulator temperatury z wy\u015bwietlaczem od strony obs\u0142ugi Niewymagaj\u0105cy narz\u0119dzi dost\u0119p do skraplacza (plug-in) Odp\u0142yw skroplin do kanalizacji Front g\u00f3rny i dolny malowane w kolorze ze wzornika RAPA Korpus malowany na kolor RAL 7016 Szary antracytowy p\u00f3\u0142mat Konstrukcja przystosowana do transportowania w\u00f3zkiem [&hellip;]<\/p>\n","protected":false},"featured_media":31201,"template":"","meta":{"_et_pb_use_builder":"","_et_pb_old_content":"","_et_gb_content_width":""},"pwb-brand":[1208],"product_brand":[],"product_cat":[1220],"product_tag":[],"class_list":{"0":"post-62786","1":"product","2":"type-product","3":"status-publish","4":"has-post-thumbnail","6":"pwb-brand-rapa","7":"product_cat-lady-chlodnicze","9":"first","10":"instock","11":"taxable","12":"shipping-taxable","13":"product-type-simple"},"brands":[{"id":1208,"name":"RAPA","slug":"rapa"}],"_links":{"self":[{"href":"https:\/\/www.multifrigo.pl\/sklep\/wp-json\/wp\/v2\/product\/62786","targetHints":{"allow":["GET"]}}],"collection":[{"href":"https:\/\/www.multifrigo.pl\/sklep\/wp-json\/wp\/v2\/product"}],"about":[{"href":"https:\/\/www.multifrigo.pl\/sklep\/wp-json\/wp\/v2\/types\/product"}],"wp:featuredmedia":[{"embeddable":true,"href":"https:\/\/www.multifrigo.pl\/sklep\/wp-json\/wp\/v2\/media\/31201"}],"wp:attachment":[{"href":"https:\/\/www.multifrigo.pl\/sklep\/wp-json\/wp\/v2\/media?parent=62786"}],"wp:term":[{"taxonomy":"pwb-brand","embeddable":true,"href":"https:\/\/www.multifrigo.pl\/sklep\/wp-json\/wp\/v2\/pwb-brand?post=62786"},{"taxonomy":"product_brand","embeddable":true,"href":"https:\/\/www.multifrigo.pl\/sklep\/wp-json\/wp\/v2\/product_brand?post=62786"},{"taxonomy":"product_cat","embeddable":true,"href":"https:\/\/www.multifrigo.pl\/sklep\/wp-json\/wp\/v2\/product_cat?post=62786"},{"taxonomy":"product_tag","embeddable":true,"href":"https:\/\/www.multifrigo.pl\/sklep\/wp-json\/wp\/v2\/product_tag?post=62786"}],"curies":[{"name":"wp","href":"https:\/\/api.w.org\/{rel}","templated":true}]}}