{"id":62810,"date":"2025-05-23T13:35:25","date_gmt":"2025-05-23T13:35:25","guid":{"rendered":"https:\/\/www.multifrigo.pl\/sklep\/produkt\/lada-kasowa-narozna-wewnetrzna-lk-a2-nw-100-90-rapa\/"},"modified":"2025-09-08T09:01:39","modified_gmt":"2025-09-08T09:01:39","slug":"lada-kasowa-narozna-wewnetrzna-lk-a2-nw-100-90-rapa","status":"publish","type":"product","link":"https:\/\/www.multifrigo.pl\/sklep\/produkt\/lada-kasowa-narozna-wewnetrzna-lk-a2-nw-100-90-rapa\/","title":{"rendered":"Lada kasowa naro\u017cna wewn\u0119trzna LK-A2\/NW\/100\/90 | RAPA"},"content":{"rendered":"<p><b>Lada kasowa naro\u017cna wewn\u0119trzna LK-A2\/NW\/100\/90<\/b><\/p>\n<li>Blat ze stali nierdzewnej<\/li>\n<li>Boki w kolorze wyko\u0144czenia frontu z tworzywa HIPS<\/li>\n<li>Kolorowe wyko\u0144czenie frontu<\/li>\n<li>Korpus malowany na wybrany kolor ze wzornika RAPA<\/li>\n<li>Maskownica n\u00f3g w kolorze korpusu<\/li>\n<li>Nogi regulowane<\/li>\n<li>Odbojniki szare z mi\u0119kkiego PVC (2 szt.)<\/li>\n<li>Pod\u015bwietlenie korpusu energooszcz\u0119dnymi, kolorowymi diodami LED<\/li>\n<li>P\u00f3\u0142ka frontowa ze stali nierdzewnej<\/li>\n<li>P\u00f3\u0142ka ze stali malowanej w cz\u0119\u015bci przechowalniczej (w kolorze korpusu)<\/li>\n","protected":false},"excerpt":{"rendered":"<p>Lada kasowa naro\u017cna wewn\u0119trzna LK-A2\/NW\/100\/90 Blat ze stali nierdzewnej Boki w kolorze wyko\u0144czenia frontu z tworzywa HIPS Kolorowe wyko\u0144czenie frontu Korpus malowany na wybrany kolor ze wzornika RAPA Maskownica n\u00f3g w kolorze korpusu Nogi regulowane Odbojniki szare z mi\u0119kkiego PVC (2 szt.) Pod\u015bwietlenie korpusu energooszcz\u0119dnymi, kolorowymi diodami LED P\u00f3\u0142ka frontowa ze stali nierdzewnej P\u00f3\u0142ka ze [&hellip;]<\/p>\n","protected":false},"featured_media":30700,"template":"","meta":{"_et_pb_use_builder":"","_et_pb_old_content":"","_et_gb_content_width":""},"pwb-brand":[1208],"product_brand":[],"product_cat":[1261],"product_tag":[],"class_list":{"0":"post-62810","1":"product","2":"type-product","3":"status-publish","4":"has-post-thumbnail","6":"pwb-brand-rapa","7":"product_cat-lady-kasowe","9":"first","10":"instock","11":"taxable","12":"shipping-taxable","13":"purchasable","14":"product-type-simple"},"brands":[{"id":1208,"name":"RAPA","slug":"rapa"}],"_links":{"self":[{"href":"https:\/\/www.multifrigo.pl\/sklep\/wp-json\/wp\/v2\/product\/62810","targetHints":{"allow":["GET"]}}],"collection":[{"href":"https:\/\/www.multifrigo.pl\/sklep\/wp-json\/wp\/v2\/product"}],"about":[{"href":"https:\/\/www.multifrigo.pl\/sklep\/wp-json\/wp\/v2\/types\/product"}],"wp:featuredmedia":[{"embeddable":true,"href":"https:\/\/www.multifrigo.pl\/sklep\/wp-json\/wp\/v2\/media\/30700"}],"wp:attachment":[{"href":"https:\/\/www.multifrigo.pl\/sklep\/wp-json\/wp\/v2\/media?parent=62810"}],"wp:term":[{"taxonomy":"pwb-brand","embeddable":true,"href":"https:\/\/www.multifrigo.pl\/sklep\/wp-json\/wp\/v2\/pwb-brand?post=62810"},{"taxonomy":"product_brand","embeddable":true,"href":"https:\/\/www.multifrigo.pl\/sklep\/wp-json\/wp\/v2\/product_brand?post=62810"},{"taxonomy":"product_cat","embeddable":true,"href":"https:\/\/www.multifrigo.pl\/sklep\/wp-json\/wp\/v2\/product_cat?post=62810"},{"taxonomy":"product_tag","embeddable":true,"href":"https:\/\/www.multifrigo.pl\/sklep\/wp-json\/wp\/v2\/product_tag?post=62810"}],"curies":[{"name":"wp","href":"https:\/\/api.w.org\/{rel}","templated":true}]}}