{"id":62825,"date":"2025-05-23T13:36:18","date_gmt":"2025-05-23T13:36:18","guid":{"rendered":"https:\/\/www.multifrigo.pl\/sklep\/produkt\/lada-kasowa-lk-cc-90b-90-78-rapa\/"},"modified":"2025-09-08T09:02:33","modified_gmt":"2025-09-08T09:02:33","slug":"lada-kasowa-lk-cc-90b-90-78-rapa","status":"publish","type":"product","link":"https:\/\/www.multifrigo.pl\/sklep\/produkt\/lada-kasowa-lk-cc-90b-90-78-rapa\/","title":{"rendered":"Lada kasowa LK-CC 90b\/90\/78 | RAPA"},"content":{"rendered":"<p><b>Lada kasowa LK-CC 90b\/90\/78<\/b><\/p>\n<li>Nogi regulowane<\/li>\n<li>Front z lakierowanej p\u0142yty MDF lub z p\u0142yty meblowej &#8211; wyb\u00f3r dekor\u00f3w ze wzornika RAPA<\/li>\n<li>Szuflady od strony obs\u0142ugi &#8211; 4 szt.<\/li>\n<li>Powierzchnia robocza blatu z czarnej p\u0142yty meblowej<\/li>\n","protected":false},"excerpt":{"rendered":"<p>Lada kasowa LK-CC 90b\/90\/78 Nogi regulowane Front z lakierowanej p\u0142yty MDF lub z p\u0142yty meblowej &#8211; wyb\u00f3r dekor\u00f3w ze wzornika RAPA Szuflady od strony obs\u0142ugi &#8211; 4 szt. Powierzchnia robocza blatu z czarnej p\u0142yty meblowej<\/p>\n","protected":false},"featured_media":31024,"template":"","meta":{"_et_pb_use_builder":"","_et_pb_old_content":"","_et_gb_content_width":""},"pwb-brand":[1208],"product_brand":[],"product_cat":[1261],"product_tag":[],"class_list":{"0":"post-62825","1":"product","2":"type-product","3":"status-publish","4":"has-post-thumbnail","6":"pwb-brand-rapa","7":"product_cat-lady-kasowe","9":"first","10":"instock","11":"taxable","12":"shipping-taxable","13":"purchasable","14":"product-type-simple"},"brands":[{"id":1208,"name":"RAPA","slug":"rapa"}],"_links":{"self":[{"href":"https:\/\/www.multifrigo.pl\/sklep\/wp-json\/wp\/v2\/product\/62825","targetHints":{"allow":["GET"]}}],"collection":[{"href":"https:\/\/www.multifrigo.pl\/sklep\/wp-json\/wp\/v2\/product"}],"about":[{"href":"https:\/\/www.multifrigo.pl\/sklep\/wp-json\/wp\/v2\/types\/product"}],"wp:featuredmedia":[{"embeddable":true,"href":"https:\/\/www.multifrigo.pl\/sklep\/wp-json\/wp\/v2\/media\/31024"}],"wp:attachment":[{"href":"https:\/\/www.multifrigo.pl\/sklep\/wp-json\/wp\/v2\/media?parent=62825"}],"wp:term":[{"taxonomy":"pwb-brand","embeddable":true,"href":"https:\/\/www.multifrigo.pl\/sklep\/wp-json\/wp\/v2\/pwb-brand?post=62825"},{"taxonomy":"product_brand","embeddable":true,"href":"https:\/\/www.multifrigo.pl\/sklep\/wp-json\/wp\/v2\/product_brand?post=62825"},{"taxonomy":"product_cat","embeddable":true,"href":"https:\/\/www.multifrigo.pl\/sklep\/wp-json\/wp\/v2\/product_cat?post=62825"},{"taxonomy":"product_tag","embeddable":true,"href":"https:\/\/www.multifrigo.pl\/sklep\/wp-json\/wp\/v2\/product_tag?post=62825"}],"curies":[{"name":"wp","href":"https:\/\/api.w.org\/{rel}","templated":true}]}}