{"id":62834,"date":"2025-05-23T13:36:50","date_gmt":"2025-05-23T13:36:50","guid":{"rendered":"https:\/\/www.multifrigo.pl\/sklep\/produkt\/lada-kasowa-narozna-zewnetrzna-lk-d3-nz-103-107-rapa\/"},"modified":"2025-09-08T09:03:03","modified_gmt":"2025-09-08T09:03:03","slug":"lada-kasowa-narozna-zewnetrzna-lk-d3-nz-103-107-rapa","status":"publish","type":"product","link":"https:\/\/www.multifrigo.pl\/sklep\/produkt\/lada-kasowa-narozna-zewnetrzna-lk-d3-nz-103-107-rapa\/","title":{"rendered":"Lada kasowa naro\u017cna zewn\u0119trzna LK-D3\/NZ\/103\/107 | RAPA"},"content":{"rendered":"<p><b>Lada kasowa naro\u017cna zewn\u0119trzna LK-D3\/NZ\/103\/107<\/b><\/p>\n<li>Kolorowe wyko\u0144czenie frontu<\/li>\n<li>Nogi regulowane<\/li>\n<li>Odbojniki szare z mi\u0119kkiego PVC (2 szt.)<\/li>\n<li>P\u00f3\u0142ka ze stali malowanej w cz\u0119\u015bci przechowalniczej (w kolorze korpusu)<\/li>\n<li>Pod\u015bwietlany, kolorowy dolny plafon urz\u0105dzenia<\/li>\n<li>Blat ze stali nierdzewnej<\/li>\n<li>Boki dekorowane z tworzywa HIPS wype\u0142nione ekologiczn\u0105 piank\u0105 poliuretanow\u0105 w kolorze ze wzornika RAPA<\/li>\n<li>P\u00f3\u0142ka frontowa ze stali nierdzewnej<\/li>\n<li>Maskownica n\u00f3g w kolorze RAL 7004 Szary sygna\u0142owy<\/li>\n<li>Korpus malowany na kolor szary ze wzornika RAPA<\/li>\n","protected":false},"excerpt":{"rendered":"<p>Lada kasowa naro\u017cna zewn\u0119trzna LK-D3\/NZ\/103\/107 Kolorowe wyko\u0144czenie frontu Nogi regulowane Odbojniki szare z mi\u0119kkiego PVC (2 szt.) P\u00f3\u0142ka ze stali malowanej w cz\u0119\u015bci przechowalniczej (w kolorze korpusu) Pod\u015bwietlany, kolorowy dolny plafon urz\u0105dzenia Blat ze stali nierdzewnej Boki dekorowane z tworzywa HIPS wype\u0142nione ekologiczn\u0105 piank\u0105 poliuretanow\u0105 w kolorze ze wzornika RAPA P\u00f3\u0142ka frontowa ze stali nierdzewnej [&hellip;]<\/p>\n","protected":false},"featured_media":30757,"template":"","meta":{"_et_pb_use_builder":"","_et_pb_old_content":"","_et_gb_content_width":""},"pwb-brand":[1208],"product_brand":[],"product_cat":[1261],"product_tag":[],"class_list":{"0":"post-62834","1":"product","2":"type-product","3":"status-publish","4":"has-post-thumbnail","6":"pwb-brand-rapa","7":"product_cat-lady-kasowe","9":"first","10":"instock","11":"taxable","12":"shipping-taxable","13":"purchasable","14":"product-type-simple"},"brands":[{"id":1208,"name":"RAPA","slug":"rapa"}],"_links":{"self":[{"href":"https:\/\/www.multifrigo.pl\/sklep\/wp-json\/wp\/v2\/product\/62834","targetHints":{"allow":["GET"]}}],"collection":[{"href":"https:\/\/www.multifrigo.pl\/sklep\/wp-json\/wp\/v2\/product"}],"about":[{"href":"https:\/\/www.multifrigo.pl\/sklep\/wp-json\/wp\/v2\/types\/product"}],"wp:featuredmedia":[{"embeddable":true,"href":"https:\/\/www.multifrigo.pl\/sklep\/wp-json\/wp\/v2\/media\/30757"}],"wp:attachment":[{"href":"https:\/\/www.multifrigo.pl\/sklep\/wp-json\/wp\/v2\/media?parent=62834"}],"wp:term":[{"taxonomy":"pwb-brand","embeddable":true,"href":"https:\/\/www.multifrigo.pl\/sklep\/wp-json\/wp\/v2\/pwb-brand?post=62834"},{"taxonomy":"product_brand","embeddable":true,"href":"https:\/\/www.multifrigo.pl\/sklep\/wp-json\/wp\/v2\/product_brand?post=62834"},{"taxonomy":"product_cat","embeddable":true,"href":"https:\/\/www.multifrigo.pl\/sklep\/wp-json\/wp\/v2\/product_cat?post=62834"},{"taxonomy":"product_tag","embeddable":true,"href":"https:\/\/www.multifrigo.pl\/sklep\/wp-json\/wp\/v2\/product_tag?post=62834"}],"curies":[{"name":"wp","href":"https:\/\/api.w.org\/{rel}","templated":true}]}}