{"id":62844,"date":"2025-05-23T18:59:59","date_gmt":"2025-05-23T18:59:59","guid":{"rendered":"https:\/\/www.multifrigo.pl\/sklep\/produkt\/lada-kasowa-lk-f-f-max-nw-100-107-rapa\/"},"modified":"2025-09-08T09:03:38","modified_gmt":"2025-09-08T09:03:38","slug":"lada-kasowa-lk-f-f-max-nw-100-107-rapa","status":"publish","type":"product","link":"https:\/\/www.multifrigo.pl\/sklep\/produkt\/lada-kasowa-lk-f-f-max-nw-100-107-rapa\/","title":{"rendered":"Lada kasowa LK-F, F Max\/NW\/100\/107 | RAPA"},"content":{"rendered":"<p><b>Lada kasowa LK-F, F Max\/NW\/100\/107<\/b><\/p>\n<li>Blat ze stali nierdzewnej, wzorkowanej \u201ep\u0142\u00f3tno\u201d<\/li>\n<li>Boki dekorowane z tworzywa HIPS wype\u0142nione ekologiczn\u0105 piank\u0105 poliuretanow\u0105 w kolorze ze wzornika RAPA<\/li>\n<li>Korpus malowany na wybrany kolor ze wzornika RAPA<\/li>\n<li>Maskownica n\u00f3g w kolorze korpusu<\/li>\n<li>Nogi regulowane<\/li>\n<li>Odbojniki srebrnoszare z mi\u0119kkiego PVC (2 szt.)<\/li>\n<li>Pod\u015bwietlenie korpusu energooszcz\u0119dnymi, kolorowymi diodami LED<\/li>\n<li>P\u00f3\u0142ka frontowa ze stali nierdzewnej, wzorkowanej \u201ep\u0142\u00f3tno\u201d<\/li>\n<li>P\u00f3\u0142ka ze stali malowanej w cz\u0119\u015bci przechowalniczej (w kolorze korpusu)<\/li>\n","protected":false},"excerpt":{"rendered":"<p>Lada kasowa LK-F, F Max\/NW\/100\/107 Blat ze stali nierdzewnej, wzorkowanej \u201ep\u0142\u00f3tno\u201d Boki dekorowane z tworzywa HIPS wype\u0142nione ekologiczn\u0105 piank\u0105 poliuretanow\u0105 w kolorze ze wzornika RAPA Korpus malowany na wybrany kolor ze wzornika RAPA Maskownica n\u00f3g w kolorze korpusu Nogi regulowane Odbojniki srebrnoszare z mi\u0119kkiego PVC (2 szt.) Pod\u015bwietlenie korpusu energooszcz\u0119dnymi, kolorowymi diodami LED P\u00f3\u0142ka frontowa [&hellip;]<\/p>\n","protected":false},"featured_media":30728,"template":"","meta":{"_et_pb_use_builder":"","_et_pb_old_content":"","_et_gb_content_width":""},"pwb-brand":[1208],"product_brand":[],"product_cat":[1261],"product_tag":[],"class_list":{"0":"post-62844","1":"product","2":"type-product","3":"status-publish","4":"has-post-thumbnail","6":"pwb-brand-rapa","7":"product_cat-lady-kasowe","9":"first","10":"instock","11":"taxable","12":"shipping-taxable","13":"purchasable","14":"product-type-simple"},"brands":[{"id":1208,"name":"RAPA","slug":"rapa"}],"_links":{"self":[{"href":"https:\/\/www.multifrigo.pl\/sklep\/wp-json\/wp\/v2\/product\/62844","targetHints":{"allow":["GET"]}}],"collection":[{"href":"https:\/\/www.multifrigo.pl\/sklep\/wp-json\/wp\/v2\/product"}],"about":[{"href":"https:\/\/www.multifrigo.pl\/sklep\/wp-json\/wp\/v2\/types\/product"}],"wp:featuredmedia":[{"embeddable":true,"href":"https:\/\/www.multifrigo.pl\/sklep\/wp-json\/wp\/v2\/media\/30728"}],"wp:attachment":[{"href":"https:\/\/www.multifrigo.pl\/sklep\/wp-json\/wp\/v2\/media?parent=62844"}],"wp:term":[{"taxonomy":"pwb-brand","embeddable":true,"href":"https:\/\/www.multifrigo.pl\/sklep\/wp-json\/wp\/v2\/pwb-brand?post=62844"},{"taxonomy":"product_brand","embeddable":true,"href":"https:\/\/www.multifrigo.pl\/sklep\/wp-json\/wp\/v2\/product_brand?post=62844"},{"taxonomy":"product_cat","embeddable":true,"href":"https:\/\/www.multifrigo.pl\/sklep\/wp-json\/wp\/v2\/product_cat?post=62844"},{"taxonomy":"product_tag","embeddable":true,"href":"https:\/\/www.multifrigo.pl\/sklep\/wp-json\/wp\/v2\/product_tag?post=62844"}],"curies":[{"name":"wp","href":"https:\/\/api.w.org\/{rel}","templated":true}]}}