{"id":62849,"date":"2025-05-23T19:00:15","date_gmt":"2025-05-23T19:00:15","guid":{"rendered":"https:\/\/www.multifrigo.pl\/sklep\/produkt\/lada-kasowa-lk-six-impuls-100-120-rapa\/"},"modified":"2025-09-08T09:03:52","modified_gmt":"2025-09-08T09:03:52","slug":"lada-kasowa-lk-six-impuls-100-120-rapa","status":"publish","type":"product","link":"https:\/\/www.multifrigo.pl\/sklep\/produkt\/lada-kasowa-lk-six-impuls-100-120-rapa\/","title":{"rendered":"Lada kasowa LK-SiX IMPULS 100\/120 | RAPA"},"content":{"rendered":"<p><b>Lada kasowa LK-SiX IMPULS 100\/120<\/b><\/p>\n<li>Nogi regulowane<\/li>\n<li>P\u00f3\u0142ka ze stali malowanej w cz\u0119\u015bci przechowalniczej (w kolorze korpusu)<\/li>\n<li>Korpus malowany na kolor RAL 9005 Czarny g\u0142\u0119boki p\u00f3\u0142mat<\/li>\n<li>Boki rega\u0142u z p\u0142yty meblowej<\/li>\n<li>Wn\u0119trze rega\u0142u ze stali malowanej proszkowo (w kolorze korpusu)<\/li>\n<li>Blat ze stali nierdzewnej &#8222;szlif&#8221;<\/li>\n<li>Boki z tworzywa ABS w stylistyce inoXframe<\/li>\n","protected":false},"excerpt":{"rendered":"<p>Lada kasowa LK-SiX IMPULS 100\/120 Nogi regulowane P\u00f3\u0142ka ze stali malowanej w cz\u0119\u015bci przechowalniczej (w kolorze korpusu) Korpus malowany na kolor RAL 9005 Czarny g\u0142\u0119boki p\u00f3\u0142mat Boki rega\u0142u z p\u0142yty meblowej Wn\u0119trze rega\u0142u ze stali malowanej proszkowo (w kolorze korpusu) Blat ze stali nierdzewnej &#8222;szlif&#8221; Boki z tworzywa ABS w stylistyce inoXframe<\/p>\n","protected":false},"featured_media":31164,"template":"","meta":{"_et_pb_use_builder":"","_et_pb_old_content":"","_et_gb_content_width":""},"pwb-brand":[1208],"product_brand":[],"product_cat":[1261],"product_tag":[],"class_list":{"0":"post-62849","1":"product","2":"type-product","3":"status-publish","4":"has-post-thumbnail","6":"pwb-brand-rapa","7":"product_cat-lady-kasowe","9":"first","10":"instock","11":"taxable","12":"shipping-taxable","13":"purchasable","14":"product-type-simple"},"brands":[{"id":1208,"name":"RAPA","slug":"rapa"}],"_links":{"self":[{"href":"https:\/\/www.multifrigo.pl\/sklep\/wp-json\/wp\/v2\/product\/62849","targetHints":{"allow":["GET"]}}],"collection":[{"href":"https:\/\/www.multifrigo.pl\/sklep\/wp-json\/wp\/v2\/product"}],"about":[{"href":"https:\/\/www.multifrigo.pl\/sklep\/wp-json\/wp\/v2\/types\/product"}],"wp:featuredmedia":[{"embeddable":true,"href":"https:\/\/www.multifrigo.pl\/sklep\/wp-json\/wp\/v2\/media\/31164"}],"wp:attachment":[{"href":"https:\/\/www.multifrigo.pl\/sklep\/wp-json\/wp\/v2\/media?parent=62849"}],"wp:term":[{"taxonomy":"pwb-brand","embeddable":true,"href":"https:\/\/www.multifrigo.pl\/sklep\/wp-json\/wp\/v2\/pwb-brand?post=62849"},{"taxonomy":"product_brand","embeddable":true,"href":"https:\/\/www.multifrigo.pl\/sklep\/wp-json\/wp\/v2\/product_brand?post=62849"},{"taxonomy":"product_cat","embeddable":true,"href":"https:\/\/www.multifrigo.pl\/sklep\/wp-json\/wp\/v2\/product_cat?post=62849"},{"taxonomy":"product_tag","embeddable":true,"href":"https:\/\/www.multifrigo.pl\/sklep\/wp-json\/wp\/v2\/product_tag?post=62849"}],"curies":[{"name":"wp","href":"https:\/\/api.w.org\/{rel}","templated":true}]}}