{"id":62854,"date":"2025-05-23T19:00:31","date_gmt":"2025-05-23T19:00:31","guid":{"rendered":"https:\/\/www.multifrigo.pl\/sklep\/produkt\/lada-kasowa-lk-six-x-100-80-rapa\/"},"modified":"2025-09-08T09:04:11","modified_gmt":"2025-09-08T09:04:11","slug":"lada-kasowa-lk-six-x-100-80-rapa","status":"publish","type":"product","link":"https:\/\/www.multifrigo.pl\/sklep\/produkt\/lada-kasowa-lk-six-x-100-80-rapa\/","title":{"rendered":"Lada kasowa LK-SiX\/X\/100\/80 | RAPA"},"content":{"rendered":"<p><b>Lada kasowa LK-SiX\/X\/100\/80<\/b><\/p>\n<li>Nogi regulowane<\/li>\n<li>Korpus malowany proszkowo w kolorze czarnym p\u00f3\u0142mat ze wzornika RAPA<\/li>\n<li>Panele frontowe wykonane ze stali lakierowanej lub p\u0142yty meblowej<\/li>\n<li>P\u00f3\u0142ka ze stali malowanej w cz\u0119\u015bci przechowalniczej (w kolorze korpusu)<\/li>\n<li>Wyko\u0144czenie frontu w 2 wersjach  z odbojnikami i bez odbojnik\u00f3w<\/li>\n<li>Boki malowane proszkowo w kolorze czarnym p\u00f3\u0142mat ze wzornika RAPA<\/li>\n<li>Blat ze stali nierdzewnej<\/li>\n","protected":false},"excerpt":{"rendered":"<p>Lada kasowa LK-SiX\/X\/100\/80 Nogi regulowane Korpus malowany proszkowo w kolorze czarnym p\u00f3\u0142mat ze wzornika RAPA Panele frontowe wykonane ze stali lakierowanej lub p\u0142yty meblowej P\u00f3\u0142ka ze stali malowanej w cz\u0119\u015bci przechowalniczej (w kolorze korpusu) Wyko\u0144czenie frontu w 2 wersjach z odbojnikami i bez odbojnik\u00f3w Boki malowane proszkowo w kolorze czarnym p\u00f3\u0142mat ze wzornika RAPA Blat [&hellip;]<\/p>\n","protected":false},"featured_media":30914,"template":"","meta":{"_et_pb_use_builder":"","_et_pb_old_content":"","_et_gb_content_width":""},"pwb-brand":[1208],"product_brand":[],"product_cat":[1261],"product_tag":[],"class_list":{"0":"post-62854","1":"product","2":"type-product","3":"status-publish","4":"has-post-thumbnail","6":"pwb-brand-rapa","7":"product_cat-lady-kasowe","9":"first","10":"instock","11":"taxable","12":"shipping-taxable","13":"purchasable","14":"product-type-simple"},"brands":[{"id":1208,"name":"RAPA","slug":"rapa"}],"_links":{"self":[{"href":"https:\/\/www.multifrigo.pl\/sklep\/wp-json\/wp\/v2\/product\/62854","targetHints":{"allow":["GET"]}}],"collection":[{"href":"https:\/\/www.multifrigo.pl\/sklep\/wp-json\/wp\/v2\/product"}],"about":[{"href":"https:\/\/www.multifrigo.pl\/sklep\/wp-json\/wp\/v2\/types\/product"}],"wp:featuredmedia":[{"embeddable":true,"href":"https:\/\/www.multifrigo.pl\/sklep\/wp-json\/wp\/v2\/media\/30914"}],"wp:attachment":[{"href":"https:\/\/www.multifrigo.pl\/sklep\/wp-json\/wp\/v2\/media?parent=62854"}],"wp:term":[{"taxonomy":"pwb-brand","embeddable":true,"href":"https:\/\/www.multifrigo.pl\/sklep\/wp-json\/wp\/v2\/pwb-brand?post=62854"},{"taxonomy":"product_brand","embeddable":true,"href":"https:\/\/www.multifrigo.pl\/sklep\/wp-json\/wp\/v2\/product_brand?post=62854"},{"taxonomy":"product_cat","embeddable":true,"href":"https:\/\/www.multifrigo.pl\/sklep\/wp-json\/wp\/v2\/product_cat?post=62854"},{"taxonomy":"product_tag","embeddable":true,"href":"https:\/\/www.multifrigo.pl\/sklep\/wp-json\/wp\/v2\/product_tag?post=62854"}],"curies":[{"name":"wp","href":"https:\/\/api.w.org\/{rel}","templated":true}]}}