{"id":62886,"date":"2025-05-23T19:02:26","date_gmt":"2025-05-23T19:02:26","guid":{"rendered":"https:\/\/www.multifrigo.pl\/sklep\/produkt\/lada-chlodnicza-l-xi-135-120-rapa\/"},"modified":"2025-09-08T09:06:04","modified_gmt":"2025-09-08T09:06:04","slug":"lada-chlodnicza-l-xi-135-120-rapa","status":"publish","type":"product","link":"https:\/\/www.multifrigo.pl\/sklep\/produkt\/lada-chlodnicza-l-xi-135-120-rapa\/","title":{"rendered":"Lada ch\u0142odnicza L-Xi 135\/120 | RAPA"},"content":{"rendered":"<p><b>Lada ch\u0142odnicza L-Xi 135\/120<\/b><\/p>\n<li>3 klasa klimatyczna<\/li>\n<li>Elektroniczny regulator temperatury z wy\u015bwietlaczem od strony obs\u0142ugi<\/li>\n<li>Dzielone, wyjmowane dno ekspozycji ze stali nierdzewnej \u201elustro\u201d<\/li>\n<li>Drzwi przechowalnika w kolorze korpusu z uszczelk\u0105 magnetyczn\u0105<\/li>\n<li>Wszystkie szyby hartowane<\/li>\n<li>Zas\u0142ony nocne<\/li>\n<li>Nogi regulowane<\/li>\n<li>Panele frontowe ze stali malowanej proszkowo lub z p\u0142yty meblowej<\/li>\n<li>Agregat wewn\u0119trzny zasilany ekologicznym czynnikiem ch\u0142odniczym R-290<\/li>\n<li>Ch\u0142odzenie dynamiczne<\/li>\n<li>Boki z tworzywa ABS w stylistyce inoXframe<\/li>\n<li>Blat ze stali nierdzewnej \u201eszlif\u201d &#8211; szeroko\u015b\u0107 30 cm<\/li>\n<li>Korpus izolowany ekologiczn\u0105 piank\u0105 poliuretanow\u0105<\/li>\n<li>Elektroniczny termometr od strony klienta<\/li>\n<li>Korpus malowany na kolor RAL 9005 Czarny g\u0142\u0119boki p\u00f3\u0142mat<\/li>\n<li>System automatycznego odparowania skroplin<\/li>\n<li>Niezale\u017cny system osuszania szyb<\/li>\n<li>Niewymagaj\u0105cy narz\u0119dzi dost\u0119p do skraplacza<\/li>\n<li>2 lata gwarancji bez dodatkowych op\u0142at, z mo\u017cliwo\u015bci\u0105 przed\u0142u\u017cenia nawet do 5 lat<\/li>\n<li>Perforowana platforma na ca\u0142ej powierzchni dna przechowalnika<\/li>\n<li>Wykonanie frontu w 2 wersjach: z odbojnikami ze stali nierdzewnej &#8222;szlif&#8221; lub bez odbojnik\u00f3w<\/li>\n<li>Szyba czo\u0142owa prosta, pionowa, kr\u00f3tka<\/li>\n<li>Mo\u017cliwo\u015b\u0107 \u0142\u0105czenia lad w ci\u0105gi ch\u0142odnicze<\/li>\n<li>Podw\u00f3jne gniazdo elektryczne od strony obs\u0142ugi  z prawej strony urz\u0105dzenia<\/li>\n<li>Przechowalnik pomie\u015bci od 4 do 8 pojemnik\u00f3w EURO 2<\/li>\n","protected":false},"excerpt":{"rendered":"<p>Lada ch\u0142odnicza L-Xi 135\/120 3 klasa klimatyczna Elektroniczny regulator temperatury z wy\u015bwietlaczem od strony obs\u0142ugi Dzielone, wyjmowane dno ekspozycji ze stali nierdzewnej \u201elustro\u201d Drzwi przechowalnika w kolorze korpusu z uszczelk\u0105 magnetyczn\u0105 Wszystkie szyby hartowane Zas\u0142ony nocne Nogi regulowane Panele frontowe ze stali malowanej proszkowo lub z p\u0142yty meblowej Agregat wewn\u0119trzny zasilany ekologicznym czynnikiem ch\u0142odniczym R-290 [&hellip;]<\/p>\n","protected":false},"featured_media":30781,"template":"","meta":{"_et_pb_use_builder":"","_et_pb_old_content":"","_et_gb_content_width":""},"pwb-brand":[1208],"product_brand":[],"product_cat":[1220],"product_tag":[],"class_list":{"0":"post-62886","1":"product","2":"type-product","3":"status-publish","4":"has-post-thumbnail","6":"pwb-brand-rapa","7":"product_cat-lady-chlodnicze","9":"first","10":"instock","11":"taxable","12":"shipping-taxable","13":"purchasable","14":"product-type-simple"},"brands":[{"id":1208,"name":"RAPA","slug":"rapa"}],"_links":{"self":[{"href":"https:\/\/www.multifrigo.pl\/sklep\/wp-json\/wp\/v2\/product\/62886","targetHints":{"allow":["GET"]}}],"collection":[{"href":"https:\/\/www.multifrigo.pl\/sklep\/wp-json\/wp\/v2\/product"}],"about":[{"href":"https:\/\/www.multifrigo.pl\/sklep\/wp-json\/wp\/v2\/types\/product"}],"wp:featuredmedia":[{"embeddable":true,"href":"https:\/\/www.multifrigo.pl\/sklep\/wp-json\/wp\/v2\/media\/30781"}],"wp:attachment":[{"href":"https:\/\/www.multifrigo.pl\/sklep\/wp-json\/wp\/v2\/media?parent=62886"}],"wp:term":[{"taxonomy":"pwb-brand","embeddable":true,"href":"https:\/\/www.multifrigo.pl\/sklep\/wp-json\/wp\/v2\/pwb-brand?post=62886"},{"taxonomy":"product_brand","embeddable":true,"href":"https:\/\/www.multifrigo.pl\/sklep\/wp-json\/wp\/v2\/product_brand?post=62886"},{"taxonomy":"product_cat","embeddable":true,"href":"https:\/\/www.multifrigo.pl\/sklep\/wp-json\/wp\/v2\/product_cat?post=62886"},{"taxonomy":"product_tag","embeddable":true,"href":"https:\/\/www.multifrigo.pl\/sklep\/wp-json\/wp\/v2\/product_tag?post=62886"}],"curies":[{"name":"wp","href":"https:\/\/api.w.org\/{rel}","templated":true}]}}