{"id":62895,"date":"2025-05-23T19:03:00","date_gmt":"2025-05-23T19:03:00","guid":{"rendered":"https:\/\/www.multifrigo.pl\/sklep\/produkt\/regal-chlodniczy-rch-o-133-70-front-drewniany-rapa\/"},"modified":"2025-09-08T09:06:35","modified_gmt":"2025-09-08T09:06:35","slug":"regal-chlodniczy-rch-o-133-70-front-drewniany-rapa","status":"publish","type":"product","link":"https:\/\/www.multifrigo.pl\/sklep\/produkt\/regal-chlodniczy-rch-o-133-70-front-drewniany-rapa\/","title":{"rendered":"Rega\u0142 ch\u0142odniczy RCh-O 133\/70 &#8211; FRONT DREWNIANY | RAPA"},"content":{"rendered":"<p><b>Rega\u0142 ch\u0142odniczy RCh-O 133\/70 &#8211; FRONT DREWNIANY<\/b><\/p>\n<li>3 klasa klimatyczna<\/li>\n<li>Agregat wewn\u0119trzny<\/li>\n<li>Cok\u00f3\u0142 ze stali malowanej na RAL 7004 Szary sygna\u0142owy,<br \/>\nRAL 9005 Czarny g\u0142\u0119boki lub RAL 9003 Bia\u0142y sygna\u0142owy<\/li>\n<li>Elektroniczny regulator temperatury z wy\u015bwietlaczem<\/li>\n<li>Wyko\u0144czenie frontu dolnego urz\u0105dzenia ze stali nierdzewnej, ze stali malowanej proszkowo lub z p\u0142yty meblowej<\/li>\n<li>Komplet p\u00f3\u0142ek nierdzewnych regulowanych ze wspornikami<\/li>\n<li>Kratka wentylacyjna zamykana na magnes<\/li>\n<li>Nogi regulowane<\/li>\n<li>Odp\u0142yw skroplin do pojemnika<\/li>\n<li>P\u00f3\u0142ki z ogranicznikami i listwami cenowymi<\/li>\n<li>Roleta nocna perforowana ze spowalniaczem<\/li>\n<li>Szkielet g\u0142\u00f3wny w cz\u0119\u015bci ch\u0142odniczej ze stali nierdzewnej<\/li>\n<li>O\u015bwietlenie LED dopasowane do produkt\u00f3w<\/li>\n<li>Wn\u0119trze ekspozycji (dno, p\u00f3\u0142ki, \u015bcianka, wsporniki) ze stali nierdzewnej<\/li>\n<li>Ch\u0142odzenie dynamiczne<\/li>\n<li>Boki ze szk\u0142a hartowanego zespolonego, szyba niskoemisyjna<\/li>\n<li>Wyko\u0144czenie frontu g\u00f3rnego urz\u0105dzenia ze stali nierdzewnej lub ze stali malowanej proszkowo<\/li>\n","protected":false},"excerpt":{"rendered":"<p>Rega\u0142 ch\u0142odniczy RCh-O 133\/70 &#8211; FRONT DREWNIANY 3 klasa klimatyczna Agregat wewn\u0119trzny Cok\u00f3\u0142 ze stali malowanej na RAL 7004 Szary sygna\u0142owy, RAL 9005 Czarny g\u0142\u0119boki lub RAL 9003 Bia\u0142y sygna\u0142owy Elektroniczny regulator temperatury z wy\u015bwietlaczem Wyko\u0144czenie frontu dolnego urz\u0105dzenia ze stali nierdzewnej, ze stali malowanej proszkowo lub z p\u0142yty meblowej Komplet p\u00f3\u0142ek nierdzewnych regulowanych ze [&hellip;]<\/p>\n","protected":false},"featured_media":31028,"template":"","meta":{"_et_pb_use_builder":"","_et_pb_old_content":"","_et_gb_content_width":""},"pwb-brand":[1208],"product_brand":[],"product_cat":[1290],"product_tag":[],"class_list":{"0":"post-62895","1":"product","2":"type-product","3":"status-publish","4":"has-post-thumbnail","6":"pwb-brand-rapa","7":"product_cat-regaly-chlodnicze","9":"first","10":"instock","11":"taxable","12":"shipping-taxable","13":"purchasable","14":"product-type-simple"},"brands":[{"id":1208,"name":"RAPA","slug":"rapa"}],"_links":{"self":[{"href":"https:\/\/www.multifrigo.pl\/sklep\/wp-json\/wp\/v2\/product\/62895","targetHints":{"allow":["GET"]}}],"collection":[{"href":"https:\/\/www.multifrigo.pl\/sklep\/wp-json\/wp\/v2\/product"}],"about":[{"href":"https:\/\/www.multifrigo.pl\/sklep\/wp-json\/wp\/v2\/types\/product"}],"wp:featuredmedia":[{"embeddable":true,"href":"https:\/\/www.multifrigo.pl\/sklep\/wp-json\/wp\/v2\/media\/31028"}],"wp:attachment":[{"href":"https:\/\/www.multifrigo.pl\/sklep\/wp-json\/wp\/v2\/media?parent=62895"}],"wp:term":[{"taxonomy":"pwb-brand","embeddable":true,"href":"https:\/\/www.multifrigo.pl\/sklep\/wp-json\/wp\/v2\/pwb-brand?post=62895"},{"taxonomy":"product_brand","embeddable":true,"href":"https:\/\/www.multifrigo.pl\/sklep\/wp-json\/wp\/v2\/product_brand?post=62895"},{"taxonomy":"product_cat","embeddable":true,"href":"https:\/\/www.multifrigo.pl\/sklep\/wp-json\/wp\/v2\/product_cat?post=62895"},{"taxonomy":"product_tag","embeddable":true,"href":"https:\/\/www.multifrigo.pl\/sklep\/wp-json\/wp\/v2\/product_tag?post=62895"}],"curies":[{"name":"wp","href":"https:\/\/api.w.org\/{rel}","templated":true}]}}