{"id":62901,"date":"2025-05-23T19:03:21","date_gmt":"2025-05-23T19:03:21","guid":{"rendered":"https:\/\/www.multifrigo.pl\/sklep\/produkt\/regal-chlodniczy-rch-pos-a-725-rapa\/"},"modified":"2025-09-08T09:06:59","modified_gmt":"2025-09-08T09:06:59","slug":"regal-chlodniczy-rch-pos-a-725-rapa","status":"publish","type":"product","link":"https:\/\/www.multifrigo.pl\/sklep\/produkt\/regal-chlodniczy-rch-pos-a-725-rapa\/","title":{"rendered":"Rega\u0142 ch\u0142odniczy RCh-POS-A\/725 | RAPA"},"content":{"rendered":"<p><b>Rega\u0142 ch\u0142odniczy RCh-POS-A\/725<\/b><\/p>\n<li>3 klasa klimatyczna<\/li>\n<li>Elektroniczny regulator temperatury z wy\u015bwietlaczem<\/li>\n<li>Kratka wentylacyjna zamykana na magnes<\/li>\n<li>Nogi regulowane<\/li>\n<li>Szkielet g\u0142\u00f3wny w cz\u0119\u015bci ch\u0142odniczej ze stali nierdzewnej<\/li>\n<li>Ch\u0142odzenie dynamiczne<\/li>\n<li>Agregat wewn\u0119trzny zasilany ekologicznym czynnikiem R-290<\/li>\n<li>System automatycznego odparowania skroplin<\/li>\n<li>Korpus malowany na kolor RAL 7021 mat lub na wybrany kolor ze wzornika RAPA<\/li>\n<li>Komplet p\u00f3\u0142ek w kolorze korpusu z listwami cenowymi<\/li>\n<li>Niech\u0142odzona przestrze\u0144 ekspozycyjna na regale<\/li>\n<li>O\u015bwietlenie LED g\u00f3rne &#8211; bia\u0142e zimne<\/li>\n<li>Wn\u0119trze ekspozycji w kolorze korpusu<\/li>\n<li>Boki ze szk\u0142a hartowanego<\/li>\n","protected":false},"excerpt":{"rendered":"<p>Rega\u0142 ch\u0142odniczy RCh-POS-A\/725 3 klasa klimatyczna Elektroniczny regulator temperatury z wy\u015bwietlaczem Kratka wentylacyjna zamykana na magnes Nogi regulowane Szkielet g\u0142\u00f3wny w cz\u0119\u015bci ch\u0142odniczej ze stali nierdzewnej Ch\u0142odzenie dynamiczne Agregat wewn\u0119trzny zasilany ekologicznym czynnikiem R-290 System automatycznego odparowania skroplin Korpus malowany na kolor RAL 7021 mat lub na wybrany kolor ze wzornika RAPA Komplet p\u00f3\u0142ek w [&hellip;]<\/p>\n","protected":false},"featured_media":30906,"template":"","meta":{"_et_pb_use_builder":"","_et_pb_old_content":"","_et_gb_content_width":""},"pwb-brand":[1208],"product_brand":[],"product_cat":[1290],"product_tag":[],"class_list":{"0":"post-62901","1":"product","2":"type-product","3":"status-publish","4":"has-post-thumbnail","6":"pwb-brand-rapa","7":"product_cat-regaly-chlodnicze","9":"first","10":"instock","11":"taxable","12":"shipping-taxable","13":"purchasable","14":"product-type-simple"},"brands":[{"id":1208,"name":"RAPA","slug":"rapa"}],"_links":{"self":[{"href":"https:\/\/www.multifrigo.pl\/sklep\/wp-json\/wp\/v2\/product\/62901","targetHints":{"allow":["GET"]}}],"collection":[{"href":"https:\/\/www.multifrigo.pl\/sklep\/wp-json\/wp\/v2\/product"}],"about":[{"href":"https:\/\/www.multifrigo.pl\/sklep\/wp-json\/wp\/v2\/types\/product"}],"wp:featuredmedia":[{"embeddable":true,"href":"https:\/\/www.multifrigo.pl\/sklep\/wp-json\/wp\/v2\/media\/30906"}],"wp:attachment":[{"href":"https:\/\/www.multifrigo.pl\/sklep\/wp-json\/wp\/v2\/media?parent=62901"}],"wp:term":[{"taxonomy":"pwb-brand","embeddable":true,"href":"https:\/\/www.multifrigo.pl\/sklep\/wp-json\/wp\/v2\/pwb-brand?post=62901"},{"taxonomy":"product_brand","embeddable":true,"href":"https:\/\/www.multifrigo.pl\/sklep\/wp-json\/wp\/v2\/product_brand?post=62901"},{"taxonomy":"product_cat","embeddable":true,"href":"https:\/\/www.multifrigo.pl\/sklep\/wp-json\/wp\/v2\/product_cat?post=62901"},{"taxonomy":"product_tag","embeddable":true,"href":"https:\/\/www.multifrigo.pl\/sklep\/wp-json\/wp\/v2\/product_tag?post=62901"}],"curies":[{"name":"wp","href":"https:\/\/api.w.org\/{rel}","templated":true}]}}