{"id":62943,"date":"2025-05-23T19:05:53","date_gmt":"2025-05-23T19:05:53","guid":{"rendered":"https:\/\/www.multifrigo.pl\/sklep\/produkt\/regal-piekarniczy-rp-a1-106-100-rapa\/"},"modified":"2025-09-08T09:09:32","modified_gmt":"2025-09-08T09:09:32","slug":"regal-piekarniczy-rp-a1-106-100-rapa","status":"publish","type":"product","link":"https:\/\/www.multifrigo.pl\/sklep\/produkt\/regal-piekarniczy-rp-a1-106-100-rapa\/","title":{"rendered":"Rega\u0142 piekarniczy RP-A1 106\/100 | RAPA"},"content":{"rendered":"<p><b>Rega\u0142 piekarniczy RP-A1 106\/100<\/b><\/p>\n<li>Boki proste z p\u0142yty meblowej, wyb\u00f3r dekor\u00f3w ze wzornika RAPA<\/li>\n<li>Listwy cenowe<\/li>\n<li>Lustra g\u00f3rne<\/li>\n<li>Nogi regulowane ze stali nierdzewnej<\/li>\n<li>O\u015bwietlenie LED ka\u017cdej p\u00f3\u0142ki o barwie neutralnej<\/li>\n<li>P\u00f3\u0142ki bukowe, pochylone<\/li>\n<li>Mo\u017cliwo\u015b\u0107 \u0142\u0105czenia w ci\u0105gi<\/li>\n<li>Wysuwana szuflada na odpadki z frontem z p\u0142yty meblowej<\/li>\n<li>Wyko\u0144czenie frontu g\u00f3rnego i dolnego z p\u0142yty meblowej<\/li>\n","protected":false},"excerpt":{"rendered":"<p>Rega\u0142 piekarniczy RP-A1 106\/100 Boki proste z p\u0142yty meblowej, wyb\u00f3r dekor\u00f3w ze wzornika RAPA Listwy cenowe Lustra g\u00f3rne Nogi regulowane ze stali nierdzewnej O\u015bwietlenie LED ka\u017cdej p\u00f3\u0142ki o barwie neutralnej P\u00f3\u0142ki bukowe, pochylone Mo\u017cliwo\u015b\u0107 \u0142\u0105czenia w ci\u0105gi Wysuwana szuflada na odpadki z frontem z p\u0142yty meblowej Wyko\u0144czenie frontu g\u00f3rnego i dolnego z p\u0142yty meblowej<\/p>\n","protected":false},"featured_media":31108,"template":"","meta":{"_et_pb_use_builder":"","_et_pb_old_content":"","_et_gb_content_width":""},"pwb-brand":[1208],"product_brand":[],"product_cat":[1300],"product_tag":[],"class_list":{"0":"post-62943","1":"product","2":"type-product","3":"status-publish","4":"has-post-thumbnail","6":"pwb-brand-rapa","7":"product_cat-regaly-piekarnicze-i-warzywnicze","9":"first","10":"instock","11":"taxable","12":"shipping-taxable","13":"purchasable","14":"product-type-simple"},"brands":[{"id":1208,"name":"RAPA","slug":"rapa"}],"_links":{"self":[{"href":"https:\/\/www.multifrigo.pl\/sklep\/wp-json\/wp\/v2\/product\/62943","targetHints":{"allow":["GET"]}}],"collection":[{"href":"https:\/\/www.multifrigo.pl\/sklep\/wp-json\/wp\/v2\/product"}],"about":[{"href":"https:\/\/www.multifrigo.pl\/sklep\/wp-json\/wp\/v2\/types\/product"}],"wp:featuredmedia":[{"embeddable":true,"href":"https:\/\/www.multifrigo.pl\/sklep\/wp-json\/wp\/v2\/media\/31108"}],"wp:attachment":[{"href":"https:\/\/www.multifrigo.pl\/sklep\/wp-json\/wp\/v2\/media?parent=62943"}],"wp:term":[{"taxonomy":"pwb-brand","embeddable":true,"href":"https:\/\/www.multifrigo.pl\/sklep\/wp-json\/wp\/v2\/pwb-brand?post=62943"},{"taxonomy":"product_brand","embeddable":true,"href":"https:\/\/www.multifrigo.pl\/sklep\/wp-json\/wp\/v2\/product_brand?post=62943"},{"taxonomy":"product_cat","embeddable":true,"href":"https:\/\/www.multifrigo.pl\/sklep\/wp-json\/wp\/v2\/product_cat?post=62943"},{"taxonomy":"product_tag","embeddable":true,"href":"https:\/\/www.multifrigo.pl\/sklep\/wp-json\/wp\/v2\/product_tag?post=62943"}],"curies":[{"name":"wp","href":"https:\/\/api.w.org\/{rel}","templated":true}]}}