{"id":62999,"date":"2025-05-23T19:53:23","date_gmt":"2025-05-23T19:53:23","guid":{"rendered":"https:\/\/www.multifrigo.pl\/sklep\/produkt\/regal-warzywniczy-rw-b-168-100-rapa\/"},"modified":"2025-09-08T09:12:50","modified_gmt":"2025-09-08T09:12:50","slug":"regal-warzywniczy-rw-b-168-100-rapa","status":"publish","type":"product","link":"https:\/\/www.multifrigo.pl\/sklep\/produkt\/regal-warzywniczy-rw-b-168-100-rapa\/","title":{"rendered":"Rega\u0142 warzywniczy RW-B 168\/100 | RAPA"},"content":{"rendered":"<p><b>Rega\u0142 warzywniczy RW-B 168\/100<\/b><\/p>\n<li>P\u00f3\u0142ki dostosowane do pojemnik\u00f3w o wymiarach 60&#215;40 cm<\/li>\n<li>Wyko\u0144czenie frontu urz\u0105dzenia ze stali malowanej na wybrany kolor ze wzornika RAPA<\/li>\n<li>O\u015bwietlenie LED ka\u017cdej p\u00f3\u0142ki o barwie neutralnej<\/li>\n<li>Listwy cenowe<\/li>\n<li>Lustra g\u00f3rne<\/li>\n<li>Nogi regulowane ze stali nierdzewnej<\/li>\n<li>Odbojniki szare z mi\u0119kkiego PVC<\/li>\n<li>P\u00f3\u0142ki bukowe, pochylone<\/li>\n<li>Przegrody z p\u0142yty meblowej w dolnej p\u00f3\u0142ce (kolorze dekor\u00f3w bok\u00f3w)<\/li>\n<li>Wysuwana taca na odpadki ze stali nierdzewnej<\/li>\n<li>Mo\u017cliwo\u015b\u0107 \u0142\u0105czenia w ci\u0105gi<\/li>\n<li>Boki gi\u0119te z p\u0142yty meblowej, wyb\u00f3r dekor\u00f3w ze wzornika RAPA<\/li>\n","protected":false},"excerpt":{"rendered":"<p>Rega\u0142 warzywniczy RW-B 168\/100 P\u00f3\u0142ki dostosowane do pojemnik\u00f3w o wymiarach 60&#215;40 cm Wyko\u0144czenie frontu urz\u0105dzenia ze stali malowanej na wybrany kolor ze wzornika RAPA O\u015bwietlenie LED ka\u017cdej p\u00f3\u0142ki o barwie neutralnej Listwy cenowe Lustra g\u00f3rne Nogi regulowane ze stali nierdzewnej Odbojniki szare z mi\u0119kkiego PVC P\u00f3\u0142ki bukowe, pochylone Przegrody z p\u0142yty meblowej w dolnej p\u00f3\u0142ce [&hellip;]<\/p>\n","protected":false},"featured_media":30793,"template":"","meta":{"_et_pb_use_builder":"","_et_pb_old_content":"","_et_gb_content_width":""},"pwb-brand":[1208],"product_brand":[],"product_cat":[1300],"product_tag":[],"class_list":{"0":"post-62999","1":"product","2":"type-product","3":"status-publish","4":"has-post-thumbnail","6":"pwb-brand-rapa","7":"product_cat-regaly-piekarnicze-i-warzywnicze","9":"first","10":"instock","11":"taxable","12":"shipping-taxable","13":"purchasable","14":"product-type-simple"},"brands":[{"id":1208,"name":"RAPA","slug":"rapa"}],"_links":{"self":[{"href":"https:\/\/www.multifrigo.pl\/sklep\/wp-json\/wp\/v2\/product\/62999","targetHints":{"allow":["GET"]}}],"collection":[{"href":"https:\/\/www.multifrigo.pl\/sklep\/wp-json\/wp\/v2\/product"}],"about":[{"href":"https:\/\/www.multifrigo.pl\/sklep\/wp-json\/wp\/v2\/types\/product"}],"wp:featuredmedia":[{"embeddable":true,"href":"https:\/\/www.multifrigo.pl\/sklep\/wp-json\/wp\/v2\/media\/30793"}],"wp:attachment":[{"href":"https:\/\/www.multifrigo.pl\/sklep\/wp-json\/wp\/v2\/media?parent=62999"}],"wp:term":[{"taxonomy":"pwb-brand","embeddable":true,"href":"https:\/\/www.multifrigo.pl\/sklep\/wp-json\/wp\/v2\/pwb-brand?post=62999"},{"taxonomy":"product_brand","embeddable":true,"href":"https:\/\/www.multifrigo.pl\/sklep\/wp-json\/wp\/v2\/product_brand?post=62999"},{"taxonomy":"product_cat","embeddable":true,"href":"https:\/\/www.multifrigo.pl\/sklep\/wp-json\/wp\/v2\/product_cat?post=62999"},{"taxonomy":"product_tag","embeddable":true,"href":"https:\/\/www.multifrigo.pl\/sklep\/wp-json\/wp\/v2\/product_tag?post=62999"}],"curies":[{"name":"wp","href":"https:\/\/api.w.org\/{rel}","templated":true}]}}