{"id":63035,"date":"2025-05-23T19:55:33","date_gmt":"2025-05-23T19:55:33","guid":{"rendered":"https:\/\/www.multifrigo.pl\/sklep\/produkt\/szafa-chlodnicza-dwustronnie-przeszklona-drzwi-skrzydlowe-sch-2s-825-1d-rapa\/"},"modified":"2025-09-08T09:15:00","modified_gmt":"2025-09-08T09:15:00","slug":"szafa-chlodnicza-dwustronnie-przeszklona-drzwi-skrzydlowe-sch-2s-825-1d-rapa","status":"publish","type":"product","link":"https:\/\/www.multifrigo.pl\/sklep\/produkt\/szafa-chlodnicza-dwustronnie-przeszklona-drzwi-skrzydlowe-sch-2s-825-1d-rapa\/","title":{"rendered":"Szafa ch\u0142odnicza dwustronnie przeszklona, drzwi skrzyd\u0142owe SCh-2S 825\/1D | RAPA"},"content":{"rendered":"<p><b>Szafa ch\u0142odnicza dwustronnie przeszklona, drzwi skrzyd\u0142owe SCh-2S 825\/1D<\/b><\/p>\n<li>Agregat wewn\u0119trzny zasilany ekologicznym czynnikiem R-290<\/li>\n<li>3 klasa klimatyczna<\/li>\n<li>Ch\u0142odzenie grawitacyjne<\/li>\n<li>Elektroniczny regulator temperatury z wy\u015bwietlaczem od strony obs\u0142ugi<\/li>\n<li>Dno komory przechowalniczej ze stali nierdzewnej &#8222;lustro&#8221;<\/li>\n<li>Kratka wentylacyjna zamykana na magnes<\/li>\n<li>Nogi regulowane<\/li>\n<li>Odp\u0142yw skroplin do pojemnika<\/li>\n<li>Korpus malowany na wybrany kolor ze wzornika RAPA<\/li>\n<li>Komplet p\u00f3\u0142ek plastyfikowanych, standardowych wraz ze wspornikami &#8211; 5 szt.<\/li>\n<li>Mo\u017cliwo\u015b\u0107 prze\u0142o\u017cenia drzwi<\/li>\n<li>O\u015bwietlenie LED<\/li>\n<li>Maskownica n\u00f3g w kolorze korpusu<\/li>\n<li>Wszystkie szyby zespolone, hartowane obustronnie, niskoemisyjne<\/li>\n<li>Szyba zainstalowana na sta\u0142e od strony klienta<\/li>\n<li>Drzwi przeszklone, skrzyd\u0142owe, od strony obs\u0142ugi<\/li>\n","protected":false},"excerpt":{"rendered":"<p>Szafa ch\u0142odnicza dwustronnie przeszklona, drzwi skrzyd\u0142owe SCh-2S 825\/1D Agregat wewn\u0119trzny zasilany ekologicznym czynnikiem R-290 3 klasa klimatyczna Ch\u0142odzenie grawitacyjne Elektroniczny regulator temperatury z wy\u015bwietlaczem od strony obs\u0142ugi Dno komory przechowalniczej ze stali nierdzewnej &#8222;lustro&#8221; Kratka wentylacyjna zamykana na magnes Nogi regulowane Odp\u0142yw skroplin do pojemnika Korpus malowany na wybrany kolor ze wzornika RAPA Komplet p\u00f3\u0142ek [&hellip;]<\/p>\n","protected":false},"featured_media":30476,"template":"","meta":{"_et_pb_use_builder":"","_et_pb_old_content":"","_et_gb_content_width":""},"pwb-brand":[1208],"product_brand":[],"product_cat":[518],"product_tag":[],"class_list":{"0":"post-63035","1":"product","2":"type-product","3":"status-publish","4":"has-post-thumbnail","6":"pwb-brand-rapa","7":"product_cat-szafy-chlodnicze","9":"first","10":"instock","11":"taxable","12":"shipping-taxable","13":"purchasable","14":"product-type-simple"},"brands":[{"id":1208,"name":"RAPA","slug":"rapa"}],"_links":{"self":[{"href":"https:\/\/www.multifrigo.pl\/sklep\/wp-json\/wp\/v2\/product\/63035","targetHints":{"allow":["GET"]}}],"collection":[{"href":"https:\/\/www.multifrigo.pl\/sklep\/wp-json\/wp\/v2\/product"}],"about":[{"href":"https:\/\/www.multifrigo.pl\/sklep\/wp-json\/wp\/v2\/types\/product"}],"wp:featuredmedia":[{"embeddable":true,"href":"https:\/\/www.multifrigo.pl\/sklep\/wp-json\/wp\/v2\/media\/30476"}],"wp:attachment":[{"href":"https:\/\/www.multifrigo.pl\/sklep\/wp-json\/wp\/v2\/media?parent=63035"}],"wp:term":[{"taxonomy":"pwb-brand","embeddable":true,"href":"https:\/\/www.multifrigo.pl\/sklep\/wp-json\/wp\/v2\/pwb-brand?post=63035"},{"taxonomy":"product_brand","embeddable":true,"href":"https:\/\/www.multifrigo.pl\/sklep\/wp-json\/wp\/v2\/product_brand?post=63035"},{"taxonomy":"product_cat","embeddable":true,"href":"https:\/\/www.multifrigo.pl\/sklep\/wp-json\/wp\/v2\/product_cat?post=63035"},{"taxonomy":"product_tag","embeddable":true,"href":"https:\/\/www.multifrigo.pl\/sklep\/wp-json\/wp\/v2\/product_tag?post=63035"}],"curies":[{"name":"wp","href":"https:\/\/api.w.org\/{rel}","templated":true}]}}