{"id":63095,"date":"2025-05-23T19:59:12","date_gmt":"2025-05-23T19:59:12","guid":{"rendered":"https:\/\/www.multifrigo.pl\/sklep\/produkt\/szafa-chlodnicza-jednostronnie-przeszklona-drzwi-skrzydlowe-sch-s-1600-ag-rapa\/"},"modified":"2025-09-08T09:18:37","modified_gmt":"2025-09-08T09:18:37","slug":"szafa-chlodnicza-jednostronnie-przeszklona-drzwi-skrzydlowe-sch-s-1600-ag-rapa","status":"publish","type":"product","link":"https:\/\/www.multifrigo.pl\/sklep\/produkt\/szafa-chlodnicza-jednostronnie-przeszklona-drzwi-skrzydlowe-sch-s-1600-ag-rapa\/","title":{"rendered":"Szafa ch\u0142odnicza jednostronnie przeszklona, drzwi skrzyd\u0142owe SCh-S 1600\/AG | RAPA"},"content":{"rendered":"<p><b>Szafa ch\u0142odnicza jednostronnie przeszklona, drzwi skrzyd\u0142owe SCh-S 1600\/AG<\/b><\/p>\n<li>Agregat wewn\u0119trzny zasilany ekologicznym czynnikiem R-290<\/li>\n<li>3 klasa klimatyczna<\/li>\n<li>Ch\u0142odzenie grawitacyjne<\/li>\n<li>Elektroniczny regulator temperatury z wy\u015bwietlaczem od strony obs\u0142ugi<\/li>\n<li>Dno komory przechowalniczej ze stali nierdzewnej &#8222;lustro&#8221;<\/li>\n<li>Korpus malowany na kolor RAL 9003 Bia\u0142y sygna\u0142owy<\/li>\n<li>Nogi regulowane<\/li>\n<li>Komplet p\u00f3\u0142ek plastyfikowanych, standardowych wraz ze wspornikami &#8211; 10 szt.<\/li>\n<li>System automatycznego odparowania skroplin<\/li>\n<li>Drzwi przeszklone, skrzyd\u0142owe<\/li>\n<li>O\u015bwietlenie LED<\/li>\n<li>Maskownica n\u00f3g w kolorze korpusu<\/li>\n<li>Pod\u015bwietlany g\u00f3rny plafon<\/li>\n<li>Wszystkie szyby zespolone, hartowane obustronnie, niskoemisyjne<\/li>\n","protected":false},"excerpt":{"rendered":"<p>Szafa ch\u0142odnicza jednostronnie przeszklona, drzwi skrzyd\u0142owe SCh-S 1600\/AG Agregat wewn\u0119trzny zasilany ekologicznym czynnikiem R-290 3 klasa klimatyczna Ch\u0142odzenie grawitacyjne Elektroniczny regulator temperatury z wy\u015bwietlaczem od strony obs\u0142ugi Dno komory przechowalniczej ze stali nierdzewnej &#8222;lustro&#8221; Korpus malowany na kolor RAL 9003 Bia\u0142y sygna\u0142owy Nogi regulowane Komplet p\u00f3\u0142ek plastyfikowanych, standardowych wraz ze wspornikami &#8211; 10 szt. System [&hellip;]<\/p>\n","protected":false},"featured_media":30401,"template":"","meta":{"_et_pb_use_builder":"","_et_pb_old_content":"","_et_gb_content_width":""},"pwb-brand":[1208],"product_brand":[],"product_cat":[518],"product_tag":[],"class_list":{"0":"post-63095","1":"product","2":"type-product","3":"status-publish","4":"has-post-thumbnail","6":"pwb-brand-rapa","7":"product_cat-szafy-chlodnicze","9":"first","10":"instock","11":"taxable","12":"shipping-taxable","13":"purchasable","14":"product-type-simple"},"brands":[{"id":1208,"name":"RAPA","slug":"rapa"}],"_links":{"self":[{"href":"https:\/\/www.multifrigo.pl\/sklep\/wp-json\/wp\/v2\/product\/63095","targetHints":{"allow":["GET"]}}],"collection":[{"href":"https:\/\/www.multifrigo.pl\/sklep\/wp-json\/wp\/v2\/product"}],"about":[{"href":"https:\/\/www.multifrigo.pl\/sklep\/wp-json\/wp\/v2\/types\/product"}],"wp:featuredmedia":[{"embeddable":true,"href":"https:\/\/www.multifrigo.pl\/sklep\/wp-json\/wp\/v2\/media\/30401"}],"wp:attachment":[{"href":"https:\/\/www.multifrigo.pl\/sklep\/wp-json\/wp\/v2\/media?parent=63095"}],"wp:term":[{"taxonomy":"pwb-brand","embeddable":true,"href":"https:\/\/www.multifrigo.pl\/sklep\/wp-json\/wp\/v2\/pwb-brand?post=63095"},{"taxonomy":"product_brand","embeddable":true,"href":"https:\/\/www.multifrigo.pl\/sklep\/wp-json\/wp\/v2\/product_brand?post=63095"},{"taxonomy":"product_cat","embeddable":true,"href":"https:\/\/www.multifrigo.pl\/sklep\/wp-json\/wp\/v2\/product_cat?post=63095"},{"taxonomy":"product_tag","embeddable":true,"href":"https:\/\/www.multifrigo.pl\/sklep\/wp-json\/wp\/v2\/product_tag?post=63095"}],"curies":[{"name":"wp","href":"https:\/\/api.w.org\/{rel}","templated":true}]}}