{"id":63193,"date":"2025-05-23T20:05:07","date_gmt":"2025-05-23T20:05:07","guid":{"rendered":"https:\/\/www.multifrigo.pl\/sklep\/produkt\/szafa-chlodnicza-zapleczowa-drzwi-skrzydlowe-sch-z-825-ag-2d-rapa\/"},"modified":"2025-09-08T09:24:33","modified_gmt":"2025-09-08T09:24:33","slug":"szafa-chlodnicza-zapleczowa-drzwi-skrzydlowe-sch-z-825-ag-2d-rapa","status":"publish","type":"product","link":"https:\/\/www.multifrigo.pl\/sklep\/produkt\/szafa-chlodnicza-zapleczowa-drzwi-skrzydlowe-sch-z-825-ag-2d-rapa\/","title":{"rendered":"Szafa ch\u0142odnicza zapleczowa, drzwi skrzyd\u0142owe SCh-Z 825\/AG\/2D | RAPA"},"content":{"rendered":"<p><b>Szafa ch\u0142odnicza zapleczowa, drzwi skrzyd\u0142owe SCh-Z 825\/AG\/2D<\/b><\/p>\n<li>Agregat wewn\u0119trzny zasilany ekologicznym czynnikiem R-290<\/li>\n<li>3 klasa klimatyczna<\/li>\n<li>Ch\u0142odzenie grawitacyjne<\/li>\n<li>Elektroniczny regulator temperatury z wy\u015bwietlaczem od strony obs\u0142ugi<\/li>\n<li>Dno komory przechowalniczej ze stali nierdzewnej &#8222;lustro&#8221;<\/li>\n<li>Korpus malowany na kolor RAL 9003 Bia\u0142y sygna\u0142owy<\/li>\n<li>Nogi regulowane<\/li>\n<li>Komplet p\u00f3\u0142ek plastyfikowanych, standardowych wraz ze wspornikami &#8211; 5 szt.<\/li>\n<li>Drzwi stalowe, skrzyd\u0142owe, dzielone<\/li>\n<li>Mo\u017cliwo\u015b\u0107 prze\u0142o\u017cenia drzwi<\/li>\n<li>System automatycznego odparowania skroplin<\/li>\n","protected":false},"excerpt":{"rendered":"<p>Szafa ch\u0142odnicza zapleczowa, drzwi skrzyd\u0142owe SCh-Z 825\/AG\/2D Agregat wewn\u0119trzny zasilany ekologicznym czynnikiem R-290 3 klasa klimatyczna Ch\u0142odzenie grawitacyjne Elektroniczny regulator temperatury z wy\u015bwietlaczem od strony obs\u0142ugi Dno komory przechowalniczej ze stali nierdzewnej &#8222;lustro&#8221; Korpus malowany na kolor RAL 9003 Bia\u0142y sygna\u0142owy Nogi regulowane Komplet p\u00f3\u0142ek plastyfikowanych, standardowych wraz ze wspornikami &#8211; 5 szt. Drzwi stalowe, [&hellip;]<\/p>\n","protected":false},"featured_media":30534,"template":"","meta":{"_et_pb_use_builder":"","_et_pb_old_content":"","_et_gb_content_width":""},"pwb-brand":[1208],"product_brand":[],"product_cat":[518],"product_tag":[],"class_list":{"0":"post-63193","1":"product","2":"type-product","3":"status-publish","4":"has-post-thumbnail","6":"pwb-brand-rapa","7":"product_cat-szafy-chlodnicze","9":"first","10":"instock","11":"taxable","12":"shipping-taxable","13":"purchasable","14":"product-type-simple"},"brands":[{"id":1208,"name":"RAPA","slug":"rapa"}],"_links":{"self":[{"href":"https:\/\/www.multifrigo.pl\/sklep\/wp-json\/wp\/v2\/product\/63193","targetHints":{"allow":["GET"]}}],"collection":[{"href":"https:\/\/www.multifrigo.pl\/sklep\/wp-json\/wp\/v2\/product"}],"about":[{"href":"https:\/\/www.multifrigo.pl\/sklep\/wp-json\/wp\/v2\/types\/product"}],"wp:featuredmedia":[{"embeddable":true,"href":"https:\/\/www.multifrigo.pl\/sklep\/wp-json\/wp\/v2\/media\/30534"}],"wp:attachment":[{"href":"https:\/\/www.multifrigo.pl\/sklep\/wp-json\/wp\/v2\/media?parent=63193"}],"wp:term":[{"taxonomy":"pwb-brand","embeddable":true,"href":"https:\/\/www.multifrigo.pl\/sklep\/wp-json\/wp\/v2\/pwb-brand?post=63193"},{"taxonomy":"product_brand","embeddable":true,"href":"https:\/\/www.multifrigo.pl\/sklep\/wp-json\/wp\/v2\/product_brand?post=63193"},{"taxonomy":"product_cat","embeddable":true,"href":"https:\/\/www.multifrigo.pl\/sklep\/wp-json\/wp\/v2\/product_cat?post=63193"},{"taxonomy":"product_tag","embeddable":true,"href":"https:\/\/www.multifrigo.pl\/sklep\/wp-json\/wp\/v2\/product_tag?post=63193"}],"curies":[{"name":"wp","href":"https:\/\/api.w.org\/{rel}","templated":true}]}}