{"id":63196,"date":"2025-05-23T20:05:20","date_gmt":"2025-05-23T20:05:20","guid":{"rendered":"https:\/\/www.multifrigo.pl\/sklep\/produkt\/szafa-chlodnicza-do-transportu-drzwi-skrzydlowe-sch-z-cargo-1000-rapa\/"},"modified":"2025-09-08T09:24:47","modified_gmt":"2025-09-08T09:24:47","slug":"szafa-chlodnicza-do-transportu-drzwi-skrzydlowe-sch-z-cargo-1000-rapa","status":"publish","type":"product","link":"https:\/\/www.multifrigo.pl\/sklep\/produkt\/szafa-chlodnicza-do-transportu-drzwi-skrzydlowe-sch-z-cargo-1000-rapa\/","title":{"rendered":"Szafa ch\u0142odnicza do transportu, drzwi skrzyd\u0142owe SCh-Z Cargo 1000 | RAPA"},"content":{"rendered":"<p><b>Szafa ch\u0142odnicza do transportu, drzwi skrzyd\u0142owe SCh-Z Cargo 1000<\/b><\/p>\n<li>Drzwi stalowe, skrzyd\u0142owe<\/li>\n<li>Dno komory przechowalniczej ze stali nierdzewnej &#8222;lustro&#8221;<\/li>\n<li>3 klasa klimatyczna<\/li>\n<li>Ch\u0142odzenie dynamiczne<\/li>\n<li>Agregat wewn\u0119trzny zasilany napi\u0119ciem 12 VDC, 24 VDC lub 230 VAC przystosowany do pracy z czynnikiem R-600a<\/li>\n<li>Elektroniczny regulator temperatury z wy\u015bwietlaczem<\/li>\n<li>System automatycznego odparowania skroplin<\/li>\n<li>Korpus powlekany na kolor RAL 7016 Szary antracytowy<\/li>\n<li>Kratka wentylacyjna otwierana bez u\u017cycia narz\u0119dzi<\/li>\n<li>Podstawa szafy ze stali nierdzewnej w kszta\u0142cie palety<\/li>\n<li>Podest zapewniaj\u0105cy prawid\u0142ow\u0105 cyrkulacj\u0119 powietrza<\/li>\n","protected":false},"excerpt":{"rendered":"<p>Szafa ch\u0142odnicza do transportu, drzwi skrzyd\u0142owe SCh-Z Cargo 1000 Drzwi stalowe, skrzyd\u0142owe Dno komory przechowalniczej ze stali nierdzewnej &#8222;lustro&#8221; 3 klasa klimatyczna Ch\u0142odzenie dynamiczne Agregat wewn\u0119trzny zasilany napi\u0119ciem 12 VDC, 24 VDC lub 230 VAC przystosowany do pracy z czynnikiem R-600a Elektroniczny regulator temperatury z wy\u015bwietlaczem System automatycznego odparowania skroplin Korpus powlekany na kolor RAL [&hellip;]<\/p>\n","protected":false},"featured_media":30912,"template":"","meta":{"_et_pb_use_builder":"","_et_pb_old_content":"","_et_gb_content_width":""},"pwb-brand":[1208],"product_brand":[],"product_cat":[518],"product_tag":[],"class_list":{"0":"post-63196","1":"product","2":"type-product","3":"status-publish","4":"has-post-thumbnail","6":"pwb-brand-rapa","7":"product_cat-szafy-chlodnicze","9":"first","10":"instock","11":"taxable","12":"shipping-taxable","13":"purchasable","14":"product-type-simple"},"brands":[{"id":1208,"name":"RAPA","slug":"rapa"}],"_links":{"self":[{"href":"https:\/\/www.multifrigo.pl\/sklep\/wp-json\/wp\/v2\/product\/63196","targetHints":{"allow":["GET"]}}],"collection":[{"href":"https:\/\/www.multifrigo.pl\/sklep\/wp-json\/wp\/v2\/product"}],"about":[{"href":"https:\/\/www.multifrigo.pl\/sklep\/wp-json\/wp\/v2\/types\/product"}],"wp:featuredmedia":[{"embeddable":true,"href":"https:\/\/www.multifrigo.pl\/sklep\/wp-json\/wp\/v2\/media\/30912"}],"wp:attachment":[{"href":"https:\/\/www.multifrigo.pl\/sklep\/wp-json\/wp\/v2\/media?parent=63196"}],"wp:term":[{"taxonomy":"pwb-brand","embeddable":true,"href":"https:\/\/www.multifrigo.pl\/sklep\/wp-json\/wp\/v2\/pwb-brand?post=63196"},{"taxonomy":"product_brand","embeddable":true,"href":"https:\/\/www.multifrigo.pl\/sklep\/wp-json\/wp\/v2\/product_brand?post=63196"},{"taxonomy":"product_cat","embeddable":true,"href":"https:\/\/www.multifrigo.pl\/sklep\/wp-json\/wp\/v2\/product_cat?post=63196"},{"taxonomy":"product_tag","embeddable":true,"href":"https:\/\/www.multifrigo.pl\/sklep\/wp-json\/wp\/v2\/product_tag?post=63196"}],"curies":[{"name":"wp","href":"https:\/\/api.w.org\/{rel}","templated":true}]}}