{"id":63222,"date":"2025-05-23T20:07:03","date_gmt":"2025-05-23T20:07:03","guid":{"rendered":"https:\/\/www.multifrigo.pl\/sklep\/produkt\/stol-przyscienny-z-drzwiami-skrzydlowymi-1000x600x850-sg-z-1000-600-rapa\/"},"modified":"2025-09-08T09:26:17","modified_gmt":"2025-09-08T09:26:17","slug":"stol-przyscienny-z-drzwiami-skrzydlowymi-1000x600x850-sg-z-1000-600-rapa","status":"publish","type":"product","link":"https:\/\/www.multifrigo.pl\/sklep\/produkt\/stol-przyscienny-z-drzwiami-skrzydlowymi-1000x600x850-sg-z-1000-600-rapa\/","title":{"rendered":"St\u00f3\u0142 przy\u015bcienny z drzwiami skrzyd\u0142owymi 1000x600x850 SG-Z 1000\/600 | RAPA"},"content":{"rendered":"<p><b>St\u00f3\u0142 przy\u015bcienny z drzwiami skrzyd\u0142owymi 1000x600x850 SG-Z 1000\/600<\/b><\/p>\n<li>St\u00f3\u0142 ze stali nierdzewnej kwasoodpornej AISI 304<\/li>\n<li>Regulowane stopy w zakresie -5\/+15 mm<\/li>\n<li>Nogi sto\u0142u z profilu 50x50x1,5 mm ze stali nierdzewnej kwasoodpornej AISI 304<\/li>\n<li>Blat sto\u0142u wyko\u0144czony tylnym rantem lub z dodatkowymi rantami bocznymi<\/li>\n<li>Korpus bez p\u00f3\u0142ek, z jedn\u0105 p\u00f3\u0142k\u0105 lub z dwiema p\u00f3\u0142kami<\/li>\n<li>Drzwi stalowe, skrzyd\u0142owe<\/li>\n","protected":false},"excerpt":{"rendered":"<p>St\u00f3\u0142 przy\u015bcienny z drzwiami skrzyd\u0142owymi 1000x600x850 SG-Z 1000\/600 St\u00f3\u0142 ze stali nierdzewnej kwasoodpornej AISI 304 Regulowane stopy w zakresie -5\/+15 mm Nogi sto\u0142u z profilu 50x50x1,5 mm ze stali nierdzewnej kwasoodpornej AISI 304 Blat sto\u0142u wyko\u0144czony tylnym rantem lub z dodatkowymi rantami bocznymi Korpus bez p\u00f3\u0142ek, z jedn\u0105 p\u00f3\u0142k\u0105 lub z dwiema p\u00f3\u0142kami Drzwi stalowe, [&hellip;]<\/p>\n","protected":false},"featured_media":31128,"template":"","meta":{"_et_pb_use_builder":"","_et_pb_old_content":"","_et_gb_content_width":""},"pwb-brand":[1208],"product_brand":[],"product_cat":[139],"product_tag":[],"class_list":{"0":"post-63222","1":"product","2":"type-product","3":"status-publish","4":"has-post-thumbnail","6":"pwb-brand-rapa","7":"product_cat-stoly-przyscienne","9":"first","10":"instock","11":"taxable","12":"shipping-taxable","13":"purchasable","14":"product-type-simple"},"brands":[{"id":1208,"name":"RAPA","slug":"rapa"}],"_links":{"self":[{"href":"https:\/\/www.multifrigo.pl\/sklep\/wp-json\/wp\/v2\/product\/63222","targetHints":{"allow":["GET"]}}],"collection":[{"href":"https:\/\/www.multifrigo.pl\/sklep\/wp-json\/wp\/v2\/product"}],"about":[{"href":"https:\/\/www.multifrigo.pl\/sklep\/wp-json\/wp\/v2\/types\/product"}],"wp:featuredmedia":[{"embeddable":true,"href":"https:\/\/www.multifrigo.pl\/sklep\/wp-json\/wp\/v2\/media\/31128"}],"wp:attachment":[{"href":"https:\/\/www.multifrigo.pl\/sklep\/wp-json\/wp\/v2\/media?parent=63222"}],"wp:term":[{"taxonomy":"pwb-brand","embeddable":true,"href":"https:\/\/www.multifrigo.pl\/sklep\/wp-json\/wp\/v2\/pwb-brand?post=63222"},{"taxonomy":"product_brand","embeddable":true,"href":"https:\/\/www.multifrigo.pl\/sklep\/wp-json\/wp\/v2\/product_brand?post=63222"},{"taxonomy":"product_cat","embeddable":true,"href":"https:\/\/www.multifrigo.pl\/sklep\/wp-json\/wp\/v2\/product_cat?post=63222"},{"taxonomy":"product_tag","embeddable":true,"href":"https:\/\/www.multifrigo.pl\/sklep\/wp-json\/wp\/v2\/product_tag?post=63222"}],"curies":[{"name":"wp","href":"https:\/\/api.w.org\/{rel}","templated":true}]}}