{"id":63257,"date":"2025-05-23T20:09:16","date_gmt":"2025-05-23T20:09:16","guid":{"rendered":"https:\/\/www.multifrigo.pl\/sklep\/produkt\/regal-piekarniczy-rp-b-82-80-modul-rapa\/"},"modified":"2025-09-08T09:28:26","modified_gmt":"2025-09-08T09:28:26","slug":"regal-piekarniczy-rp-b-82-80-modul-rapa","status":"publish","type":"product","link":"https:\/\/www.multifrigo.pl\/sklep\/produkt\/regal-piekarniczy-rp-b-82-80-modul-rapa\/","title":{"rendered":"Rega\u0142 piekarniczy RP-B 82\/80 MODU\u0141 | RAPA"},"content":{"rendered":"<p><b>Rega\u0142 piekarniczy RP-B 82\/80 MODU\u0141<\/b><\/p>\n<li>Listwy cenowe<\/li>\n<li>Lustra g\u00f3rne<\/li>\n<li>Nogi regulowane ze stali nierdzewnej<\/li>\n<li>Odbojniki szare z mi\u0119kkiego PVC<\/li>\n<li>O\u015bwietlenie LED ka\u017cdej p\u00f3\u0142ki o barwie neutralnej<\/li>\n<li>P\u00f3\u0142ki bukowe, pochylone<\/li>\n<li>Wysuwana taca na odpadki ze stali nierdzewnej<\/li>\n<li>Mo\u017cliwo\u015b\u0107 \u0142\u0105czenia w ci\u0105gi<\/li>\n<li>Wyko\u0144czenie frontu urz\u0105dzenia ze stali malowanej na wybrany kolor ze wzornika RAPA<\/li>\n","protected":false},"excerpt":{"rendered":"<p>Rega\u0142 piekarniczy RP-B 82\/80 MODU\u0141 Listwy cenowe Lustra g\u00f3rne Nogi regulowane ze stali nierdzewnej Odbojniki szare z mi\u0119kkiego PVC O\u015bwietlenie LED ka\u017cdej p\u00f3\u0142ki o barwie neutralnej P\u00f3\u0142ki bukowe, pochylone Wysuwana taca na odpadki ze stali nierdzewnej Mo\u017cliwo\u015b\u0107 \u0142\u0105czenia w ci\u0105gi Wyko\u0144czenie frontu urz\u0105dzenia ze stali malowanej na wybrany kolor ze wzornika RAPA<\/p>\n","protected":false},"featured_media":30776,"template":"","meta":{"_et_pb_use_builder":"","_et_pb_old_content":"","_et_gb_content_width":""},"pwb-brand":[1208],"product_brand":[],"product_cat":[1300],"product_tag":[],"class_list":{"0":"post-63257","1":"product","2":"type-product","3":"status-publish","4":"has-post-thumbnail","6":"pwb-brand-rapa","7":"product_cat-regaly-piekarnicze-i-warzywnicze","9":"first","10":"instock","11":"taxable","12":"shipping-taxable","13":"purchasable","14":"product-type-simple"},"brands":[{"id":1208,"name":"RAPA","slug":"rapa"}],"_links":{"self":[{"href":"https:\/\/www.multifrigo.pl\/sklep\/wp-json\/wp\/v2\/product\/63257","targetHints":{"allow":["GET"]}}],"collection":[{"href":"https:\/\/www.multifrigo.pl\/sklep\/wp-json\/wp\/v2\/product"}],"about":[{"href":"https:\/\/www.multifrigo.pl\/sklep\/wp-json\/wp\/v2\/types\/product"}],"wp:featuredmedia":[{"embeddable":true,"href":"https:\/\/www.multifrigo.pl\/sklep\/wp-json\/wp\/v2\/media\/30776"}],"wp:attachment":[{"href":"https:\/\/www.multifrigo.pl\/sklep\/wp-json\/wp\/v2\/media?parent=63257"}],"wp:term":[{"taxonomy":"pwb-brand","embeddable":true,"href":"https:\/\/www.multifrigo.pl\/sklep\/wp-json\/wp\/v2\/pwb-brand?post=63257"},{"taxonomy":"product_brand","embeddable":true,"href":"https:\/\/www.multifrigo.pl\/sklep\/wp-json\/wp\/v2\/product_brand?post=63257"},{"taxonomy":"product_cat","embeddable":true,"href":"https:\/\/www.multifrigo.pl\/sklep\/wp-json\/wp\/v2\/product_cat?post=63257"},{"taxonomy":"product_tag","embeddable":true,"href":"https:\/\/www.multifrigo.pl\/sklep\/wp-json\/wp\/v2\/product_tag?post=63257"}],"curies":[{"name":"wp","href":"https:\/\/api.w.org\/{rel}","templated":true}]}}