{"id":63259,"date":"2025-05-23T20:09:23","date_gmt":"2025-05-23T20:09:23","guid":{"rendered":"https:\/\/www.multifrigo.pl\/sklep\/produkt\/witryna-cukiernicza-excellente-c-c-sl-rapa\/"},"modified":"2025-09-08T09:28:29","modified_gmt":"2025-09-08T09:28:29","slug":"witryna-cukiernicza-excellente-c-c-sl-100-795-rapa","status":"publish","type":"product","link":"https:\/\/www.multifrigo.pl\/sklep\/produkt\/witryna-cukiernicza-excellente-c-c-sl-100-795-rapa\/","title":{"rendered":"Witryna cukiernicza EXCELLENTE C-C SL 100\/795 | RAPA"},"content":{"rendered":"<p><b>Witryna cukiernicza EXCELLENTE C-C SL<\/b><\/p>\n<li>3 klasa klimatyczna<\/li>\n<li>Agregat wewn\u0119trzny inwerterowy<\/li>\n<li>Ch\u0142odzenie dynamiczne<\/li>\n<li>Elektroniczny regulator temperatury z wy\u015bwietlaczem od strony obs\u0142ugi<\/li>\n<li>Filtr przeciwpy\u0142kowy<\/li>\n<li>Kurtyna powietrzna &#8211; eliminuj\u0105ca straty podczas otwierania drzwi<\/li>\n<li>Odp\u0142yw skroplin do pojemnika<\/li>\n<li>Boki z lakierowanej p\u0142yty MDF czarne lub bia\u0142e<\/li>\n<li>Front z lakierowanej p\u0142yty MDF lub z p\u0142yty meblowej &#8211; wyb\u00f3r dekor\u00f3w ze wzornika RAPA<\/li>\n<li>Kratka wentylacyjna zamykana na magnes<\/li>\n<li>Nogi regulowane<\/li>\n<li>Urz\u0105dzenie wolnostoj\u0105ce z mo\u017cliwo\u015bci\u0105 \u0142\u0105czenia w ci\u0105gi<\/li>\n<li>Dodatkowy wewn\u0119trzny blat szklany<\/li>\n<li>O\u015bwietlenie LED pionowe i g\u00f3rne<\/li>\n<li>P\u00f3\u0142ki szklane, hartowane &#8211; 3 szt. &#8211; regulowane co 5 cm<\/li>\n<li>Szyba czo\u0142owa prosta, uchylna z systemem si\u0142ownik\u00f3w<\/li>\n<li>Drzwi skrzyd\u0142owe lub rozsuwane z szyb zespolonych, niskoemisyjnych<\/li>\n","protected":false},"excerpt":{"rendered":"<p>Witryna cukiernicza EXCELLENTE C-C SL 3 klasa klimatyczna Agregat wewn\u0119trzny inwerterowy Ch\u0142odzenie dynamiczne Elektroniczny regulator temperatury z wy\u015bwietlaczem od strony obs\u0142ugi Filtr przeciwpy\u0142kowy Kurtyna powietrzna &#8211; eliminuj\u0105ca straty podczas otwierania drzwi Odp\u0142yw skroplin do pojemnika Boki z lakierowanej p\u0142yty MDF czarne lub bia\u0142e Front z lakierowanej p\u0142yty MDF lub z p\u0142yty meblowej &#8211; wyb\u00f3r dekor\u00f3w [&hellip;]<\/p>\n","protected":false},"featured_media":31197,"template":"","meta":{"_et_pb_use_builder":"","_et_pb_old_content":"","_et_gb_content_width":""},"pwb-brand":[1208],"product_brand":[],"product_cat":[472],"product_tag":[],"class_list":{"0":"post-63259","1":"product","2":"type-product","3":"status-publish","4":"has-post-thumbnail","6":"pwb-brand-rapa","7":"product_cat-witryny-cukiernicze","9":"first","10":"instock","11":"taxable","12":"shipping-taxable","13":"purchasable","14":"product-type-simple"},"brands":[{"id":1208,"name":"RAPA","slug":"rapa"}],"_links":{"self":[{"href":"https:\/\/www.multifrigo.pl\/sklep\/wp-json\/wp\/v2\/product\/63259","targetHints":{"allow":["GET"]}}],"collection":[{"href":"https:\/\/www.multifrigo.pl\/sklep\/wp-json\/wp\/v2\/product"}],"about":[{"href":"https:\/\/www.multifrigo.pl\/sklep\/wp-json\/wp\/v2\/types\/product"}],"wp:featuredmedia":[{"embeddable":true,"href":"https:\/\/www.multifrigo.pl\/sklep\/wp-json\/wp\/v2\/media\/31197"}],"wp:attachment":[{"href":"https:\/\/www.multifrigo.pl\/sklep\/wp-json\/wp\/v2\/media?parent=63259"}],"wp:term":[{"taxonomy":"pwb-brand","embeddable":true,"href":"https:\/\/www.multifrigo.pl\/sklep\/wp-json\/wp\/v2\/pwb-brand?post=63259"},{"taxonomy":"product_brand","embeddable":true,"href":"https:\/\/www.multifrigo.pl\/sklep\/wp-json\/wp\/v2\/product_brand?post=63259"},{"taxonomy":"product_cat","embeddable":true,"href":"https:\/\/www.multifrigo.pl\/sklep\/wp-json\/wp\/v2\/product_cat?post=63259"},{"taxonomy":"product_tag","embeddable":true,"href":"https:\/\/www.multifrigo.pl\/sklep\/wp-json\/wp\/v2\/product_tag?post=63259"}],"curies":[{"name":"wp","href":"https:\/\/api.w.org\/{rel}","templated":true}]}}