{"id":63261,"date":"2025-05-23T20:09:32","date_gmt":"2025-05-23T20:09:32","guid":{"rendered":"https:\/\/www.multifrigo.pl\/sklep\/produkt\/regal-chlodniczy-rch-gt-s-remote-259-rapa\/"},"modified":"2025-09-08T09:28:29","modified_gmt":"2025-09-08T09:28:29","slug":"regal-chlodniczy-rch-gts-250-258-remote-rapa","status":"publish","type":"product","link":"https:\/\/www.multifrigo.pl\/sklep\/produkt\/regal-chlodniczy-rch-gts-250-258-remote-rapa\/","title":{"rendered":"Rega\u0142 ch\u0142odniczy RCh-GTS 250\/258 remote  | RAPA"},"content":{"rendered":"<p><b>Rega\u0142 ch\u0142odniczy RCh-GT S remote 259<\/b><\/p>\n<li>3 klasa klimatyczna<\/li>\n<li>Ch\u0142odzenie dynamiczne<\/li>\n<li>Elektroniczny regulator temperatury z wy\u015bwietlaczem<\/li>\n<li>Wersja remote (bez agregatu wewn\u0119trznego)<\/li>\n<li>Nogi regulowane<\/li>\n<li>Wszystkie szyby zespolone, hartowane obustronnie, niskoemisyjne<\/li>\n<li>Drzwi przeszklone, skrzyd\u0142owe<\/li>\n<li>Front g\u00f3rny i dolny ze stali powlekanej na kolor RAL 7016 Szary antracytowy \u2013 p\u00f3\u0142mat lub 9010 Bia\u0142y czysty &#8211; p\u00f3\u0142mat<\/li>\n<li>Wewn\u0119trzna i zewn\u0119trzna strona bok\u00f3w ze stali powlekanej w kolor RAL 7016 Szary antracytowy \u2013 p\u00f3\u0142mat lub 9010 Bia\u0142y czysty \u2013 p\u00f3\u0142mat<\/li>\n<li>Komplet 5 poziom\u00f3w p\u00f3\u0142ek wraz ze wspornikami ze stali powlekanej w kolorze RAL 7016 Szary antracytowy \u2013 p\u00f3\u0142mat lub 9010 Bia\u0142y czysty &#8211; p\u00f3\u0142mat<\/li>\n<li>O\u015bwietlenie LED dopasowane do produkt\u00f3w<\/li>\n<li>Wn\u0119trze ekspozycji (dno, p\u00f3\u0142ki, \u015bcianka, wsporniki) ze stali powlekanej w kolorze RAL 7016 Szary antracytowy \u2013 p\u00f3\u0142mat lub 9010 Bia\u0142y czysty &#8211; p\u00f3\u0142mat<\/li>\n","protected":false},"excerpt":{"rendered":"<p>Rega\u0142 ch\u0142odniczy RCh-GT S remote 259 3 klasa klimatyczna Ch\u0142odzenie dynamiczne Elektroniczny regulator temperatury z wy\u015bwietlaczem Wersja remote (bez agregatu wewn\u0119trznego) Nogi regulowane Wszystkie szyby zespolone, hartowane obustronnie, niskoemisyjne Drzwi przeszklone, skrzyd\u0142owe Front g\u00f3rny i dolny ze stali powlekanej na kolor RAL 7016 Szary antracytowy \u2013 p\u00f3\u0142mat lub 9010 Bia\u0142y czysty &#8211; p\u00f3\u0142mat Wewn\u0119trzna i [&hellip;]<\/p>\n","protected":false},"featured_media":31211,"template":"","meta":{"_et_pb_use_builder":"","_et_pb_old_content":"","_et_gb_content_width":""},"pwb-brand":[1208],"product_brand":[],"product_cat":[1290],"product_tag":[],"class_list":{"0":"post-63261","1":"product","2":"type-product","3":"status-publish","4":"has-post-thumbnail","6":"pwb-brand-rapa","7":"product_cat-regaly-chlodnicze","9":"first","10":"instock","11":"taxable","12":"shipping-taxable","13":"purchasable","14":"product-type-simple"},"brands":[{"id":1208,"name":"RAPA","slug":"rapa"}],"_links":{"self":[{"href":"https:\/\/www.multifrigo.pl\/sklep\/wp-json\/wp\/v2\/product\/63261","targetHints":{"allow":["GET"]}}],"collection":[{"href":"https:\/\/www.multifrigo.pl\/sklep\/wp-json\/wp\/v2\/product"}],"about":[{"href":"https:\/\/www.multifrigo.pl\/sklep\/wp-json\/wp\/v2\/types\/product"}],"wp:featuredmedia":[{"embeddable":true,"href":"https:\/\/www.multifrigo.pl\/sklep\/wp-json\/wp\/v2\/media\/31211"}],"wp:attachment":[{"href":"https:\/\/www.multifrigo.pl\/sklep\/wp-json\/wp\/v2\/media?parent=63261"}],"wp:term":[{"taxonomy":"pwb-brand","embeddable":true,"href":"https:\/\/www.multifrigo.pl\/sklep\/wp-json\/wp\/v2\/pwb-brand?post=63261"},{"taxonomy":"product_brand","embeddable":true,"href":"https:\/\/www.multifrigo.pl\/sklep\/wp-json\/wp\/v2\/product_brand?post=63261"},{"taxonomy":"product_cat","embeddable":true,"href":"https:\/\/www.multifrigo.pl\/sklep\/wp-json\/wp\/v2\/product_cat?post=63261"},{"taxonomy":"product_tag","embeddable":true,"href":"https:\/\/www.multifrigo.pl\/sklep\/wp-json\/wp\/v2\/product_tag?post=63261"}],"curies":[{"name":"wp","href":"https:\/\/api.w.org\/{rel}","templated":true}]}}