{"id":63265,"date":"2025-05-23T20:09:44","date_gmt":"2025-05-23T20:09:44","guid":{"rendered":"https:\/\/www.multifrigo.pl\/sklep\/produkt\/schladzarka-na-odpady-rapa-bin2-rapa\/"},"modified":"2025-09-08T09:28:30","modified_gmt":"2025-09-08T09:28:30","slug":"schladzarka-na-odpady-rapa-bin2-rapa","status":"publish","type":"product","link":"https:\/\/www.multifrigo.pl\/sklep\/produkt\/schladzarka-na-odpady-rapa-bin2-rapa\/","title":{"rendered":"Sch\u0142adzarka na odpady RAPA-BIN2 | RAPA"},"content":{"rendered":"<p><b>Sch\u0142adzarka na odpady RAPA-BIN2<\/b><\/p>\n<li>3 klasa klimatyczna<\/li>\n<li>Agregat wewn\u0119trzny inwerterowy zasilany ekologicznym czynnikiem R-290<\/li>\n<li>Ch\u0142odzenie dynamiczne<\/li>\n<li>Elektroniczny regulator temperatury z wy\u015bwietlaczem<\/li>\n<li>Odp\u0142yw skroplin do pojemnika<\/li>\n<li>Drzwi stalowe, skrzyd\u0142owe<\/li>\n<li>Pokrywy urz\u0105dzenia z systemem si\u0142ownik\u00f3w<\/li>\n<li>Korpus wykonany ze stali nierdzewnej &#8222;szlif&#8221;<\/li>\n<li>Pr\u00f3g najazdowy umo\u017cliwiaj\u0105cy \u0142atwy roz\u0142adunek i za\u0142adunek pojemnik\u00f3w na odpady<\/li>\n<li>Izolowane dno komory przechowalniczej ze stali nierdzewnej &#8222;szlif\u201d<\/li>\n<li>Wn\u0119trze komory przechowalniczej bez przegrody<\/li>\n<li>\u015aciany komory ze stali nierdzewnej &#8222;lustro&#8221;<\/li>\n","protected":false},"excerpt":{"rendered":"<p>Sch\u0142adzarka na odpady RAPA-BIN23 klasa klimatyczna Agregat wewn\u0119trzny inwerterowy zasilany ekologicznym czynnikiem R-290 Ch\u0142odzenie dynamiczne Elektroniczny regulator temperatury z wy\u015bwietlaczem Odp\u0142yw skroplin do pojemnika Drzwi stalowe, skrzyd\u0142owe Pokrywy urz\u0105dzenia z systemem si\u0142ownik\u00f3w Korpus wykonany ze stali nierdzewnej &#8222;szlif&#8221; Pr\u00f3g najazdowy umo\u017cliwiaj\u0105cy \u0142atwy roz\u0142adunek i za\u0142adunek pojemnik\u00f3w na odpady Izolowane dno komory przechowalniczej ze stali nierdzewnej [&hellip;]<\/p>\n","protected":false},"featured_media":31215,"template":"","meta":{"_et_pb_use_builder":"on","_et_pb_old_content":"<b>Sch\u0142adzarka na odpady RAPA-BIN2<\/b><br><li>3 klasa klimatyczna<\/li>\n<li>Agregat wewn\u0119trzny inwerterowy zasilany ekologicznym czynnikiem R-290<\/li>\n<li>Ch\u0142odzenie dynamiczne<\/li>\n<li>Elektroniczny regulator temperatury z wy\u015bwietlaczem<\/li>\n<li>Odp\u0142yw skroplin do pojemnika<\/li>\n<li>Drzwi stalowe, skrzyd\u0142owe<\/li>\n<li>Pokrywy urz\u0105dzenia z systemem si\u0142ownik\u00f3w<\/li>\n<li>Korpus wykonany ze stali nierdzewnej \"szlif\"<\/li>\n<li>Pr\u00f3g najazdowy umo\u017cliwiaj\u0105cy \u0142atwy roz\u0142adunek i za\u0142adunek pojemnik\u00f3w na odpady<\/li>\n<li>Izolowane dno komory przechowalniczej ze stali nierdzewnej \"szlif\u201d<\/li>\n<li>Wn\u0119trze komory przechowalniczej bez przegrody<\/li>\n<li>\u015aciany komory ze stali nierdzewnej \"lustro\"<\/li>\n","_et_gb_content_width":""},"pwb-brand":[1208],"product_brand":[],"product_cat":[1331],"product_tag":[],"class_list":{"0":"post-63265","1":"product","2":"type-product","3":"status-publish","4":"has-post-thumbnail","6":"pwb-brand-rapa","7":"product_cat-schladzarki-na-odpady","9":"first","10":"instock","11":"taxable","12":"shipping-taxable","13":"purchasable","14":"product-type-simple"},"brands":[{"id":1208,"name":"RAPA","slug":"rapa"}],"_links":{"self":[{"href":"https:\/\/www.multifrigo.pl\/sklep\/wp-json\/wp\/v2\/product\/63265","targetHints":{"allow":["GET"]}}],"collection":[{"href":"https:\/\/www.multifrigo.pl\/sklep\/wp-json\/wp\/v2\/product"}],"about":[{"href":"https:\/\/www.multifrigo.pl\/sklep\/wp-json\/wp\/v2\/types\/product"}],"wp:featuredmedia":[{"embeddable":true,"href":"https:\/\/www.multifrigo.pl\/sklep\/wp-json\/wp\/v2\/media\/31215"}],"wp:attachment":[{"href":"https:\/\/www.multifrigo.pl\/sklep\/wp-json\/wp\/v2\/media?parent=63265"}],"wp:term":[{"taxonomy":"pwb-brand","embeddable":true,"href":"https:\/\/www.multifrigo.pl\/sklep\/wp-json\/wp\/v2\/pwb-brand?post=63265"},{"taxonomy":"product_brand","embeddable":true,"href":"https:\/\/www.multifrigo.pl\/sklep\/wp-json\/wp\/v2\/product_brand?post=63265"},{"taxonomy":"product_cat","embeddable":true,"href":"https:\/\/www.multifrigo.pl\/sklep\/wp-json\/wp\/v2\/product_cat?post=63265"},{"taxonomy":"product_tag","embeddable":true,"href":"https:\/\/www.multifrigo.pl\/sklep\/wp-json\/wp\/v2\/product_tag?post=63265"}],"curies":[{"name":"wp","href":"https:\/\/api.w.org\/{rel}","templated":true}]}}