{"id":66973,"date":"2025-05-26T17:15:14","date_gmt":"2025-05-26T17:15:14","guid":{"rendered":"https:\/\/www.multifrigo.pl\/sklep\/?post_type=product&#038;p=66973"},"modified":"2025-05-26T23:10:24","modified_gmt":"2025-05-26T23:10:24","slug":"podstawa-xs-typ-6-2-3-calkowicie-odkryta-rational-60-31-029","status":"publish","type":"product","link":"https:\/\/www.multifrigo.pl\/sklep\/produkt\/podstawa-xs-typ-6-2-3-calkowicie-odkryta-rational-60-31-029\/","title":{"rendered":"Podstawa XS, typ 6-2\/3, ca\u0142kowicie odkryta | Rational 60.31.029"},"content":{"rendered":"<p>Podstawa XS do podwy\u017cszonego o 150 do 190 mm ustawienia urz\u0105dzenia na niskich blatach oraz niwelowania lekkich nier\u00f3wno\u015bci powierzchni roboczych oraz mocowania do sto\u0142u (wersja morska MarineLine). Ca\u0142kowicie odkryta. <\/p>\n","protected":false},"excerpt":{"rendered":"<p>Podstawa XS do podwy\u017cszonego o 150 do 190 mm ustawienia urz\u0105dzenia na niskich blatach oraz niwelowania lekkich nier\u00f3wno\u015bci powierzchni roboczych oraz mocowania do sto\u0142u (wersja morska MarineLine). Ca\u0142kowicie odkryta.<\/p>\n","protected":false},"featured_media":28362,"template":"","meta":{"_et_pb_use_builder":"","_et_pb_old_content":"","_et_gb_content_width":""},"pwb-brand":[1016],"product_brand":[],"product_cat":[542],"product_tag":[],"class_list":{"0":"post-66973","1":"product","2":"type-product","3":"status-publish","4":"has-post-thumbnail","6":"pwb-brand-rational","7":"product_cat-podstawy-pod-piece","9":"first","10":"instock","11":"taxable","12":"shipping-taxable","13":"purchasable","14":"product-type-simple"},"brands":[{"id":1016,"name":"Rational","slug":"rational"}],"_links":{"self":[{"href":"https:\/\/www.multifrigo.pl\/sklep\/wp-json\/wp\/v2\/product\/66973","targetHints":{"allow":["GET"]}}],"collection":[{"href":"https:\/\/www.multifrigo.pl\/sklep\/wp-json\/wp\/v2\/product"}],"about":[{"href":"https:\/\/www.multifrigo.pl\/sklep\/wp-json\/wp\/v2\/types\/product"}],"wp:featuredmedia":[{"embeddable":true,"href":"https:\/\/www.multifrigo.pl\/sklep\/wp-json\/wp\/v2\/media\/28362"}],"wp:attachment":[{"href":"https:\/\/www.multifrigo.pl\/sklep\/wp-json\/wp\/v2\/media?parent=66973"}],"wp:term":[{"taxonomy":"pwb-brand","embeddable":true,"href":"https:\/\/www.multifrigo.pl\/sklep\/wp-json\/wp\/v2\/pwb-brand?post=66973"},{"taxonomy":"product_brand","embeddable":true,"href":"https:\/\/www.multifrigo.pl\/sklep\/wp-json\/wp\/v2\/product_brand?post=66973"},{"taxonomy":"product_cat","embeddable":true,"href":"https:\/\/www.multifrigo.pl\/sklep\/wp-json\/wp\/v2\/product_cat?post=66973"},{"taxonomy":"product_tag","embeddable":true,"href":"https:\/\/www.multifrigo.pl\/sklep\/wp-json\/wp\/v2\/product_tag?post=66973"}],"curies":[{"name":"wp","href":"https:\/\/api.w.org\/{rel}","templated":true}]}}