{"id":66974,"date":"2025-05-26T17:15:16","date_gmt":"2025-05-26T17:15:16","guid":{"rendered":"https:\/\/www.multifrigo.pl\/sklep\/?post_type=product&#038;p=66974"},"modified":"2025-05-26T23:10:25","modified_gmt":"2025-05-26T23:10:25","slug":"podstawa-ii-typ-xs-6-2-3-rational-60-31-044","status":"publish","type":"product","link":"https:\/\/www.multifrigo.pl\/sklep\/produkt\/podstawa-ii-typ-xs-6-2-3-rational-60-31-044\/","title":{"rendered":"Podstawa II, typ XS 6-2\/3 | Rational 60.31.044"},"content":{"rendered":"<p>Podstawa II otwarta z dw\u00f3ch stron, ze \u015bciankami bocznymi. 8 par prowadnic z dwoma p\u00f3\u0142kami i jednym poziomem po\u015brednim. <\/p>\n","protected":false},"excerpt":{"rendered":"<p>Podstawa II otwarta z dw\u00f3ch stron, ze \u015bciankami bocznymi. 8 par prowadnic z dwoma p\u00f3\u0142kami i jednym poziomem po\u015brednim.<\/p>\n","protected":false},"featured_media":28363,"template":"","meta":{"_et_pb_use_builder":"","_et_pb_old_content":"","_et_gb_content_width":""},"pwb-brand":[1016],"product_brand":[],"product_cat":[542],"product_tag":[],"class_list":{"0":"post-66974","1":"product","2":"type-product","3":"status-publish","4":"has-post-thumbnail","6":"pwb-brand-rational","7":"product_cat-podstawy-pod-piece","9":"first","10":"instock","11":"taxable","12":"shipping-taxable","13":"purchasable","14":"product-type-simple"},"brands":[{"id":1016,"name":"Rational","slug":"rational"}],"_links":{"self":[{"href":"https:\/\/www.multifrigo.pl\/sklep\/wp-json\/wp\/v2\/product\/66974","targetHints":{"allow":["GET"]}}],"collection":[{"href":"https:\/\/www.multifrigo.pl\/sklep\/wp-json\/wp\/v2\/product"}],"about":[{"href":"https:\/\/www.multifrigo.pl\/sklep\/wp-json\/wp\/v2\/types\/product"}],"wp:featuredmedia":[{"embeddable":true,"href":"https:\/\/www.multifrigo.pl\/sklep\/wp-json\/wp\/v2\/media\/28363"}],"wp:attachment":[{"href":"https:\/\/www.multifrigo.pl\/sklep\/wp-json\/wp\/v2\/media?parent=66974"}],"wp:term":[{"taxonomy":"pwb-brand","embeddable":true,"href":"https:\/\/www.multifrigo.pl\/sklep\/wp-json\/wp\/v2\/pwb-brand?post=66974"},{"taxonomy":"product_brand","embeddable":true,"href":"https:\/\/www.multifrigo.pl\/sklep\/wp-json\/wp\/v2\/product_brand?post=66974"},{"taxonomy":"product_cat","embeddable":true,"href":"https:\/\/www.multifrigo.pl\/sklep\/wp-json\/wp\/v2\/product_cat?post=66974"},{"taxonomy":"product_tag","embeddable":true,"href":"https:\/\/www.multifrigo.pl\/sklep\/wp-json\/wp\/v2\/product_tag?post=66974"}],"curies":[{"name":"wp","href":"https:\/\/api.w.org\/{rel}","templated":true}]}}