{"id":66986,"date":"2025-05-26T17:15:31","date_gmt":"2025-05-26T17:15:31","guid":{"rendered":"https:\/\/www.multifrigo.pl\/sklep\/?post_type=product&#038;p=66986"},"modified":"2025-05-26T23:10:34","modified_gmt":"2025-05-26T23:10:34","slug":"podstawa-ii-mobilityline-do-piecow-typ-6-1-1-i-10-1-1-rational-60-31-164","status":"publish","type":"product","link":"https:\/\/www.multifrigo.pl\/sklep\/produkt\/podstawa-ii-mobilityline-do-piecow-typ-6-1-1-i-10-1-1-rational-60-31-164\/","title":{"rendered":"Podstawa II MobilityLine do piec\u00f3w typ 6-1\/1 i 10-1\/1 | Rational 60.31.164"},"content":{"rendered":"<p>Podstawa II MobilityLine do pieca RATIONAL typ 6-1\/1 i 10-1\/1. 14 par prowadnic. Otwarta z dw\u00f3ch stron, ze \u015bciankami bocznymi, wzmocnienia po bokach. Cztery k\u00f3\u0142ka ze stali nierdzewnej o \u015brednicy 200 mm. Nak\u0142adka z pa\u0142\u0105kami chroni\u0105cymi przed uderzeniami.<\/p>\n","protected":false},"excerpt":{"rendered":"<p>Podstawa II MobilityLine do pieca RATIONAL typ 6-1\/1 i 10-1\/1. 14 par prowadnic. Otwarta z dw\u00f3ch stron, ze \u015bciankami bocznymi, wzmocnienia po bokach. Cztery k\u00f3\u0142ka ze stali nierdzewnej o \u015brednicy 200 mm. Nak\u0142adka z pa\u0142\u0105kami chroni\u0105cymi przed uderzeniami.<\/p>\n","protected":false},"featured_media":28374,"template":"","meta":{"_et_pb_use_builder":"","_et_pb_old_content":"","_et_gb_content_width":""},"pwb-brand":[1016],"product_brand":[],"product_cat":[542],"product_tag":[],"class_list":{"0":"post-66986","1":"product","2":"type-product","3":"status-publish","4":"has-post-thumbnail","6":"pwb-brand-rational","7":"product_cat-podstawy-pod-piece","9":"first","10":"instock","11":"taxable","12":"shipping-taxable","13":"purchasable","14":"product-type-simple"},"brands":[{"id":1016,"name":"Rational","slug":"rational"}],"_links":{"self":[{"href":"https:\/\/www.multifrigo.pl\/sklep\/wp-json\/wp\/v2\/product\/66986","targetHints":{"allow":["GET"]}}],"collection":[{"href":"https:\/\/www.multifrigo.pl\/sklep\/wp-json\/wp\/v2\/product"}],"about":[{"href":"https:\/\/www.multifrigo.pl\/sklep\/wp-json\/wp\/v2\/types\/product"}],"wp:featuredmedia":[{"embeddable":true,"href":"https:\/\/www.multifrigo.pl\/sklep\/wp-json\/wp\/v2\/media\/28374"}],"wp:attachment":[{"href":"https:\/\/www.multifrigo.pl\/sklep\/wp-json\/wp\/v2\/media?parent=66986"}],"wp:term":[{"taxonomy":"pwb-brand","embeddable":true,"href":"https:\/\/www.multifrigo.pl\/sklep\/wp-json\/wp\/v2\/pwb-brand?post=66986"},{"taxonomy":"product_brand","embeddable":true,"href":"https:\/\/www.multifrigo.pl\/sklep\/wp-json\/wp\/v2\/product_brand?post=66986"},{"taxonomy":"product_cat","embeddable":true,"href":"https:\/\/www.multifrigo.pl\/sklep\/wp-json\/wp\/v2\/product_cat?post=66986"},{"taxonomy":"product_tag","embeddable":true,"href":"https:\/\/www.multifrigo.pl\/sklep\/wp-json\/wp\/v2\/product_tag?post=66986"}],"curies":[{"name":"wp","href":"https:\/\/api.w.org\/{rel}","templated":true}]}}