{"id":67008,"date":"2025-05-26T17:15:59","date_gmt":"2025-05-26T17:15:59","guid":{"rendered":"https:\/\/www.multifrigo.pl\/sklep\/?post_type=product&#038;p=67008"},"modified":"2025-05-26T23:09:57","modified_gmt":"2025-05-26T23:09:57","slug":"stelaz-ruchomy-typ-20-1-1-20-poziomow-najwyzszy-poziom-na-wysokosci-160-m-rational-60-21-245","status":"publish","type":"product","link":"https:\/\/www.multifrigo.pl\/sklep\/produkt\/stelaz-ruchomy-typ-20-1-1-20-poziomow-najwyzszy-poziom-na-wysokosci-160-m-rational-60-21-245\/","title":{"rendered":"Stela\u017c ruchomy typ 20-1\/1, 20 poziom\u00f3w, najwy\u017cszy poziom na wysoko\u015bci 1,60 m | Rational 60.21.245"},"content":{"rendered":"<p>Stela\u017c ruchomy na akcesoria GN umo\u017cliwiaj\u0105cy wygodny i bezpieczny za\u0142adunek urz\u0105dzenia.<\/p>\n","protected":false},"excerpt":{"rendered":"<p>Stela\u017c ruchomy na akcesoria GN umo\u017cliwiaj\u0105cy wygodny i bezpieczny za\u0142adunek urz\u0105dzenia.<\/p>\n","protected":false},"featured_media":28347,"template":"","meta":{"_et_pb_use_builder":"","_et_pb_old_content":"","_et_gb_content_width":""},"pwb-brand":[1016],"product_brand":[],"product_cat":[134],"product_tag":[],"class_list":{"0":"post-67008","1":"product","2":"type-product","3":"status-publish","4":"has-post-thumbnail","6":"pwb-brand-rational","7":"product_cat-akcesoria-do-piecow","9":"first","10":"instock","11":"taxable","12":"shipping-taxable","13":"purchasable","14":"product-type-simple"},"brands":[{"id":1016,"name":"Rational","slug":"rational"}],"_links":{"self":[{"href":"https:\/\/www.multifrigo.pl\/sklep\/wp-json\/wp\/v2\/product\/67008","targetHints":{"allow":["GET"]}}],"collection":[{"href":"https:\/\/www.multifrigo.pl\/sklep\/wp-json\/wp\/v2\/product"}],"about":[{"href":"https:\/\/www.multifrigo.pl\/sklep\/wp-json\/wp\/v2\/types\/product"}],"wp:featuredmedia":[{"embeddable":true,"href":"https:\/\/www.multifrigo.pl\/sklep\/wp-json\/wp\/v2\/media\/28347"}],"wp:attachment":[{"href":"https:\/\/www.multifrigo.pl\/sklep\/wp-json\/wp\/v2\/media?parent=67008"}],"wp:term":[{"taxonomy":"pwb-brand","embeddable":true,"href":"https:\/\/www.multifrigo.pl\/sklep\/wp-json\/wp\/v2\/pwb-brand?post=67008"},{"taxonomy":"product_brand","embeddable":true,"href":"https:\/\/www.multifrigo.pl\/sklep\/wp-json\/wp\/v2\/product_brand?post=67008"},{"taxonomy":"product_cat","embeddable":true,"href":"https:\/\/www.multifrigo.pl\/sklep\/wp-json\/wp\/v2\/product_cat?post=67008"},{"taxonomy":"product_tag","embeddable":true,"href":"https:\/\/www.multifrigo.pl\/sklep\/wp-json\/wp\/v2\/product_tag?post=67008"}],"curies":[{"name":"wp","href":"https:\/\/api.w.org\/{rel}","templated":true}]}}