{"id":67010,"date":"2025-05-26T17:16:01","date_gmt":"2025-05-26T17:16:01","guid":{"rendered":"https:\/\/www.multifrigo.pl\/sklep\/?post_type=product&#038;p=67010"},"modified":"2025-05-26T23:09:59","modified_gmt":"2025-05-26T23:09:59","slug":"stelaz-na-talerze-typ-20-1-1-na-60-talerzy-rational-60-21-293","status":"publish","type":"product","link":"https:\/\/www.multifrigo.pl\/sklep\/produkt\/stelaz-na-talerze-typ-20-1-1-na-60-talerzy-rational-60-21-293\/","title":{"rendered":"Stela\u017c na talerze typ 20-1\/1, na 60 talerzy | Rational 60.21.293"},"content":{"rendered":"<p>Za pomoc\u0105 stela\u017ca na talerze mo\u017cna z wykorzystaniem funkcji Finishing doko\u0144czy\u0107 przyrz\u0105dzanie nawet z u\u0142o\u017conymi daniami. Wy\u0142\u0105cznie w po\u0142\u0105czeniu z szyn\u0105 wjazdow\u0105 do stela\u017ca ruchomego<\/p>\n","protected":false},"excerpt":{"rendered":"<p>Za pomoc\u0105 stela\u017ca na talerze mo\u017cna z wykorzystaniem funkcji Finishing doko\u0144czy\u0107 przyrz\u0105dzanie nawet z u\u0142o\u017conymi daniami. Wy\u0142\u0105cznie w po\u0142\u0105czeniu z szyn\u0105 wjazdow\u0105 do stela\u017ca ruchomego<\/p>\n","protected":false},"featured_media":28350,"template":"","meta":{"_et_pb_use_builder":"","_et_pb_old_content":"","_et_gb_content_width":""},"pwb-brand":[1016],"product_brand":[],"product_cat":[134],"product_tag":[],"class_list":{"0":"post-67010","1":"product","2":"type-product","3":"status-publish","4":"has-post-thumbnail","6":"pwb-brand-rational","7":"product_cat-akcesoria-do-piecow","9":"first","10":"instock","11":"taxable","12":"shipping-taxable","13":"purchasable","14":"product-type-simple"},"brands":[{"id":1016,"name":"Rational","slug":"rational"}],"_links":{"self":[{"href":"https:\/\/www.multifrigo.pl\/sklep\/wp-json\/wp\/v2\/product\/67010","targetHints":{"allow":["GET"]}}],"collection":[{"href":"https:\/\/www.multifrigo.pl\/sklep\/wp-json\/wp\/v2\/product"}],"about":[{"href":"https:\/\/www.multifrigo.pl\/sklep\/wp-json\/wp\/v2\/types\/product"}],"wp:featuredmedia":[{"embeddable":true,"href":"https:\/\/www.multifrigo.pl\/sklep\/wp-json\/wp\/v2\/media\/28350"}],"wp:attachment":[{"href":"https:\/\/www.multifrigo.pl\/sklep\/wp-json\/wp\/v2\/media?parent=67010"}],"wp:term":[{"taxonomy":"pwb-brand","embeddable":true,"href":"https:\/\/www.multifrigo.pl\/sklep\/wp-json\/wp\/v2\/pwb-brand?post=67010"},{"taxonomy":"product_brand","embeddable":true,"href":"https:\/\/www.multifrigo.pl\/sklep\/wp-json\/wp\/v2\/product_brand?post=67010"},{"taxonomy":"product_cat","embeddable":true,"href":"https:\/\/www.multifrigo.pl\/sklep\/wp-json\/wp\/v2\/product_cat?post=67010"},{"taxonomy":"product_tag","embeddable":true,"href":"https:\/\/www.multifrigo.pl\/sklep\/wp-json\/wp\/v2\/product_tag?post=67010"}],"curies":[{"name":"wp","href":"https:\/\/api.w.org\/{rel}","templated":true}]}}