{"id":67015,"date":"2025-05-26T17:16:07","date_gmt":"2025-05-26T17:16:07","guid":{"rendered":"https:\/\/www.multifrigo.pl\/sklep\/?post_type=product&#038;p=67015"},"modified":"2025-05-26T23:10:05","modified_gmt":"2025-05-26T23:10:05","slug":"stelaz-ruchomy-typ-20-2-1-20-poziomow-wzmocniona-wersja-heavyduty-rational-60-22-447","status":"publish","type":"product","link":"https:\/\/www.multifrigo.pl\/sklep\/produkt\/stelaz-ruchomy-typ-20-2-1-20-poziomow-wzmocniona-wersja-heavyduty-rational-60-22-447\/","title":{"rendered":"Stela\u017c ruchomy typ 20-2\/1, 20 poziom\u00f3w, wzmocniona wersja HeavyDuty | Rational 60.22.447"},"content":{"rendered":"<p>Stela\u017c ruchomy na akcesoria GN umo\u017cliwiaj\u0105cy wygodny i bezpieczny za\u0142adunek urz\u0105dzenia.<\/p>\n","protected":false},"excerpt":{"rendered":"<p>Stela\u017c ruchomy na akcesoria GN umo\u017cliwiaj\u0105cy wygodny i bezpieczny za\u0142adunek urz\u0105dzenia.<\/p>\n","protected":false},"featured_media":28357,"template":"","meta":{"_et_pb_use_builder":"","_et_pb_old_content":"","_et_gb_content_width":""},"pwb-brand":[1016],"product_brand":[],"product_cat":[134],"product_tag":[],"class_list":{"0":"post-67015","1":"product","2":"type-product","3":"status-publish","4":"has-post-thumbnail","6":"pwb-brand-rational","7":"product_cat-akcesoria-do-piecow","9":"first","10":"instock","11":"taxable","12":"shipping-taxable","13":"purchasable","14":"product-type-simple"},"brands":[{"id":1016,"name":"Rational","slug":"rational"}],"_links":{"self":[{"href":"https:\/\/www.multifrigo.pl\/sklep\/wp-json\/wp\/v2\/product\/67015","targetHints":{"allow":["GET"]}}],"collection":[{"href":"https:\/\/www.multifrigo.pl\/sklep\/wp-json\/wp\/v2\/product"}],"about":[{"href":"https:\/\/www.multifrigo.pl\/sklep\/wp-json\/wp\/v2\/types\/product"}],"wp:featuredmedia":[{"embeddable":true,"href":"https:\/\/www.multifrigo.pl\/sklep\/wp-json\/wp\/v2\/media\/28357"}],"wp:attachment":[{"href":"https:\/\/www.multifrigo.pl\/sklep\/wp-json\/wp\/v2\/media?parent=67015"}],"wp:term":[{"taxonomy":"pwb-brand","embeddable":true,"href":"https:\/\/www.multifrigo.pl\/sklep\/wp-json\/wp\/v2\/pwb-brand?post=67015"},{"taxonomy":"product_brand","embeddable":true,"href":"https:\/\/www.multifrigo.pl\/sklep\/wp-json\/wp\/v2\/product_brand?post=67015"},{"taxonomy":"product_cat","embeddable":true,"href":"https:\/\/www.multifrigo.pl\/sklep\/wp-json\/wp\/v2\/product_cat?post=67015"},{"taxonomy":"product_tag","embeddable":true,"href":"https:\/\/www.multifrigo.pl\/sklep\/wp-json\/wp\/v2\/product_tag?post=67015"}],"curies":[{"name":"wp","href":"https:\/\/api.w.org\/{rel}","templated":true}]}}