{"id":67037,"date":"2025-05-26T17:16:55","date_gmt":"2025-05-26T17:16:55","guid":{"rendered":"https:\/\/www.multifrigo.pl\/sklep\/?post_type=product&#038;p=67037"},"modified":"2025-05-26T23:10:57","modified_gmt":"2025-05-26T23:10:57","slug":"podstawa-z-elektryczna-regulacja-wysokosci-ivario-typ-2s-rational-60-31-327","status":"publish","type":"product","link":"https:\/\/www.multifrigo.pl\/sklep\/produkt\/podstawa-z-elektryczna-regulacja-wysokosci-ivario-typ-2s-rational-60-31-327\/","title":{"rendered":"Podstawa z elektryczn\u0105 regulacj\u0105 wysoko\u015bci iVario typ 2S | Rational 60.31.327"},"content":{"rendered":"<p>Podstawa na n\u00f3\u017ckach z elektryczn\u0105 regulacj\u0105 wysoko\u015bci RATIONAL Typ 2-S. Zakres regulacji: + 175 mm \/ &#8211; 25 mm w por\u00f3wnaniu z wysoko\u015bci\u0105 standardow\u0105. 2 wysuwane p\u00f3\u0142ki, 6 par prowadnic 1\/1 GN (325 x 530 mm). Zamkni\u0119te \u015bcianki boczne i sufit. Brak konieczno\u015bci posiadania oddzielnego przy\u0142\u0105cza elektrycznego, sterowanie za po\u015brednictwem ekranu iVario. Wraz z elastycznym w\u0119\u017cem odprowadzaj\u0105cym. <\/p>\n","protected":false},"excerpt":{"rendered":"<p>Podstawa na n\u00f3\u017ckach z elektryczn\u0105 regulacj\u0105 wysoko\u015bci RATIONAL Typ 2-S. Zakres regulacji: + 175 mm \/ &#8211; 25 mm w por\u00f3wnaniu z wysoko\u015bci\u0105 standardow\u0105. 2 wysuwane p\u00f3\u0142ki, 6 par prowadnic 1\/1 GN (325 x 530 mm). Zamkni\u0119te \u015bcianki boczne i sufit. Brak konieczno\u015bci posiadania oddzielnego przy\u0142\u0105cza elektrycznego, sterowanie za po\u015brednictwem ekranu iVario. Wraz z elastycznym [&hellip;]<\/p>\n","protected":false},"featured_media":28388,"template":"","meta":{"_et_pb_use_builder":"","_et_pb_old_content":"","_et_gb_content_width":""},"pwb-brand":[1016],"product_brand":[],"product_cat":[542],"product_tag":[],"class_list":{"0":"post-67037","1":"product","2":"type-product","3":"status-publish","4":"has-post-thumbnail","6":"pwb-brand-rational","7":"product_cat-podstawy-pod-piece","9":"first","10":"instock","11":"taxable","12":"shipping-taxable","13":"purchasable","14":"product-type-simple"},"brands":[{"id":1016,"name":"Rational","slug":"rational"}],"_links":{"self":[{"href":"https:\/\/www.multifrigo.pl\/sklep\/wp-json\/wp\/v2\/product\/67037","targetHints":{"allow":["GET"]}}],"collection":[{"href":"https:\/\/www.multifrigo.pl\/sklep\/wp-json\/wp\/v2\/product"}],"about":[{"href":"https:\/\/www.multifrigo.pl\/sklep\/wp-json\/wp\/v2\/types\/product"}],"wp:featuredmedia":[{"embeddable":true,"href":"https:\/\/www.multifrigo.pl\/sklep\/wp-json\/wp\/v2\/media\/28388"}],"wp:attachment":[{"href":"https:\/\/www.multifrigo.pl\/sklep\/wp-json\/wp\/v2\/media?parent=67037"}],"wp:term":[{"taxonomy":"pwb-brand","embeddable":true,"href":"https:\/\/www.multifrigo.pl\/sklep\/wp-json\/wp\/v2\/pwb-brand?post=67037"},{"taxonomy":"product_brand","embeddable":true,"href":"https:\/\/www.multifrigo.pl\/sklep\/wp-json\/wp\/v2\/product_brand?post=67037"},{"taxonomy":"product_cat","embeddable":true,"href":"https:\/\/www.multifrigo.pl\/sklep\/wp-json\/wp\/v2\/product_cat?post=67037"},{"taxonomy":"product_tag","embeddable":true,"href":"https:\/\/www.multifrigo.pl\/sklep\/wp-json\/wp\/v2\/product_tag?post=67037"}],"curies":[{"name":"wp","href":"https:\/\/api.w.org\/{rel}","templated":true}]}}