{"id":67044,"date":"2025-05-26T17:17:04","date_gmt":"2025-05-26T17:17:04","guid":{"rendered":"https:\/\/www.multifrigo.pl\/sklep\/?post_type=product&#038;p=67044"},"modified":"2025-05-26T23:10:52","modified_gmt":"2025-05-26T23:10:52","slug":"podstawa-do-ivario-typ-2-xs-z-nozkami-rational-60-31-221","status":"publish","type":"product","link":"https:\/\/www.multifrigo.pl\/sklep\/produkt\/podstawa-do-ivario-typ-2-xs-z-nozkami-rational-60-31-221\/","title":{"rendered":"Podstawa do iVario typ 2-XS, z n\u00f3\u017ckami | Rational 60.31.221"},"content":{"rendered":"<p>Podstawa posiada 2 wysuwane p\u00f3\u0142ki, 6 par prowadnic 1\/1 GN (325 x 530 mm). \u015acianki boczne i sufit zamkni\u0119ty, tylna strona otwarta.<\/p>\n","protected":false},"excerpt":{"rendered":"<p>Podstawa posiada 2 wysuwane p\u00f3\u0142ki, 6 par prowadnic 1\/1 GN (325 x 530 mm). \u015acianki boczne i sufit zamkni\u0119ty, tylna strona otwarta.<\/p>\n","protected":false},"featured_media":28383,"template":"","meta":{"_et_pb_use_builder":"","_et_pb_old_content":"","_et_gb_content_width":""},"pwb-brand":[1016],"product_brand":[],"product_cat":[542],"product_tag":[],"class_list":{"0":"post-67044","1":"product","2":"type-product","3":"status-publish","4":"has-post-thumbnail","6":"pwb-brand-rational","7":"product_cat-podstawy-pod-piece","9":"first","10":"instock","11":"taxable","12":"shipping-taxable","13":"purchasable","14":"product-type-simple"},"brands":[{"id":1016,"name":"Rational","slug":"rational"}],"_links":{"self":[{"href":"https:\/\/www.multifrigo.pl\/sklep\/wp-json\/wp\/v2\/product\/67044","targetHints":{"allow":["GET"]}}],"collection":[{"href":"https:\/\/www.multifrigo.pl\/sklep\/wp-json\/wp\/v2\/product"}],"about":[{"href":"https:\/\/www.multifrigo.pl\/sklep\/wp-json\/wp\/v2\/types\/product"}],"wp:featuredmedia":[{"embeddable":true,"href":"https:\/\/www.multifrigo.pl\/sklep\/wp-json\/wp\/v2\/media\/28383"}],"wp:attachment":[{"href":"https:\/\/www.multifrigo.pl\/sklep\/wp-json\/wp\/v2\/media?parent=67044"}],"wp:term":[{"taxonomy":"pwb-brand","embeddable":true,"href":"https:\/\/www.multifrigo.pl\/sklep\/wp-json\/wp\/v2\/pwb-brand?post=67044"},{"taxonomy":"product_brand","embeddable":true,"href":"https:\/\/www.multifrigo.pl\/sklep\/wp-json\/wp\/v2\/product_brand?post=67044"},{"taxonomy":"product_cat","embeddable":true,"href":"https:\/\/www.multifrigo.pl\/sklep\/wp-json\/wp\/v2\/product_cat?post=67044"},{"taxonomy":"product_tag","embeddable":true,"href":"https:\/\/www.multifrigo.pl\/sklep\/wp-json\/wp\/v2\/product_tag?post=67044"}],"curies":[{"name":"wp","href":"https:\/\/api.w.org\/{rel}","templated":true}]}}