{"id":67046,"date":"2025-05-26T17:17:07","date_gmt":"2025-05-26T17:17:07","guid":{"rendered":"https:\/\/www.multifrigo.pl\/sklep\/?post_type=product&#038;p=67046"},"modified":"2025-05-26T23:10:53","modified_gmt":"2025-05-26T23:10:53","slug":"podstawa-do-ivario-typ-2-xs-na-kolkach-skretnych-rational-60-31-317","status":"publish","type":"product","link":"https:\/\/www.multifrigo.pl\/sklep\/produkt\/podstawa-do-ivario-typ-2-xs-na-kolkach-skretnych-rational-60-31-317\/","title":{"rendered":"Podstawa do iVario typ 2-XS, na k\u00f3\u0142kach skr\u0119tnych | Rational 60.31.317"},"content":{"rendered":"<p>Podstawa na k\u00f3\u0142kach skr\u0119tnych RATIONAL Typ 2-XS. 2 wysuwane p\u00f3\u0142ki, 6 par prowadnic 1\/1 GN (325 x 530 mm). \u015acianki boczne i sufit zamkni\u0119ty, tylna strona otwarta. 4 k\u00f3\u0142ka skr\u0119tne o \u015brednicy 125 mm, w tym 2 z hamulcem (tylne). <\/p>\n","protected":false},"excerpt":{"rendered":"<p>Podstawa na k\u00f3\u0142kach skr\u0119tnych RATIONAL Typ 2-XS. 2 wysuwane p\u00f3\u0142ki, 6 par prowadnic 1\/1 GN (325 x 530 mm). \u015acianki boczne i sufit zamkni\u0119ty, tylna strona otwarta. 4 k\u00f3\u0142ka skr\u0119tne o \u015brednicy 125 mm, w tym 2 z hamulcem (tylne).<\/p>\n","protected":false},"featured_media":28384,"template":"","meta":{"_et_pb_use_builder":"","_et_pb_old_content":"","_et_gb_content_width":""},"pwb-brand":[1016],"product_brand":[],"product_cat":[542],"product_tag":[],"class_list":{"0":"post-67046","1":"product","2":"type-product","3":"status-publish","4":"has-post-thumbnail","6":"pwb-brand-rational","7":"product_cat-podstawy-pod-piece","9":"first","10":"instock","11":"taxable","12":"shipping-taxable","13":"purchasable","14":"product-type-simple"},"brands":[{"id":1016,"name":"Rational","slug":"rational"}],"_links":{"self":[{"href":"https:\/\/www.multifrigo.pl\/sklep\/wp-json\/wp\/v2\/product\/67046","targetHints":{"allow":["GET"]}}],"collection":[{"href":"https:\/\/www.multifrigo.pl\/sklep\/wp-json\/wp\/v2\/product"}],"about":[{"href":"https:\/\/www.multifrigo.pl\/sklep\/wp-json\/wp\/v2\/types\/product"}],"wp:featuredmedia":[{"embeddable":true,"href":"https:\/\/www.multifrigo.pl\/sklep\/wp-json\/wp\/v2\/media\/28384"}],"wp:attachment":[{"href":"https:\/\/www.multifrigo.pl\/sklep\/wp-json\/wp\/v2\/media?parent=67046"}],"wp:term":[{"taxonomy":"pwb-brand","embeddable":true,"href":"https:\/\/www.multifrigo.pl\/sklep\/wp-json\/wp\/v2\/pwb-brand?post=67046"},{"taxonomy":"product_brand","embeddable":true,"href":"https:\/\/www.multifrigo.pl\/sklep\/wp-json\/wp\/v2\/product_brand?post=67046"},{"taxonomy":"product_cat","embeddable":true,"href":"https:\/\/www.multifrigo.pl\/sklep\/wp-json\/wp\/v2\/product_cat?post=67046"},{"taxonomy":"product_tag","embeddable":true,"href":"https:\/\/www.multifrigo.pl\/sklep\/wp-json\/wp\/v2\/product_tag?post=67046"}],"curies":[{"name":"wp","href":"https:\/\/api.w.org\/{rel}","templated":true}]}}