{"id":67080,"date":"2025-05-26T17:18:35","date_gmt":"2025-05-26T17:18:35","guid":{"rendered":"https:\/\/www.multifrigo.pl\/sklep\/produkt\/tabletki-myjace-do-selfcookingcenter-i-combimaster-plus-100-szt-rational-56-00-210\/"},"modified":"2025-05-26T23:09:45","modified_gmt":"2025-05-26T23:09:45","slug":"tabletki-myjace-do-selfcookingcenter-i-combimaster-plus-100-szt-rational-56-00-210","status":"publish","type":"product","link":"https:\/\/www.multifrigo.pl\/sklep\/produkt\/tabletki-myjace-do-selfcookingcenter-i-combimaster-plus-100-szt-rational-56-00-210\/","title":{"rendered":"Tabletki myj\u0105ce do SelfCookingCenter\u00ae i CombiMaster\u00ae Plus, 100 szt. | Rational 56.00.210"},"content":{"rendered":"<p>Tabletki myj\u0105ce z intensywnym kompleksem sk\u0142adnik\u00f3w czynnych, zapewniaj\u0105cych niezawodne mycie. <\/p>\n","protected":false},"excerpt":{"rendered":"<p>Tabletki myj\u0105ce z intensywnym kompleksem sk\u0142adnik\u00f3w czynnych, zapewniaj\u0105cych niezawodne mycie.<\/p>\n","protected":false},"featured_media":28334,"template":"","meta":{"_et_pb_use_builder":"","_et_pb_old_content":"","_et_gb_content_width":""},"pwb-brand":[1016],"product_brand":[],"product_cat":[389],"product_tag":[],"class_list":{"0":"post-67080","1":"product","2":"type-product","3":"status-publish","4":"has-post-thumbnail","6":"pwb-brand-rational","7":"product_cat-do-piecow","9":"first","10":"instock","11":"taxable","12":"shipping-taxable","13":"purchasable","14":"product-type-simple"},"brands":[{"id":1016,"name":"Rational","slug":"rational"}],"_links":{"self":[{"href":"https:\/\/www.multifrigo.pl\/sklep\/wp-json\/wp\/v2\/product\/67080","targetHints":{"allow":["GET"]}}],"collection":[{"href":"https:\/\/www.multifrigo.pl\/sklep\/wp-json\/wp\/v2\/product"}],"about":[{"href":"https:\/\/www.multifrigo.pl\/sklep\/wp-json\/wp\/v2\/types\/product"}],"wp:featuredmedia":[{"embeddable":true,"href":"https:\/\/www.multifrigo.pl\/sklep\/wp-json\/wp\/v2\/media\/28334"}],"wp:attachment":[{"href":"https:\/\/www.multifrigo.pl\/sklep\/wp-json\/wp\/v2\/media?parent=67080"}],"wp:term":[{"taxonomy":"pwb-brand","embeddable":true,"href":"https:\/\/www.multifrigo.pl\/sklep\/wp-json\/wp\/v2\/pwb-brand?post=67080"},{"taxonomy":"product_brand","embeddable":true,"href":"https:\/\/www.multifrigo.pl\/sklep\/wp-json\/wp\/v2\/product_brand?post=67080"},{"taxonomy":"product_cat","embeddable":true,"href":"https:\/\/www.multifrigo.pl\/sklep\/wp-json\/wp\/v2\/product_cat?post=67080"},{"taxonomy":"product_tag","embeddable":true,"href":"https:\/\/www.multifrigo.pl\/sklep\/wp-json\/wp\/v2\/product_tag?post=67080"}],"curies":[{"name":"wp","href":"https:\/\/api.w.org\/{rel}","templated":true}]}}