{"id":67084,"date":"2025-05-26T17:18:45","date_gmt":"2025-05-26T17:18:45","guid":{"rendered":"https:\/\/www.multifrigo.pl\/sklep\/produkt\/tabletki-myjace-active-green-do-icombi-pro-i-icombi-classic-150-szt-rational-56-01-535\/"},"modified":"2025-05-26T23:09:50","modified_gmt":"2025-05-26T23:09:50","slug":"tabletki-myjace-active-green-do-icombi-pro-i-icombi-classic-150-szt-rational-56-01-535","status":"publish","type":"product","link":"https:\/\/www.multifrigo.pl\/sklep\/produkt\/tabletki-myjace-active-green-do-icombi-pro-i-icombi-classic-150-szt-rational-56-01-535\/","title":{"rendered":"Tabletki myj\u0105ce ACTIVE GREEN do iCombi Pro i iCombi Classic, 150 szt. | Rational 56.01.535"},"content":{"rendered":"<p>Nowa, bardzo skuteczna formu\u0142a bez fosforan\u00f3w i fosforu zapewnia nawet 50% mniejsze zu\u017cycie \u015brodk\u00f3w myj\u0105cych w por\u00f3wnaniu ze zwyk\u0142ymi \u015brodkami myj\u0105cymi. <\/p>\n","protected":false},"excerpt":{"rendered":"<p>Nowa, bardzo skuteczna formu\u0142a bez fosforan\u00f3w i fosforu zapewnia nawet 50% mniejsze zu\u017cycie \u015brodk\u00f3w myj\u0105cych w por\u00f3wnaniu ze zwyk\u0142ymi \u015brodkami myj\u0105cymi.<\/p>\n","protected":false},"featured_media":28338,"template":"","meta":{"_et_pb_use_builder":"","_et_pb_old_content":"","_et_gb_content_width":""},"pwb-brand":[1016],"product_brand":[],"product_cat":[389],"product_tag":[],"class_list":{"0":"post-67084","1":"product","2":"type-product","3":"status-publish","4":"has-post-thumbnail","6":"pwb-brand-rational","7":"product_cat-do-piecow","9":"first","10":"instock","11":"taxable","12":"shipping-taxable","13":"purchasable","14":"product-type-simple"},"brands":[{"id":1016,"name":"Rational","slug":"rational"}],"_links":{"self":[{"href":"https:\/\/www.multifrigo.pl\/sklep\/wp-json\/wp\/v2\/product\/67084","targetHints":{"allow":["GET"]}}],"collection":[{"href":"https:\/\/www.multifrigo.pl\/sklep\/wp-json\/wp\/v2\/product"}],"about":[{"href":"https:\/\/www.multifrigo.pl\/sklep\/wp-json\/wp\/v2\/types\/product"}],"wp:featuredmedia":[{"embeddable":true,"href":"https:\/\/www.multifrigo.pl\/sklep\/wp-json\/wp\/v2\/media\/28338"}],"wp:attachment":[{"href":"https:\/\/www.multifrigo.pl\/sklep\/wp-json\/wp\/v2\/media?parent=67084"}],"wp:term":[{"taxonomy":"pwb-brand","embeddable":true,"href":"https:\/\/www.multifrigo.pl\/sklep\/wp-json\/wp\/v2\/pwb-brand?post=67084"},{"taxonomy":"product_brand","embeddable":true,"href":"https:\/\/www.multifrigo.pl\/sklep\/wp-json\/wp\/v2\/product_brand?post=67084"},{"taxonomy":"product_cat","embeddable":true,"href":"https:\/\/www.multifrigo.pl\/sklep\/wp-json\/wp\/v2\/product_cat?post=67084"},{"taxonomy":"product_tag","embeddable":true,"href":"https:\/\/www.multifrigo.pl\/sklep\/wp-json\/wp\/v2\/product_tag?post=67084"}],"curies":[{"name":"wp","href":"https:\/\/api.w.org\/{rel}","templated":true}]}}