{"id":67086,"date":"2025-05-26T17:18:52","date_gmt":"2025-05-26T17:18:52","guid":{"rendered":"https:\/\/www.multifrigo.pl\/sklep\/produkt\/zasobnik-care-do-icombi-pro-z-opcja-autodose-rational-56-01-914\/"},"modified":"2025-05-26T23:09:52","modified_gmt":"2025-05-26T23:09:52","slug":"zasobnik-care-do-icombi-pro-z-opcja-autodose-rational-56-01-914","status":"publish","type":"product","link":"https:\/\/www.multifrigo.pl\/sklep\/produkt\/zasobnik-care-do-icombi-pro-z-opcja-autodose-rational-56-01-914\/","title":{"rendered":"Zasobnik Care do iCombi Pro z opcj\u0105 AutoDose | Rational 56.01.914"},"content":{"rendered":"<p>Zasobniki Care \u0142\u0105cz\u0105 wszystkie znane zalety tabletek piel\u0119gnacyjnych Care z funkcj\u0105 magazynowania.<\/p>\n","protected":false},"excerpt":{"rendered":"<p>Zasobniki Care \u0142\u0105cz\u0105 wszystkie znane zalety tabletek piel\u0119gnacyjnych Care z funkcj\u0105 magazynowania.<\/p>\n","protected":false},"featured_media":28340,"template":"","meta":{"_et_pb_use_builder":"","_et_pb_old_content":"","_et_gb_content_width":""},"pwb-brand":[1016],"product_brand":[],"product_cat":[389],"product_tag":[],"class_list":{"0":"post-67086","1":"product","2":"type-product","3":"status-publish","4":"has-post-thumbnail","6":"pwb-brand-rational","7":"product_cat-do-piecow","9":"first","10":"instock","11":"taxable","12":"shipping-taxable","13":"purchasable","14":"product-type-simple"},"brands":[{"id":1016,"name":"Rational","slug":"rational"}],"_links":{"self":[{"href":"https:\/\/www.multifrigo.pl\/sklep\/wp-json\/wp\/v2\/product\/67086","targetHints":{"allow":["GET"]}}],"collection":[{"href":"https:\/\/www.multifrigo.pl\/sklep\/wp-json\/wp\/v2\/product"}],"about":[{"href":"https:\/\/www.multifrigo.pl\/sklep\/wp-json\/wp\/v2\/types\/product"}],"wp:featuredmedia":[{"embeddable":true,"href":"https:\/\/www.multifrigo.pl\/sklep\/wp-json\/wp\/v2\/media\/28340"}],"wp:attachment":[{"href":"https:\/\/www.multifrigo.pl\/sklep\/wp-json\/wp\/v2\/media?parent=67086"}],"wp:term":[{"taxonomy":"pwb-brand","embeddable":true,"href":"https:\/\/www.multifrigo.pl\/sklep\/wp-json\/wp\/v2\/pwb-brand?post=67086"},{"taxonomy":"product_brand","embeddable":true,"href":"https:\/\/www.multifrigo.pl\/sklep\/wp-json\/wp\/v2\/product_brand?post=67086"},{"taxonomy":"product_cat","embeddable":true,"href":"https:\/\/www.multifrigo.pl\/sklep\/wp-json\/wp\/v2\/product_cat?post=67086"},{"taxonomy":"product_tag","embeddable":true,"href":"https:\/\/www.multifrigo.pl\/sklep\/wp-json\/wp\/v2\/product_tag?post=67086"}],"curies":[{"name":"wp","href":"https:\/\/api.w.org\/{rel}","templated":true}]}}