{"id":67095,"date":"2025-05-26T17:20:26","date_gmt":"2025-05-26T17:20:26","guid":{"rendered":"https:\/\/www.multifrigo.pl\/sklep\/produkt\/podstawa-iii-typ-6-1-1-10-1-1-rational-60-31-091\/"},"modified":"2025-05-26T23:10:29","modified_gmt":"2025-05-26T23:10:29","slug":"podstawa-iii-typ-6-1-1-10-1-1-rational-60-31-091","status":"publish","type":"product","link":"https:\/\/www.multifrigo.pl\/sklep\/produkt\/podstawa-iii-typ-6-1-1-10-1-1-rational-60-31-091\/","title":{"rendered":"Podstawa III, typ 6-1\/1, 10-1\/1 | Rational 60.31.091"},"content":{"rendered":"<p>Podstawa III do pieca RATIONAL typ 6-1\/1 i 10-1\/1. 14 par prowadnic. Otwarta z jednej strony, ze \u015bciankami bocznymi, \u015bciank\u0105 tyln\u0105 i blatem.<\/p>\n","protected":false},"excerpt":{"rendered":"<p>Podstawa III do pieca RATIONAL typ 6-1\/1 i 10-1\/1. 14 par prowadnic. Otwarta z jednej strony, ze \u015bciankami bocznymi, \u015bciank\u0105 tyln\u0105 i blatem.<\/p>\n","protected":false},"featured_media":28368,"template":"","meta":{"_et_pb_use_builder":"","_et_pb_old_content":"","_et_gb_content_width":""},"pwb-brand":[1016],"product_brand":[],"product_cat":[542],"product_tag":[],"class_list":{"0":"post-67095","1":"product","2":"type-product","3":"status-publish","4":"has-post-thumbnail","6":"pwb-brand-rational","7":"product_cat-podstawy-pod-piece","9":"first","10":"instock","11":"taxable","12":"shipping-taxable","13":"purchasable","14":"product-type-simple"},"brands":[{"id":1016,"name":"Rational","slug":"rational"}],"_links":{"self":[{"href":"https:\/\/www.multifrigo.pl\/sklep\/wp-json\/wp\/v2\/product\/67095","targetHints":{"allow":["GET"]}}],"collection":[{"href":"https:\/\/www.multifrigo.pl\/sklep\/wp-json\/wp\/v2\/product"}],"about":[{"href":"https:\/\/www.multifrigo.pl\/sklep\/wp-json\/wp\/v2\/types\/product"}],"wp:featuredmedia":[{"embeddable":true,"href":"https:\/\/www.multifrigo.pl\/sklep\/wp-json\/wp\/v2\/media\/28368"}],"wp:attachment":[{"href":"https:\/\/www.multifrigo.pl\/sklep\/wp-json\/wp\/v2\/media?parent=67095"}],"wp:term":[{"taxonomy":"pwb-brand","embeddable":true,"href":"https:\/\/www.multifrigo.pl\/sklep\/wp-json\/wp\/v2\/pwb-brand?post=67095"},{"taxonomy":"product_brand","embeddable":true,"href":"https:\/\/www.multifrigo.pl\/sklep\/wp-json\/wp\/v2\/product_brand?post=67095"},{"taxonomy":"product_cat","embeddable":true,"href":"https:\/\/www.multifrigo.pl\/sklep\/wp-json\/wp\/v2\/product_cat?post=67095"},{"taxonomy":"product_tag","embeddable":true,"href":"https:\/\/www.multifrigo.pl\/sklep\/wp-json\/wp\/v2\/product_tag?post=67095"}],"curies":[{"name":"wp","href":"https:\/\/api.w.org\/{rel}","templated":true}]}}