{"id":67099,"date":"2025-05-26T17:20:50","date_gmt":"2025-05-26T17:20:50","guid":{"rendered":"https:\/\/www.multifrigo.pl\/sklep\/produkt\/podstawa-i-typ-xs-6-2-3-na-kolkach-skretnych-rational-60-31-169\/"},"modified":"2025-05-26T23:10:36","modified_gmt":"2025-05-26T23:10:36","slug":"podstawa-i-typ-xs-6-2-3-na-kolkach-skretnych-rational-60-31-169","status":"publish","type":"product","link":"https:\/\/www.multifrigo.pl\/sklep\/produkt\/podstawa-i-typ-xs-6-2-3-na-kolkach-skretnych-rational-60-31-169\/","title":{"rendered":"Podstawa I, typ XS 6-2\/3 na k\u00f3\u0142kach skr\u0119tnych | Rational 60.31.169"},"content":{"rendered":"<p>Podstawa I do pieca RATIONAL typ XS 6-2\/3 na k\u00f3\u0142kach skr\u0119tnych. Ca\u0142kowicie odkryta.<\/p>\n","protected":false},"excerpt":{"rendered":"<p>Podstawa I do pieca RATIONAL typ XS 6-2\/3 na k\u00f3\u0142kach skr\u0119tnych. Ca\u0142kowicie odkryta.<\/p>\n","protected":false},"featured_media":28376,"template":"","meta":{"_et_pb_use_builder":"","_et_pb_old_content":"","_et_gb_content_width":""},"pwb-brand":[1016],"product_brand":[],"product_cat":[542],"product_tag":[],"class_list":{"0":"post-67099","1":"product","2":"type-product","3":"status-publish","4":"has-post-thumbnail","6":"pwb-brand-rational","7":"product_cat-podstawy-pod-piece","9":"first","10":"instock","11":"taxable","12":"shipping-taxable","13":"purchasable","14":"product-type-simple"},"brands":[{"id":1016,"name":"Rational","slug":"rational"}],"_links":{"self":[{"href":"https:\/\/www.multifrigo.pl\/sklep\/wp-json\/wp\/v2\/product\/67099","targetHints":{"allow":["GET"]}}],"collection":[{"href":"https:\/\/www.multifrigo.pl\/sklep\/wp-json\/wp\/v2\/product"}],"about":[{"href":"https:\/\/www.multifrigo.pl\/sklep\/wp-json\/wp\/v2\/types\/product"}],"wp:featuredmedia":[{"embeddable":true,"href":"https:\/\/www.multifrigo.pl\/sklep\/wp-json\/wp\/v2\/media\/28376"}],"wp:attachment":[{"href":"https:\/\/www.multifrigo.pl\/sklep\/wp-json\/wp\/v2\/media?parent=67099"}],"wp:term":[{"taxonomy":"pwb-brand","embeddable":true,"href":"https:\/\/www.multifrigo.pl\/sklep\/wp-json\/wp\/v2\/pwb-brand?post=67099"},{"taxonomy":"product_brand","embeddable":true,"href":"https:\/\/www.multifrigo.pl\/sklep\/wp-json\/wp\/v2\/product_brand?post=67099"},{"taxonomy":"product_cat","embeddable":true,"href":"https:\/\/www.multifrigo.pl\/sklep\/wp-json\/wp\/v2\/product_cat?post=67099"},{"taxonomy":"product_tag","embeddable":true,"href":"https:\/\/www.multifrigo.pl\/sklep\/wp-json\/wp\/v2\/product_tag?post=67099"}],"curies":[{"name":"wp","href":"https:\/\/api.w.org\/{rel}","templated":true}]}}