{"id":67103,"date":"2025-05-26T17:21:04","date_gmt":"2025-05-26T17:21:04","guid":{"rendered":"https:\/\/www.multifrigo.pl\/sklep\/produkt\/podstawa-iii-typ-6-1-1-wersja-ultravent-rational-60-31-214\/"},"modified":"2025-05-26T23:10:50","modified_gmt":"2025-05-26T23:10:50","slug":"podstawa-iii-typ-6-1-1-wersja-ultravent-rational-60-31-214","status":"publish","type":"product","link":"https:\/\/www.multifrigo.pl\/sklep\/produkt\/podstawa-iii-typ-6-1-1-wersja-ultravent-rational-60-31-214\/","title":{"rendered":"Podstawa III, typ 6-1\/1, wersja UltraVent | Rational 60.31.214"},"content":{"rendered":"<p>Podstawa III wersja UltraVent do pieca RATIONAL typ 6-1\/1. 20 par prowadnic. Otwarta z jednej strony, ze \u015bciankami bocznymi, \u015bciank\u0105 tyln\u0105 i blatem. Podwy\u017cszona do instalacji na okapie wentylacyjnym lub kondensacyjnym.<\/p>\n","protected":false},"excerpt":{"rendered":"<p>Podstawa III wersja UltraVent do pieca RATIONAL typ 6-1\/1. 20 par prowadnic. Otwarta z jednej strony, ze \u015bciankami bocznymi, \u015bciank\u0105 tyln\u0105 i blatem. Podwy\u017cszona do instalacji na okapie wentylacyjnym lub kondensacyjnym.<\/p>\n","protected":false},"featured_media":28381,"template":"","meta":{"_et_pb_use_builder":"","_et_pb_old_content":"","_et_gb_content_width":""},"pwb-brand":[1016],"product_brand":[],"product_cat":[542],"product_tag":[],"class_list":{"0":"post-67103","1":"product","2":"type-product","3":"status-publish","4":"has-post-thumbnail","6":"pwb-brand-rational","7":"product_cat-podstawy-pod-piece","9":"first","10":"instock","11":"taxable","12":"shipping-taxable","13":"purchasable","14":"product-type-simple"},"brands":[{"id":1016,"name":"Rational","slug":"rational"}],"_links":{"self":[{"href":"https:\/\/www.multifrigo.pl\/sklep\/wp-json\/wp\/v2\/product\/67103","targetHints":{"allow":["GET"]}}],"collection":[{"href":"https:\/\/www.multifrigo.pl\/sklep\/wp-json\/wp\/v2\/product"}],"about":[{"href":"https:\/\/www.multifrigo.pl\/sklep\/wp-json\/wp\/v2\/types\/product"}],"wp:featuredmedia":[{"embeddable":true,"href":"https:\/\/www.multifrigo.pl\/sklep\/wp-json\/wp\/v2\/media\/28381"}],"wp:attachment":[{"href":"https:\/\/www.multifrigo.pl\/sklep\/wp-json\/wp\/v2\/media?parent=67103"}],"wp:term":[{"taxonomy":"pwb-brand","embeddable":true,"href":"https:\/\/www.multifrigo.pl\/sklep\/wp-json\/wp\/v2\/pwb-brand?post=67103"},{"taxonomy":"product_brand","embeddable":true,"href":"https:\/\/www.multifrigo.pl\/sklep\/wp-json\/wp\/v2\/product_brand?post=67103"},{"taxonomy":"product_cat","embeddable":true,"href":"https:\/\/www.multifrigo.pl\/sklep\/wp-json\/wp\/v2\/product_cat?post=67103"},{"taxonomy":"product_tag","embeddable":true,"href":"https:\/\/www.multifrigo.pl\/sklep\/wp-json\/wp\/v2\/product_tag?post=67103"}],"curies":[{"name":"wp","href":"https:\/\/api.w.org\/{rel}","templated":true}]}}