{"id":67108,"date":"2025-05-26T17:21:45","date_gmt":"2025-05-26T17:21:45","guid":{"rendered":"https:\/\/www.multifrigo.pl\/sklep\/produkt\/podstawa-z-nozkami-do-icombi-typ-6-2-1-10-2-1-rational-60-31-671\/"},"modified":"2025-05-26T23:11:03","modified_gmt":"2025-05-26T23:11:03","slug":"podstawa-z-nozkami-do-icombi-typ-6-2-1-10-2-1-rational-60-31-671","status":"publish","type":"product","link":"https:\/\/www.multifrigo.pl\/sklep\/produkt\/podstawa-z-nozkami-do-icombi-typ-6-2-1-10-2-1-rational-60-31-671\/","title":{"rendered":"Podstawa z n\u00f3\u017ckami do iCombi typ 6-2\/1, 10-2\/1 | Rational 60.31.671"},"content":{"rendered":"<p>Podstawa z n\u00f3\u017ckami do RATIONAL iCombi 6-2\/1 oraz 10-2\/1. Podstawa z n\u00f3\u017ckami zapewnia bezpiecze\u0144stwo podwy\u017cszonej instalacji urz\u0105dze\u0144 iCombi 6-2\/1 oraz 10-2\/1. Zakres regulacji wysoko\u015bci wynosi 20 mm. Wymiary: 1092x835x150 mm <\/p>\n","protected":false},"excerpt":{"rendered":"<p>Podstawa z n\u00f3\u017ckami do RATIONAL iCombi 6-2\/1 oraz 10-2\/1. Podstawa z n\u00f3\u017ckami zapewnia bezpiecze\u0144stwo podwy\u017cszonej instalacji urz\u0105dze\u0144 iCombi 6-2\/1 oraz 10-2\/1. Zakres regulacji wysoko\u015bci wynosi 20 mm. Wymiary: 1092x835x150 mm<\/p>\n","protected":false},"featured_media":28393,"template":"","meta":{"_et_pb_use_builder":"","_et_pb_old_content":"","_et_gb_content_width":""},"pwb-brand":[1016],"product_brand":[],"product_cat":[542],"product_tag":[],"class_list":{"0":"post-67108","1":"product","2":"type-product","3":"status-publish","4":"has-post-thumbnail","6":"pwb-brand-rational","7":"product_cat-podstawy-pod-piece","9":"first","10":"instock","11":"taxable","12":"shipping-taxable","13":"purchasable","14":"product-type-simple"},"brands":[{"id":1016,"name":"Rational","slug":"rational"}],"_links":{"self":[{"href":"https:\/\/www.multifrigo.pl\/sklep\/wp-json\/wp\/v2\/product\/67108","targetHints":{"allow":["GET"]}}],"collection":[{"href":"https:\/\/www.multifrigo.pl\/sklep\/wp-json\/wp\/v2\/product"}],"about":[{"href":"https:\/\/www.multifrigo.pl\/sklep\/wp-json\/wp\/v2\/types\/product"}],"wp:featuredmedia":[{"embeddable":true,"href":"https:\/\/www.multifrigo.pl\/sklep\/wp-json\/wp\/v2\/media\/28393"}],"wp:attachment":[{"href":"https:\/\/www.multifrigo.pl\/sklep\/wp-json\/wp\/v2\/media?parent=67108"}],"wp:term":[{"taxonomy":"pwb-brand","embeddable":true,"href":"https:\/\/www.multifrigo.pl\/sklep\/wp-json\/wp\/v2\/pwb-brand?post=67108"},{"taxonomy":"product_brand","embeddable":true,"href":"https:\/\/www.multifrigo.pl\/sklep\/wp-json\/wp\/v2\/product_brand?post=67108"},{"taxonomy":"product_cat","embeddable":true,"href":"https:\/\/www.multifrigo.pl\/sklep\/wp-json\/wp\/v2\/product_cat?post=67108"},{"taxonomy":"product_tag","embeddable":true,"href":"https:\/\/www.multifrigo.pl\/sklep\/wp-json\/wp\/v2\/product_tag?post=67108"}],"curies":[{"name":"wp","href":"https:\/\/api.w.org\/{rel}","templated":true}]}}