{"id":67109,"date":"2025-05-26T17:21:48","date_gmt":"2025-05-26T17:21:48","guid":{"rendered":"https:\/\/www.multifrigo.pl\/sklep\/produkt\/podstawa-nozki-dla-polaczen-rational-icombi-z-selfcookingcenter-lub-combimaster-plus-typu-61-lub-101-rational-60-60-349\/"},"modified":"2025-05-26T23:11:04","modified_gmt":"2025-05-26T23:11:04","slug":"podstawa-nozki-dla-polaczen-rational-icombi-z-selfcookingcenter-lub-combimaster-plus-typu-61-lub-101-rational-60-60-349","status":"publish","type":"product","link":"https:\/\/www.multifrigo.pl\/sklep\/produkt\/podstawa-nozki-dla-polaczen-rational-icombi-z-selfcookingcenter-lub-combimaster-plus-typu-61-lub-101-rational-60-60-349\/","title":{"rendered":"Podstawa (n\u00f3\u017cki) dla po\u0142\u0105cze\u0144 RATIONAL iCombi z SelfCookingCenter lub CombiMaster Plus typu 61 lub 101 | Rational 60.60.349"},"content":{"rendered":"<p>Podstawa (n\u00f3\u017cki) dla po\u0142\u0105cze\u0144 RATIONAL iCombi z SelfCookingCenter lub CombiMaster Plus typu 61 lub 101<\/p>\n","protected":false},"excerpt":{"rendered":"<p>Podstawa (n\u00f3\u017cki) dla po\u0142\u0105cze\u0144 RATIONAL iCombi z SelfCookingCenter lub CombiMaster Plus typu 61 lub 101<\/p>\n","protected":false},"featured_media":28394,"template":"","meta":{"_et_pb_use_builder":"","_et_pb_old_content":"","_et_gb_content_width":""},"pwb-brand":[1016],"product_brand":[],"product_cat":[542],"product_tag":[],"class_list":{"0":"post-67109","1":"product","2":"type-product","3":"status-publish","4":"has-post-thumbnail","6":"pwb-brand-rational","7":"product_cat-podstawy-pod-piece","9":"first","10":"instock","11":"taxable","12":"shipping-taxable","13":"purchasable","14":"product-type-simple"},"brands":[{"id":1016,"name":"Rational","slug":"rational"}],"_links":{"self":[{"href":"https:\/\/www.multifrigo.pl\/sklep\/wp-json\/wp\/v2\/product\/67109","targetHints":{"allow":["GET"]}}],"collection":[{"href":"https:\/\/www.multifrigo.pl\/sklep\/wp-json\/wp\/v2\/product"}],"about":[{"href":"https:\/\/www.multifrigo.pl\/sklep\/wp-json\/wp\/v2\/types\/product"}],"wp:featuredmedia":[{"embeddable":true,"href":"https:\/\/www.multifrigo.pl\/sklep\/wp-json\/wp\/v2\/media\/28394"}],"wp:attachment":[{"href":"https:\/\/www.multifrigo.pl\/sklep\/wp-json\/wp\/v2\/media?parent=67109"}],"wp:term":[{"taxonomy":"pwb-brand","embeddable":true,"href":"https:\/\/www.multifrigo.pl\/sklep\/wp-json\/wp\/v2\/pwb-brand?post=67109"},{"taxonomy":"product_brand","embeddable":true,"href":"https:\/\/www.multifrigo.pl\/sklep\/wp-json\/wp\/v2\/product_brand?post=67109"},{"taxonomy":"product_cat","embeddable":true,"href":"https:\/\/www.multifrigo.pl\/sklep\/wp-json\/wp\/v2\/product_cat?post=67109"},{"taxonomy":"product_tag","embeddable":true,"href":"https:\/\/www.multifrigo.pl\/sklep\/wp-json\/wp\/v2\/product_tag?post=67109"}],"curies":[{"name":"wp","href":"https:\/\/api.w.org\/{rel}","templated":true}]}}