{"id":67186,"date":"2025-05-26T17:28:21","date_gmt":"2025-05-26T17:28:21","guid":{"rendered":"https:\/\/www.multifrigo.pl\/sklep\/produkt\/blacha-do-pieczenia-nieperforowana-gn-1-1-z-powloka-trilax-rational-6013-1103\/"},"modified":"2025-05-26T23:12:55","modified_gmt":"2025-05-26T23:12:55","slug":"blacha-do-pieczenia-nieperforowana-gn-1-1-z-powloka-trilax-rational-6013-1103","status":"publish","type":"product","link":"https:\/\/www.multifrigo.pl\/sklep\/produkt\/blacha-do-pieczenia-nieperforowana-gn-1-1-z-powloka-trilax-rational-6013-1103\/","title":{"rendered":"Blacha do pieczenia, nieperforowana GN 1\/1, z pow\u0142ok\u0105 TriLax | Rational 6013.1103"},"content":{"rendered":"<p>Blacha z pow\u0142ok\u0105 TriLax\u00ae wykonana z aluminium polecana jest do przygotowywania sznycli, medalion\u00f3w, kawa\u0142k\u00f3w drobiu, bu\u0142ek, croissant\u00f3w, ciasta dro\u017cd\u017cowego, pieczonych ziemniak\u00f3w czy te\u017c innych potraw \u2013 dzi\u0119ki blachom do sma\u017cenia i pieczenia udaje si\u0119 niewiarygodna ilo\u015b\u0107 r\u00f3\u017cnych da\u0144. Wszystkie produkty uzyskuj\u0105 r\u00f3wnomierne przyrumienienie, pozostaj\u0105 soczyste w \u015brodku i chrupi\u0105ce z zewn\u0105trz. Specjalna pow\u0142oka zapobiega przywieraniu potraw.<\/p>\n","protected":false},"excerpt":{"rendered":"<p>Blacha z pow\u0142ok\u0105 TriLax\u00ae wykonana z aluminium polecana jest do przygotowywania sznycli, medalion\u00f3w, kawa\u0142k\u00f3w drobiu, bu\u0142ek, croissant\u00f3w, ciasta dro\u017cd\u017cowego, pieczonych ziemniak\u00f3w czy te\u017c innych potraw \u2013 dzi\u0119ki blachom do sma\u017cenia i pieczenia udaje si\u0119 niewiarygodna ilo\u015b\u0107 r\u00f3\u017cnych da\u0144. Wszystkie produkty uzyskuj\u0105 r\u00f3wnomierne przyrumienienie, pozostaj\u0105 soczyste w \u015brodku i chrupi\u0105ce z zewn\u0105trz. Specjalna pow\u0142oka zapobiega przywieraniu [&hellip;]<\/p>\n","protected":false},"featured_media":28494,"template":"","meta":{"_et_pb_use_builder":"","_et_pb_old_content":"","_et_gb_content_width":""},"pwb-brand":[1016],"product_brand":[],"product_cat":[1018],"product_tag":[],"class_list":{"0":"post-67186","1":"product","2":"type-product","3":"status-publish","4":"has-post-thumbnail","6":"pwb-brand-rational","7":"product_cat-blachy-do-pieczenia-gn","9":"first","10":"instock","11":"taxable","12":"shipping-taxable","13":"purchasable","14":"product-type-simple"},"brands":[{"id":1016,"name":"Rational","slug":"rational"}],"_links":{"self":[{"href":"https:\/\/www.multifrigo.pl\/sklep\/wp-json\/wp\/v2\/product\/67186","targetHints":{"allow":["GET"]}}],"collection":[{"href":"https:\/\/www.multifrigo.pl\/sklep\/wp-json\/wp\/v2\/product"}],"about":[{"href":"https:\/\/www.multifrigo.pl\/sklep\/wp-json\/wp\/v2\/types\/product"}],"wp:featuredmedia":[{"embeddable":true,"href":"https:\/\/www.multifrigo.pl\/sklep\/wp-json\/wp\/v2\/media\/28494"}],"wp:attachment":[{"href":"https:\/\/www.multifrigo.pl\/sklep\/wp-json\/wp\/v2\/media?parent=67186"}],"wp:term":[{"taxonomy":"pwb-brand","embeddable":true,"href":"https:\/\/www.multifrigo.pl\/sklep\/wp-json\/wp\/v2\/pwb-brand?post=67186"},{"taxonomy":"product_brand","embeddable":true,"href":"https:\/\/www.multifrigo.pl\/sklep\/wp-json\/wp\/v2\/product_brand?post=67186"},{"taxonomy":"product_cat","embeddable":true,"href":"https:\/\/www.multifrigo.pl\/sklep\/wp-json\/wp\/v2\/product_cat?post=67186"},{"taxonomy":"product_tag","embeddable":true,"href":"https:\/\/www.multifrigo.pl\/sklep\/wp-json\/wp\/v2\/product_tag?post=67186"}],"curies":[{"name":"wp","href":"https:\/\/api.w.org\/{rel}","templated":true}]}}