{"id":67196,"date":"2025-05-26T17:28:55","date_gmt":"2025-05-26T17:28:55","guid":{"rendered":"https:\/\/www.multifrigo.pl\/sklep\/produkt\/pojemnik-emaliowany-w-marmurek-1-1-gn-glebokosc-40-mm-rational-6014-1104\/"},"modified":"2025-05-26T23:13:12","modified_gmt":"2025-05-26T23:13:12","slug":"pojemnik-emaliowany-w-marmurek-1-1-gn-glebokosc-40-mm-rational-6014-1104","status":"publish","type":"product","link":"https:\/\/www.multifrigo.pl\/sklep\/produkt\/pojemnik-emaliowany-w-marmurek-1-1-gn-glebokosc-40-mm-rational-6014-1104\/","title":{"rendered":"Pojemnik emaliowany &#8222;w marmurek&#8221;, 1\/1 GN, g\u0142\u0119boko\u015b\u0107 40 mm | Rational 6014.1104"},"content":{"rendered":"<p>Bardzo dobre przewodnictwo cieplne gwarantuje r\u00f3wnomierne przyrumienienie. W pe\u0142ni wyprofilowane naro\u017ca pojemnika umo\u017cliwiaj\u0105ce serwowanie naro\u017cnych kawa\u0142k\u00f3w. Doskona\u0142e do pieczenia ciast z blachy, ciast piaskowych i pizzy.<\/p>\n","protected":false},"excerpt":{"rendered":"<p>Bardzo dobre przewodnictwo cieplne gwarantuje r\u00f3wnomierne przyrumienienie. W pe\u0142ni wyprofilowane naro\u017ca pojemnika umo\u017cliwiaj\u0105ce serwowanie naro\u017cnych kawa\u0142k\u00f3w. Doskona\u0142e do pieczenia ciast z blachy, ciast piaskowych i pizzy.<\/p>\n","protected":false},"featured_media":28504,"template":"","meta":{"_et_pb_use_builder":"","_et_pb_old_content":"","_et_gb_content_width":""},"pwb-brand":[1016],"product_brand":[],"product_cat":[131],"product_tag":[],"class_list":{"0":"post-67196","1":"product","2":"type-product","3":"status-publish","4":"has-post-thumbnail","6":"pwb-brand-rational","7":"product_cat-pojemniki-gn-emaliowane","9":"first","10":"instock","11":"taxable","12":"shipping-taxable","13":"purchasable","14":"product-type-simple"},"brands":[{"id":1016,"name":"Rational","slug":"rational"}],"_links":{"self":[{"href":"https:\/\/www.multifrigo.pl\/sklep\/wp-json\/wp\/v2\/product\/67196","targetHints":{"allow":["GET"]}}],"collection":[{"href":"https:\/\/www.multifrigo.pl\/sklep\/wp-json\/wp\/v2\/product"}],"about":[{"href":"https:\/\/www.multifrigo.pl\/sklep\/wp-json\/wp\/v2\/types\/product"}],"wp:featuredmedia":[{"embeddable":true,"href":"https:\/\/www.multifrigo.pl\/sklep\/wp-json\/wp\/v2\/media\/28504"}],"wp:attachment":[{"href":"https:\/\/www.multifrigo.pl\/sklep\/wp-json\/wp\/v2\/media?parent=67196"}],"wp:term":[{"taxonomy":"pwb-brand","embeddable":true,"href":"https:\/\/www.multifrigo.pl\/sklep\/wp-json\/wp\/v2\/pwb-brand?post=67196"},{"taxonomy":"product_brand","embeddable":true,"href":"https:\/\/www.multifrigo.pl\/sklep\/wp-json\/wp\/v2\/product_brand?post=67196"},{"taxonomy":"product_cat","embeddable":true,"href":"https:\/\/www.multifrigo.pl\/sklep\/wp-json\/wp\/v2\/product_cat?post=67196"},{"taxonomy":"product_tag","embeddable":true,"href":"https:\/\/www.multifrigo.pl\/sklep\/wp-json\/wp\/v2\/product_tag?post=67196"}],"curies":[{"name":"wp","href":"https:\/\/api.w.org\/{rel}","templated":true}]}}