{"id":67207,"date":"2025-05-26T17:29:30","date_gmt":"2025-05-26T17:29:30","guid":{"rendered":"https:\/\/www.multifrigo.pl\/sklep\/produkt\/blacha-do-pieczenia-perforowana-600x400-mm-z-powloka-trilax-rational-6015-1000\/"},"modified":"2025-05-26T23:13:19","modified_gmt":"2025-05-26T23:13:19","slug":"blacha-do-pieczenia-perforowana-600x400-mm-z-powloka-trilax-rational-6015-1000","status":"publish","type":"product","link":"https:\/\/www.multifrigo.pl\/sklep\/produkt\/blacha-do-pieczenia-perforowana-600x400-mm-z-powloka-trilax-rational-6015-1000\/","title":{"rendered":"Blacha do pieczenia, perforowana 600&#215;400 mm, z pow\u0142ok\u0105 TriLax | Rational 6015.1000"},"content":{"rendered":"<p>Blacha do pieczenia o wysokim przewodnictwie cieplnym z pow\u0142ok\u0105 zapobiegaj\u0105c\u0105 przywieraniu TriLax, gwarantuj\u0105ce perfekcyjne rezultaty pieczenia w temperaturach do 300 \u00b0C. <\/p>\n","protected":false},"excerpt":{"rendered":"<p>Blacha do pieczenia o wysokim przewodnictwie cieplnym z pow\u0142ok\u0105 zapobiegaj\u0105c\u0105 przywieraniu TriLax, gwarantuj\u0105ce perfekcyjne rezultaty pieczenia w temperaturach do 300 \u00b0C.<\/p>\n","protected":false},"featured_media":28515,"template":"","meta":{"_et_pb_use_builder":"","_et_pb_old_content":"","_et_gb_content_width":""},"pwb-brand":[1016],"product_brand":[],"product_cat":[1018],"product_tag":[],"class_list":{"0":"post-67207","1":"product","2":"type-product","3":"status-publish","4":"has-post-thumbnail","6":"pwb-brand-rational","7":"product_cat-blachy-do-pieczenia-gn","9":"first","10":"instock","11":"taxable","12":"shipping-taxable","13":"purchasable","14":"product-type-simple"},"brands":[{"id":1016,"name":"Rational","slug":"rational"}],"_links":{"self":[{"href":"https:\/\/www.multifrigo.pl\/sklep\/wp-json\/wp\/v2\/product\/67207","targetHints":{"allow":["GET"]}}],"collection":[{"href":"https:\/\/www.multifrigo.pl\/sklep\/wp-json\/wp\/v2\/product"}],"about":[{"href":"https:\/\/www.multifrigo.pl\/sklep\/wp-json\/wp\/v2\/types\/product"}],"wp:featuredmedia":[{"embeddable":true,"href":"https:\/\/www.multifrigo.pl\/sklep\/wp-json\/wp\/v2\/media\/28515"}],"wp:attachment":[{"href":"https:\/\/www.multifrigo.pl\/sklep\/wp-json\/wp\/v2\/media?parent=67207"}],"wp:term":[{"taxonomy":"pwb-brand","embeddable":true,"href":"https:\/\/www.multifrigo.pl\/sklep\/wp-json\/wp\/v2\/pwb-brand?post=67207"},{"taxonomy":"product_brand","embeddable":true,"href":"https:\/\/www.multifrigo.pl\/sklep\/wp-json\/wp\/v2\/product_brand?post=67207"},{"taxonomy":"product_cat","embeddable":true,"href":"https:\/\/www.multifrigo.pl\/sklep\/wp-json\/wp\/v2\/product_cat?post=67207"},{"taxonomy":"product_tag","embeddable":true,"href":"https:\/\/www.multifrigo.pl\/sklep\/wp-json\/wp\/v2\/product_tag?post=67207"}],"curies":[{"name":"wp","href":"https:\/\/api.w.org\/{rel}","templated":true}]}}