{"id":67208,"date":"2025-05-26T17:29:33","date_gmt":"2025-05-26T17:29:33","guid":{"rendered":"https:\/\/www.multifrigo.pl\/sklep\/produkt\/blacha-do-pieczenia-perforowana-gn-1-1-z-powloka-trilax-rational-6015-1103\/"},"modified":"2025-05-26T23:13:20","modified_gmt":"2025-05-26T23:13:20","slug":"blacha-do-pieczenia-perforowana-gn-1-1-z-powloka-trilax-rational-6015-1103","status":"publish","type":"product","link":"https:\/\/www.multifrigo.pl\/sklep\/produkt\/blacha-do-pieczenia-perforowana-gn-1-1-z-powloka-trilax-rational-6015-1103\/","title":{"rendered":"Blacha do pieczenia, perforowana GN 1\/1, z pow\u0142ok\u0105 TriLax | Rational 6015.1103"},"content":{"rendered":"<p>Blacha do pieczenia o wysokim przewodnictwie cieplnym z pow\u0142ok\u0105 zapobiegaj\u0105c\u0105 przywieraniu TriLax, gwarantuj\u0105ce perfekcyjne rezultaty pieczenia w temperaturach do 300 \u00b0C. <\/p>\n","protected":false},"excerpt":{"rendered":"<p>Blacha do pieczenia o wysokim przewodnictwie cieplnym z pow\u0142ok\u0105 zapobiegaj\u0105c\u0105 przywieraniu TriLax, gwarantuj\u0105ce perfekcyjne rezultaty pieczenia w temperaturach do 300 \u00b0C.<\/p>\n","protected":false},"featured_media":28516,"template":"","meta":{"_et_pb_use_builder":"","_et_pb_old_content":"","_et_gb_content_width":""},"pwb-brand":[1016],"product_brand":[],"product_cat":[1018],"product_tag":[],"class_list":{"0":"post-67208","1":"product","2":"type-product","3":"status-publish","4":"has-post-thumbnail","6":"pwb-brand-rational","7":"product_cat-blachy-do-pieczenia-gn","9":"first","10":"instock","11":"taxable","12":"shipping-taxable","13":"purchasable","14":"product-type-simple"},"brands":[{"id":1016,"name":"Rational","slug":"rational"}],"_links":{"self":[{"href":"https:\/\/www.multifrigo.pl\/sklep\/wp-json\/wp\/v2\/product\/67208","targetHints":{"allow":["GET"]}}],"collection":[{"href":"https:\/\/www.multifrigo.pl\/sklep\/wp-json\/wp\/v2\/product"}],"about":[{"href":"https:\/\/www.multifrigo.pl\/sklep\/wp-json\/wp\/v2\/types\/product"}],"wp:featuredmedia":[{"embeddable":true,"href":"https:\/\/www.multifrigo.pl\/sklep\/wp-json\/wp\/v2\/media\/28516"}],"wp:attachment":[{"href":"https:\/\/www.multifrigo.pl\/sklep\/wp-json\/wp\/v2\/media?parent=67208"}],"wp:term":[{"taxonomy":"pwb-brand","embeddable":true,"href":"https:\/\/www.multifrigo.pl\/sklep\/wp-json\/wp\/v2\/pwb-brand?post=67208"},{"taxonomy":"product_brand","embeddable":true,"href":"https:\/\/www.multifrigo.pl\/sklep\/wp-json\/wp\/v2\/product_brand?post=67208"},{"taxonomy":"product_cat","embeddable":true,"href":"https:\/\/www.multifrigo.pl\/sklep\/wp-json\/wp\/v2\/product_cat?post=67208"},{"taxonomy":"product_tag","embeddable":true,"href":"https:\/\/www.multifrigo.pl\/sklep\/wp-json\/wp\/v2\/product_tag?post=67208"}],"curies":[{"name":"wp","href":"https:\/\/api.w.org\/{rel}","templated":true}]}}